{"id":1069942,"date":"2025-12-05T16:55:16","date_gmt":"2025-12-05T15:55:16","guid":{"rendered":"https:\/\/www.claret.cat\/llibre\/anatomia-para-el-artista-2025-9791387881085\/"},"modified":"2025-12-24T10:55:26","modified_gmt":"2025-12-24T09:55:26","slug":"anatomia-para-el-artista-2025-9791387881085","status":"publish","type":"product","link":"https:\/\/www.claret.cat\/es\/libro\/anatomia-para-el-artista-2025-9791387881085\/","title":{"rendered":"ANATOM\u00cdA PARA EL ARTISTA (2025)"},"content":{"rendered":"<p>* Una interacci\u00f3n entre dibujo y fotograf\u00eda que ilustra la relaci\u00f3n entre el aspecto superficial de la forma humana y las complejidades de su estructura subyacente.<br \/> * Lecciones pr\u00e1cticas de dibujo para visualizar y dibujar cada parte del cuerpo.<br \/> * Obra de referencia ideal e indispensable para todos los interesados en obtener una amplia perspectiva contempor\u00e1nea del arte de dibujar la figura humana.<\/p>\n<p> Aprenda a observar el interior del cuerpo humano para dibujar los grupos musculares, la fuerza del esqueleto, el equilibrio, la postura y la gracia. Las seis lecciones de dibujo ayudan al lector a concebir el cuerpo humano desde una perspectiva nueva al comprender t\u00e9cnicas y posturas que imaginativamente muestran c\u00f3mo observar y c\u00f3mo dibujar la estructura \u00f3sea, la cabeza, la caja tor\u00e1cica, la pelvis, las manos y los pies.<\/p>\n<p> Con su an\u00e1lisis de diez obras maestras, la autora nos transmite su conocimiento y la inspiraci\u00f3n de grandes artistas del pasado, desde la obra de Holbein Cristo yacente hasta Habitaci\u00f3n de hotel, de Edward Hopper. En cada una de estas lecciones tambi\u00e9n nos presenta la fotograf\u00eda de un modelo en la misma pose, para poder establecer comparaciones anat\u00f3micas sugerentes.<\/p>\n","protected":false},"excerpt":{"rendered":"<p>SARAH SIMBLET<\/p>\n","protected":false},"featured_media":1070566,"template":"","meta":{"_acf_changed":false,"om_disable_all_campaigns":false,"rs_blank_template":"","rs_page_bg_color":"","slide_template_v7":"","inline_featured_image":false,"_monsterinsights_skip_tracking":false,"_monsterinsights_sitenote_active":false,"_monsterinsights_sitenote_note":"","_monsterinsights_sitenote_category":0},"product_brand":[],"product_cat":[110,560],"product_tag":[],"class_list":{"0":"post-1069942","1":"product","2":"type-product","3":"status-publish","4":"has-post-thumbnail","6":"product_cat-art","7":"product_cat-arte","9":"first","10":"instock","11":"taxable","12":"shipping-taxable","13":"purchasable","14":"product-type-simple"},"acf":{"autor":"SARAH SIMBLET","codart":"138788108","libros-coleccion":"","ediciones":"1","encuadernacion":"Carton\u00e9","fecha_de_publicacion":"01\/12\/2025","novedad":"1","paginas":"256","subtitulo":"","orden":"0","portada":"0","idioma":"spa","booktrailer":"","resenas":"","editorial":[{"ID":147554,"post_author":"3","post_date":"2022-10-14 11:51:27","post_date_gmt":"2022-10-14 09:51:27","post_content":"","post_title":"BLUME (Naturart)","post_excerpt":"","post_status":"publish","comment_status":"closed","ping_status":"closed","post_password":"","post_name":"blume-naturart","to_ping":"","pinged":"","post_modified":"2022-10-14 11:51:27","post_modified_gmt":"2022-10-14 09:51:27","post_content_filtered":"","post_parent":0,"guid":"http:\/\/dev.claret.cat\/editorial\/blume-naturart\/","menu_order":0,"post_type":"editorial","post_mime_type":"","comment_count":"0","filter":"raw"}]},"aioseo_notices":[],"_links":{"self":[{"href":"https:\/\/www.claret.cat\/es\/wp-json\/wp\/v2\/product\/1069942","targetHints":{"allow":["GET"]}}],"collection":[{"href":"https:\/\/www.claret.cat\/es\/wp-json\/wp\/v2\/product"}],"about":[{"href":"https:\/\/www.claret.cat\/es\/wp-json\/wp\/v2\/types\/product"}],"wp:featuredmedia":[{"embeddable":true,"href":"https:\/\/www.claret.cat\/es\/wp-json\/wp\/v2\/media\/1070566"}],"wp:attachment":[{"href":"https:\/\/www.claret.cat\/es\/wp-json\/wp\/v2\/media?parent=1069942"}],"wp:term":[{"taxonomy":"product_brand","embeddable":true,"href":"https:\/\/www.claret.cat\/es\/wp-json\/wp\/v2\/product_brand?post=1069942"},{"taxonomy":"product_cat","embeddable":true,"href":"https:\/\/www.claret.cat\/es\/wp-json\/wp\/v2\/product_cat?post=1069942"},{"taxonomy":"product_tag","embeddable":true,"href":"https:\/\/www.claret.cat\/es\/wp-json\/wp\/v2\/product_tag?post=1069942"}],"curies":[{"name":"wp","href":"https:\/\/api.w.org\/{rel}","templated":true}]}}