{"id":1070341,"date":"2025-12-11T16:15:18","date_gmt":"2025-12-11T15:15:18","guid":{"rendered":"https:\/\/www.claret.cat\/llibre\/libro-de-sonidos-animales-de-compania-9791039522342\/"},"modified":"2026-04-10T10:55:12","modified_gmt":"2026-04-10T08:55:12","slug":"libro-de-sonidos-animales-de-compania-9791039522342","status":"publish","type":"product","link":"https:\/\/www.claret.cat\/es\/libro\/libro-de-sonidos-animales-de-compania-9791039522342\/","title":{"rendered":"LIBRO DE SONIDOS. ANIMALES DE COMPA\u00d1\u00cdA"},"content":{"rendered":"<p>\u00a1Escucha y reconoce las voces del gato, el perro, el conejillo de Indias, el loro y el canario!<\/p>\n<p> Disfruta una y otra vez de los sonidos de los animales de compa\u00f1\u00eda con este libro cuidadosamente ilustrado y sus 5 mecanismos sonoros de larga duraci\u00f3n.<\/p>\n<p> Incluye una \u00faltima doble p\u00e1gina que muestra todos los animales de compa\u00f1\u00eda presentados a lo largo del libro con fotograf\u00edas reales, \u00a1perfectas para estimular el desarrollo del lenguaje y el aprendizaje de vocabulario de los m\u00e1s peque\u00f1os de la casa!<\/p>\n<p> Fabricada en cart\u00f3n grueso con esquinas redondeadas y con 5 sonidos para reconocer, la colecci\u00f3n Mis primeras im\u00e1genes para escuchar presenta preciosas ilustraciones y cuidados sonidos para disfrutar y descubrir la naturaleza, los transportes, los animales y sus cr\u00edas, o los instrumentos.<\/p>\n","protected":false},"excerpt":{"rendered":"<p>AA.VV.<\/p>\n","protected":false},"featured_media":1087793,"template":"","meta":{"_acf_changed":false,"om_disable_all_campaigns":false,"rs_blank_template":"","rs_page_bg_color":"","slide_template_v7":"","inline_featured_image":false,"_monsterinsights_skip_tracking":false,"_monsterinsights_sitenote_active":false,"_monsterinsights_sitenote_note":"","_monsterinsights_sitenote_category":0},"product_brand":[],"product_cat":[131,361],"product_tag":[],"class_list":{"0":"post-1070341","1":"product","2":"type-product","3":"status-publish","4":"has-post-thumbnail","6":"product_cat-contes-per-infants-0-6-anys","7":"product_cat-cuentos-para-ninos-0-6-anos","9":"first","10":"instock","11":"taxable","12":"shipping-taxable","13":"purchasable","14":"product-type-simple"},"acf":{"autor":"AA.VV.","codart":"103952234","libros-coleccion":"FORA DE COL.LECCI\u00d3","ediciones":"1","encuadernacion":"Carpeta","fecha_de_publicacion":"01\/01\/2023","novedad":"1","paginas":"12","subtitulo":"","orden":"0","portada":"0","idioma":"spa","booktrailer":"","resenas":"","editorial":[{"ID":1056500,"post_author":"3","post_date":"2025-10-01 13:20:59","post_date_gmt":"2025-10-01 11:20:59","post_content":"","post_title":"Planeta-De Agostini","post_excerpt":"","post_status":"publish","comment_status":"closed","ping_status":"closed","post_password":"","post_name":"planeta-de-agostini","to_ping":"","pinged":"","post_modified":"2025-10-01 13:20:59","post_modified_gmt":"2025-10-01 11:20:59","post_content_filtered":"","post_parent":0,"guid":"https:\/\/www.claret.cat\/editorial\/planeta-de-agostini\/","menu_order":0,"post_type":"editorial","post_mime_type":"","comment_count":"0","filter":"raw"}]},"aioseo_notices":[],"_links":{"self":[{"href":"https:\/\/www.claret.cat\/es\/wp-json\/wp\/v2\/product\/1070341","targetHints":{"allow":["GET"]}}],"collection":[{"href":"https:\/\/www.claret.cat\/es\/wp-json\/wp\/v2\/product"}],"about":[{"href":"https:\/\/www.claret.cat\/es\/wp-json\/wp\/v2\/types\/product"}],"wp:featuredmedia":[{"embeddable":true,"href":"https:\/\/www.claret.cat\/es\/wp-json\/wp\/v2\/media\/1087793"}],"wp:attachment":[{"href":"https:\/\/www.claret.cat\/es\/wp-json\/wp\/v2\/media?parent=1070341"}],"wp:term":[{"taxonomy":"product_brand","embeddable":true,"href":"https:\/\/www.claret.cat\/es\/wp-json\/wp\/v2\/product_brand?post=1070341"},{"taxonomy":"product_cat","embeddable":true,"href":"https:\/\/www.claret.cat\/es\/wp-json\/wp\/v2\/product_cat?post=1070341"},{"taxonomy":"product_tag","embeddable":true,"href":"https:\/\/www.claret.cat\/es\/wp-json\/wp\/v2\/product_tag?post=1070341"}],"curies":[{"name":"wp","href":"https:\/\/api.w.org\/{rel}","templated":true}]}}