{"id":1070513,"date":"2025-12-12T17:55:27","date_gmt":"2025-12-12T16:55:27","guid":{"rendered":"https:\/\/www.claret.cat\/llibre\/caminando-hacia-la-esperanza-adviento-ciclo-a-9788428843287\/"},"modified":"2025-12-12T18:01:01","modified_gmt":"2025-12-12T17:01:01","slug":"caminando-hacia-la-esperanza-adviento-ciclo-a-9788428843287","status":"publish","type":"product","link":"https:\/\/www.claret.cat\/es\/libro\/caminando-hacia-la-esperanza-adviento-ciclo-a-9788428843287\/","title":{"rendered":"CAMINANDO HACIA LA ESPERANZA. ADVIENTO. CICLO A"},"content":{"rendered":"<p class='ql-align-justify'>\u201cAl abrir este libro,&nbsp;<strong><em>Caminando hacia la esperanza<\/em><\/strong>, encontramos una invitaci\u00f3n sencilla y profunda a vivir el Adviento como lo que es: un tiempo de gracia, de espera<\/p>\n<p class='ql-align-justify'>activa y de confianza en que Dios cumple sus promesas.<\/p>\n<p class='ql-align-justify'>La hermana&nbsp;<strong>Alicia Ruiz L\u00f3pez de Soria<\/strong>, religiosa de la Compa\u00f1\u00eda de Mar\u00eda, nos ofrece una propuesta que quiere ser camino concreto, alimento cotidiano y acompa\u00f1amiento espiritual para todos aquellos que desean preparar el coraz\u00f3n a la llegada del Salvador.\u201d<\/p>\n<p><\/p>\n","protected":false},"excerpt":{"rendered":"<p>RUIZ L\u00d3PEZ DE SORIA, ALICIA<\/p>\n","protected":false},"featured_media":1070522,"template":"","meta":{"_acf_changed":false,"om_disable_all_campaigns":false,"rs_blank_template":"","rs_page_bg_color":"","slide_template_v7":"","inline_featured_image":false,"_monsterinsights_skip_tracking":false,"_monsterinsights_sitenote_active":false,"_monsterinsights_sitenote_note":"","_monsterinsights_sitenote_category":0},"product_brand":[],"product_cat":[225,483,221,480,227,389],"product_tag":[],"class_list":{"0":"post-1070513","1":"product","2":"type-product","3":"status-publish","4":"has-post-thumbnail","6":"product_cat-catecismes","7":"product_cat-catecismos","8":"product_cat-dadults","9":"product_cat-de-adultos","10":"product_cat-formacio","11":"product_cat-formacion","13":"first","14":"instock","15":"taxable","16":"shipping-taxable","17":"purchasable","18":"product-type-simple"},"acf":{"autor":"RUIZ L\u00d3PEZ DE SORIA, ALICIA","codart":"842884328","libros-coleccion":"PPC - FUERA DE COLECCI\u00d3N","ediciones":"1","encuadernacion":"R\u00fastica","fecha_de_publicacion":"12\/12\/2025","novedad":"1","paginas":"280","subtitulo":"ADVIENTO. CICLO A","orden":"0","portada":"0","idioma":"spa","booktrailer":"","resenas":"","editorial":[{"ID":6335,"post_author":"3","post_date":"2022-07-28 17:49:59","post_date_gmt":"2022-07-28 15:49:59","post_content":"","post_title":"PPC altres","post_excerpt":"","post_status":"publish","comment_status":"closed","ping_status":"closed","post_password":"","post_name":"ppc-altres","to_ping":"","pinged":"","post_modified":"2022-07-28 17:49:59","post_modified_gmt":"2022-07-28 15:49:59","post_content_filtered":"","post_parent":0,"guid":"http:\/\/dev.claret.cat\/editorial\/ppc-altres\/","menu_order":0,"post_type":"editorial","post_mime_type":"","comment_count":"0","filter":"raw"}]},"aioseo_notices":[],"_links":{"self":[{"href":"https:\/\/www.claret.cat\/es\/wp-json\/wp\/v2\/product\/1070513","targetHints":{"allow":["GET"]}}],"collection":[{"href":"https:\/\/www.claret.cat\/es\/wp-json\/wp\/v2\/product"}],"about":[{"href":"https:\/\/www.claret.cat\/es\/wp-json\/wp\/v2\/types\/product"}],"wp:featuredmedia":[{"embeddable":true,"href":"https:\/\/www.claret.cat\/es\/wp-json\/wp\/v2\/media\/1070522"}],"wp:attachment":[{"href":"https:\/\/www.claret.cat\/es\/wp-json\/wp\/v2\/media?parent=1070513"}],"wp:term":[{"taxonomy":"product_brand","embeddable":true,"href":"https:\/\/www.claret.cat\/es\/wp-json\/wp\/v2\/product_brand?post=1070513"},{"taxonomy":"product_cat","embeddable":true,"href":"https:\/\/www.claret.cat\/es\/wp-json\/wp\/v2\/product_cat?post=1070513"},{"taxonomy":"product_tag","embeddable":true,"href":"https:\/\/www.claret.cat\/es\/wp-json\/wp\/v2\/product_tag?post=1070513"}],"curies":[{"name":"wp","href":"https:\/\/api.w.org\/{rel}","templated":true}]}}