{"id":107061,"date":"2022-10-12T09:26:28","date_gmt":"2022-10-12T07:26:28","guid":{"rendered":"http:\/\/dev.claret.cat\/producte\/mil-colores-en-la-granja\/"},"modified":"2023-01-28T21:07:25","modified_gmt":"2023-01-28T20:07:25","slug":"mil-colores-en-la-granja-9788855061698","status":"publish","type":"product","link":"https:\/\/www.claret.cat\/es\/libro\/mil-colores-en-la-granja-9788855061698\/","title":{"rendered":"MIL COLORES EN LA GRANJA"},"content":{"rendered":"<p>Un libro especial y divertid\u00edsimo para leer, aprender sobre lo que sucede en una granja \u00a1y colorear sin fin con el rotulador m\u00e1gico! Ll\u00e9nalo de agua, colorea las p\u00e1ginas y cuando se sequen, ver\u00e1s que vuelven a ser blancas, como por arte de magia. Y as\u00ed, \u00a1el juego nunca termina!<\/p>\n","protected":false},"excerpt":{"rendered":"<p>BOLAFFIO RAFFAELLA<\/p>\n","protected":false},"featured_media":107062,"template":"","meta":{"_acf_changed":false,"om_disable_all_campaigns":false,"rs_blank_template":"","rs_page_bg_color":"","slide_template_v7":"","inline_featured_image":false,"_monsterinsights_skip_tracking":false,"_monsterinsights_sitenote_active":false,"_monsterinsights_sitenote_note":"","_monsterinsights_sitenote_category":0},"product_brand":[],"product_cat":[131],"product_tag":[],"class_list":{"0":"post-107061","1":"product","2":"type-product","3":"status-publish","4":"has-post-thumbnail","6":"product_cat-contes-per-infants-0-6-anys","8":"first","9":"instock","10":"taxable","11":"shipping-taxable","12":"purchasable","13":"product-type-simple"},"acf":{"editorial":[{"ID":148127,"post_author":"3","post_date":"2022-10-14 11:55:51","post_date_gmt":"2022-10-14 09:55:51","post_content":"","post_title":"Europa Ediciones","post_excerpt":"","post_status":"publish","comment_status":"closed","ping_status":"closed","post_password":"","post_name":"europa-ediciones","to_ping":"","pinged":"","post_modified":"2022-10-14 11:55:51","post_modified_gmt":"2022-10-14 09:55:51","post_content_filtered":"","post_parent":0,"guid":"http:\/\/dev.claret.cat\/editorial\/europa-ediciones\/","menu_order":0,"post_type":"editorial","post_mime_type":"","comment_count":"0","filter":"raw"}],"autor":"BOLAFFIO RAFFAELLA","codart":"885506169","libros-coleccion":"FORA DE COL.LECCI\u00d3","ediciones":"1","encuadernacion":"Carpeta","fecha_de_publicacion":"01\/08\/2020","novedad":"1","paginas":"0","subtitulo":"","orden":"0","portada":"0","idioma":"spa","autores-libros":[{"ID":151795,"post_author":"3","post_date":"2022-10-14 14:43:41","post_date_gmt":"2022-10-14 12:43:41","post_content":"","post_title":"BOLAFFIO RAFFAELLA","post_excerpt":"","post_status":"publish","comment_status":"closed","ping_status":"closed","post_password":"","post_name":"bolaffio-raffaella","to_ping":"","pinged":"","post_modified":"2022-10-14 14:43:41","post_modified_gmt":"2022-10-14 12:43:41","post_content_filtered":"","post_parent":0,"guid":"http:\/\/dev.claret.cat\/autor\/bolaffio-raffaella\/","menu_order":0,"post_type":"autor","post_mime_type":"","comment_count":"0","filter":"raw"}]},"aioseo_notices":[],"_links":{"self":[{"href":"https:\/\/www.claret.cat\/es\/wp-json\/wp\/v2\/product\/107061","targetHints":{"allow":["GET"]}}],"collection":[{"href":"https:\/\/www.claret.cat\/es\/wp-json\/wp\/v2\/product"}],"about":[{"href":"https:\/\/www.claret.cat\/es\/wp-json\/wp\/v2\/types\/product"}],"wp:featuredmedia":[{"embeddable":true,"href":"https:\/\/www.claret.cat\/es\/wp-json\/wp\/v2\/media\/107062"}],"wp:attachment":[{"href":"https:\/\/www.claret.cat\/es\/wp-json\/wp\/v2\/media?parent=107061"}],"wp:term":[{"taxonomy":"product_brand","embeddable":true,"href":"https:\/\/www.claret.cat\/es\/wp-json\/wp\/v2\/product_brand?post=107061"},{"taxonomy":"product_cat","embeddable":true,"href":"https:\/\/www.claret.cat\/es\/wp-json\/wp\/v2\/product_cat?post=107061"},{"taxonomy":"product_tag","embeddable":true,"href":"https:\/\/www.claret.cat\/es\/wp-json\/wp\/v2\/product_tag?post=107061"}],"curies":[{"name":"wp","href":"https:\/\/api.w.org\/{rel}","templated":true}]}}