{"id":107067,"date":"2022-10-12T09:26:33","date_gmt":"2022-10-12T07:26:33","guid":{"rendered":"http:\/\/dev.claret.cat\/producte\/milers-de-colors-a-la-granja\/"},"modified":"2023-01-28T20:51:45","modified_gmt":"2023-01-28T19:51:45","slug":"milers-de-colors-a-la-granja-9788855061667","status":"publish","type":"product","link":"https:\/\/www.claret.cat\/es\/libro\/milers-de-colors-a-la-granja-9788855061667\/","title":{"rendered":"MILERS DE COLORS A LA GRANJA"},"content":{"rendered":"<p>Un llibre especial i molt divertit per llegir, aprendre sobre el m\u00f3n de la granja i pintar sense descans amb el retolador m\u00e0gic! Omple&#8221;l d&#8221;aigua, pinta les p\u00e0gines i, quan s&#8221;asseguin tornaran a ser blanques com per art de m\u00e0gia. El joc no acaba mai!<\/p>\n","protected":false},"excerpt":{"rendered":"<p>BOLAFFIO RAFFAELLA<\/p>\n","protected":false},"featured_media":107068,"template":"","meta":{"_acf_changed":false,"om_disable_all_campaigns":false,"rs_blank_template":"","rs_page_bg_color":"","slide_template_v7":"","inline_featured_image":false,"_monsterinsights_skip_tracking":false,"_monsterinsights_sitenote_active":false,"_monsterinsights_sitenote_note":"","_monsterinsights_sitenote_category":0},"product_brand":[],"product_cat":[131],"product_tag":[],"class_list":{"0":"post-107067","1":"product","2":"type-product","3":"status-publish","4":"has-post-thumbnail","6":"product_cat-contes-per-infants-0-6-anys","8":"first","9":"instock","10":"taxable","11":"shipping-taxable","12":"purchasable","13":"product-type-simple"},"acf":{"editorial":[{"ID":148127,"post_author":"3","post_date":"2022-10-14 11:55:51","post_date_gmt":"2022-10-14 09:55:51","post_content":"","post_title":"Europa Ediciones","post_excerpt":"","post_status":"publish","comment_status":"closed","ping_status":"closed","post_password":"","post_name":"europa-ediciones","to_ping":"","pinged":"","post_modified":"2022-10-14 11:55:51","post_modified_gmt":"2022-10-14 09:55:51","post_content_filtered":"","post_parent":0,"guid":"http:\/\/dev.claret.cat\/editorial\/europa-ediciones\/","menu_order":0,"post_type":"editorial","post_mime_type":"","comment_count":"0","filter":"raw"}],"autor":"BOLAFFIO RAFFAELLA","codart":"885506166","libros-coleccion":"FORA DE COL.LECCI\u00d3","ediciones":"1","encuadernacion":"Carpeta","fecha_de_publicacion":"01\/08\/2020","novedad":"1","paginas":"0","subtitulo":"","orden":"0","portada":"0","idioma":"cat","autores-libros":[{"ID":151795,"post_author":"3","post_date":"2022-10-14 14:43:41","post_date_gmt":"2022-10-14 12:43:41","post_content":"","post_title":"BOLAFFIO RAFFAELLA","post_excerpt":"","post_status":"publish","comment_status":"closed","ping_status":"closed","post_password":"","post_name":"bolaffio-raffaella","to_ping":"","pinged":"","post_modified":"2022-10-14 14:43:41","post_modified_gmt":"2022-10-14 12:43:41","post_content_filtered":"","post_parent":0,"guid":"http:\/\/dev.claret.cat\/autor\/bolaffio-raffaella\/","menu_order":0,"post_type":"autor","post_mime_type":"","comment_count":"0","filter":"raw"}]},"aioseo_notices":[],"_links":{"self":[{"href":"https:\/\/www.claret.cat\/es\/wp-json\/wp\/v2\/product\/107067","targetHints":{"allow":["GET"]}}],"collection":[{"href":"https:\/\/www.claret.cat\/es\/wp-json\/wp\/v2\/product"}],"about":[{"href":"https:\/\/www.claret.cat\/es\/wp-json\/wp\/v2\/types\/product"}],"wp:featuredmedia":[{"embeddable":true,"href":"https:\/\/www.claret.cat\/es\/wp-json\/wp\/v2\/media\/107068"}],"wp:attachment":[{"href":"https:\/\/www.claret.cat\/es\/wp-json\/wp\/v2\/media?parent=107067"}],"wp:term":[{"taxonomy":"product_brand","embeddable":true,"href":"https:\/\/www.claret.cat\/es\/wp-json\/wp\/v2\/product_brand?post=107067"},{"taxonomy":"product_cat","embeddable":true,"href":"https:\/\/www.claret.cat\/es\/wp-json\/wp\/v2\/product_cat?post=107067"},{"taxonomy":"product_tag","embeddable":true,"href":"https:\/\/www.claret.cat\/es\/wp-json\/wp\/v2\/product_tag?post=107067"}],"curies":[{"name":"wp","href":"https:\/\/api.w.org\/{rel}","templated":true}]}}