{"id":107097,"date":"2022-10-12T09:26:59","date_gmt":"2022-10-12T07:26:59","guid":{"rendered":"http:\/\/dev.claret.cat\/producte\/toda-la-verdad\/"},"modified":"2025-01-31T14:09:05","modified_gmt":"2025-01-31T13:09:05","slug":"toda-la-verdad-9788417804411","status":"publish","type":"product","link":"https:\/\/www.claret.cat\/es\/libro\/toda-la-verdad-9788417804411\/","title":{"rendered":"TODA LA VERDAD"},"content":{"rendered":"<p>La cr\u00f3nica m\u00e1s completa y rigurosa que explica, como no se ha hecho nunca antes, el trasfondo de unos hechos que han cambiado la historia de Catalunya. Una investigaci\u00f3n period\u00edstica de primer orden sobre el conflicto pol\u00edtico m\u00e1s importante de nuestro pa\u00eds, sin h\u00e9roes ni traidores, sin reproches ni alabanzas. Simplemente toda la verdad.<br \/> Seis periodistas de diferentes medios de comunicaci\u00f3n han unido su talento, sus recursos y sus fuentes de informaci\u00f3n con el objeto de entrevistar con discreci\u00f3n a m\u00e1s de un centenar de dirigentes pol\u00edticos, l\u00edderes presos y exiliados, activistas sociales, asesores, miembros del Estado Mayor del Proc\u00e9s y colaboradores que protagonizaron el 1-O. M\u00e1s de dos a\u00f1os de trabajo period\u00edstico, nombres y apellidos, documentaci\u00f3n y revelaciones in\u00e9ditas hasta el momento. \u00bfC\u00f3mo fue la reuni\u00f3n fundacional del Estado Mayor, el instrumento que prepar\u00f3 el refer\u00e9ndum en secreto? \u00bfCu\u00e1ndo y c\u00f3mo se gest\u00f3 el encargo pol\u00edtico de las urnas? \u00bfEn qu\u00e9 momento se torci\u00f3 la relaci\u00f3n entre Puigdemont y Junqueras? Las respuestas  a estos interrogantes y los detalles de episodios que hasta ahora permanec\u00edan en la sombra, como el encuentro en una casa del Vall\u00e9s donde algunos consellers que ten\u00edan que marcharse a B\u00e9lgica decidieron quedarse, o el discurso de proclamaci\u00f3n de la independencia escrito por Quim Torra que Puigdemont no lleg\u00f3 a leer en p\u00fablico, hacen de esta investigaci\u00f3n un documento imprescindible para entender un per\u00edodo clave.<br \/> \u00abSe convocan diferentes reuniones en las que se aborda el asunto y se intenta dar respuesta a las preguntas esenciales: \u00bfEstamos dispuestos a llegar hasta el final, caiga quien caiga? \u00bfEstar\u00edamos dispuestos a asumir costes en forma de vidas humanas? \u00bfDar\u00edan apoyo los Mossos d&#8221;Esquadra a un desaf\u00edo en toda regla? La respuesta de los principales dirigentes del Proc\u00e9s siempre es la misma: negativa. Y esta firmeza por no asumir la violencia ni provocarla, a pesar de que hay agentes de los Mossos dispuestos a hacer \u00ablo que haga falta\u00bb para proteger al Govern, es la que hace que el Proc\u00e9s se derrumbe\u00bb.<\/p>\n","protected":false},"excerpt":{"rendered":"<p>ANTXUSTEGUI ETXEARTE, ODEI \/ TOM\u00c0S I GIRONI, NEUS \/ CASAS I MANRESA, FERRAN \/ M<\/p>\n","protected":false},"featured_media":107098,"template":"","meta":{"_acf_changed":false,"om_disable_all_campaigns":false,"rs_blank_template":"","rs_page_bg_color":"","slide_template_v7":"","inline_featured_image":false,"_monsterinsights_skip_tracking":false,"_monsterinsights_sitenote_active":false,"_monsterinsights_sitenote_note":"","_monsterinsights_sitenote_category":0},"product_brand":[],"product_cat":[430,153,569,120],"product_tag":[],"class_list":{"0":"post-107097","1":"product","2":"type-product","3":"status-publish","4":"has-post-thumbnail","6":"product_cat-cataluna","7":"product_cat-catalunya","8":"product_cat-politica-2_humanidades-spa","9":"product_cat-politica","11":"first","12":"instock","13":"taxable","14":"shipping-taxable","15":"purchasable","16":"product-type-simple"},"acf":{"autor":"ANTXUSTEGUI ETXEARTE, ODEI \/ TOM\u00c0S I GIRONI, NEUS \/ CASAS I MANRESA, FERRAN \/ M","codart":"841780441","libros-coleccion":"CASTELLANO","ediciones":"1","encuadernacion":"R\u00fastica","fecha_de_publicacion":"01\/03\/2020","novedad":"1","paginas":"364","subtitulo":"","orden":"0","portada":"0","idioma":"spa","editorial":[{"ID":147453,"post_author":"3","post_date":"2022-10-14 11:50:42","post_date_gmt":"2022-10-14 09:50:42","post_content":"","post_title":"ARA LLIBRES","post_excerpt":"","post_status":"publish","comment_status":"closed","ping_status":"closed","post_password":"","post_name":"ara-llibres","to_ping":"","pinged":"","post_modified":"2022-10-14 11:50:42","post_modified_gmt":"2022-10-14 09:50:42","post_content_filtered":"","post_parent":0,"guid":"http:\/\/dev.claret.cat\/editorial\/ara-llibres\/","menu_order":0,"post_type":"editorial","post_mime_type":"","comment_count":"0","filter":"raw"}],"autores-libros":[{"ID":155892,"post_author":"3","post_date":"2022-10-14 15:16:27","post_date_gmt":"2022-10-14 13:16:27","post_content":"","post_title":"FERRAN CASAS I MANRESA","post_excerpt":"","post_status":"publish","comment_status":"closed","ping_status":"closed","post_password":"","post_name":"ferran-casas-i-manresa","to_ping":"","pinged":"","post_modified":"2022-10-14 15:16:27","post_modified_gmt":"2022-10-14 13:16:27","post_content_filtered":"","post_parent":0,"guid":"http:\/\/dev.claret.cat\/autor\/ferran-casas-i-manresa\/","menu_order":0,"post_type":"autor","post_mime_type":"","comment_count":"0","filter":"raw"},{"ID":166102,"post_author":"3","post_date":"2022-10-14 18:00:26","post_date_gmt":"2022-10-14 16:00:26","post_content":"","post_title":"ODEI ANTXUSTEGUI ETXEARTE","post_excerpt":"","post_status":"publish","comment_status":"closed","ping_status":"closed","post_password":"","post_name":"odei-antxustegui-etxearte","to_ping":"","pinged":"","post_modified":"2022-10-14 18:00:26","post_modified_gmt":"2022-10-14 16:00:26","post_content_filtered":"","post_parent":0,"guid":"http:\/\/dev.claret.cat\/autor\/odei-antxustegui-etxearte\/","menu_order":0,"post_type":"autor","post_mime_type":"","comment_count":"0","filter":"raw"},{"ID":165771,"post_author":"3","post_date":"2022-10-14 17:57:49","post_date_gmt":"2022-10-14 15:57:49","post_content":"","post_title":"NEUS TOM\u00c0S I GIRONI","post_excerpt":"","post_status":"publish","comment_status":"closed","ping_status":"closed","post_password":"","post_name":"neus-tomas-i-gironi","to_ping":"","pinged":"","post_modified":"2022-10-14 17:57:49","post_modified_gmt":"2022-10-14 15:57:49","post_content_filtered":"","post_parent":0,"guid":"http:\/\/dev.claret.cat\/autor\/neus-tomas-i-gironi\/","menu_order":0,"post_type":"autor","post_mime_type":"","comment_count":"0","filter":"raw"},{"ID":162846,"post_author":"3","post_date":"2022-10-14 17:34:16","post_date_gmt":"2022-10-14 15:34:16","post_content":"","post_title":"M","post_excerpt":"","post_status":"publish","comment_status":"closed","ping_status":"closed","post_password":"","post_name":"m","to_ping":"","pinged":"","post_modified":"2022-10-14 17:34:16","post_modified_gmt":"2022-10-14 15:34:16","post_content_filtered":"","post_parent":0,"guid":"http:\/\/dev.claret.cat\/autor\/m\/","menu_order":0,"post_type":"autor","post_mime_type":"","comment_count":"0","filter":"raw"}]},"aioseo_notices":[],"_links":{"self":[{"href":"https:\/\/www.claret.cat\/es\/wp-json\/wp\/v2\/product\/107097","targetHints":{"allow":["GET"]}}],"collection":[{"href":"https:\/\/www.claret.cat\/es\/wp-json\/wp\/v2\/product"}],"about":[{"href":"https:\/\/www.claret.cat\/es\/wp-json\/wp\/v2\/types\/product"}],"wp:featuredmedia":[{"embeddable":true,"href":"https:\/\/www.claret.cat\/es\/wp-json\/wp\/v2\/media\/107098"}],"wp:attachment":[{"href":"https:\/\/www.claret.cat\/es\/wp-json\/wp\/v2\/media?parent=107097"}],"wp:term":[{"taxonomy":"product_brand","embeddable":true,"href":"https:\/\/www.claret.cat\/es\/wp-json\/wp\/v2\/product_brand?post=107097"},{"taxonomy":"product_cat","embeddable":true,"href":"https:\/\/www.claret.cat\/es\/wp-json\/wp\/v2\/product_cat?post=107097"},{"taxonomy":"product_tag","embeddable":true,"href":"https:\/\/www.claret.cat\/es\/wp-json\/wp\/v2\/product_tag?post=107097"}],"curies":[{"name":"wp","href":"https:\/\/api.w.org\/{rel}","templated":true}]}}