{"id":1071154,"date":"2025-12-17T14:10:24","date_gmt":"2025-12-17T13:10:24","guid":{"rendered":"https:\/\/www.claret.cat\/llibre\/animalize-21-2-animalize-21-y-el-misterio-en-el-zoo-9788408310815\/"},"modified":"2026-01-27T17:52:21","modified_gmt":"2026-01-27T16:52:21","slug":"animalize-21-2-animalize-21-y-el-misterio-en-el-zoo-9788408310815","status":"publish","type":"product","link":"https:\/\/www.claret.cat\/es\/libro\/animalize-21-2-animalize-21-y-el-misterio-en-el-zoo-9788408310815\/","title":{"rendered":"ANIMALIZE 21 2. ANIMALIZE 21 Y EL MISTERIO EN EL ZOO"},"content":{"rendered":"<p>Despu\u00e9s del \u00e9xito del primer misterio de Animalize21, llega su caso m\u00e1s animal\u2026 y apestoso. \u00bfVas a perd\u00e9rtelo? \u00a1Libro con olores!<br \/> \u00a1Noticia de \u00faltima hora! El leofantop\u00f3tamo, el animal reci\u00e9n llegado al zoo de la ciudad, acaba de desaparecer. Eso solo puede ser obra de un\u2026 de un \u00a1zooc\u00f3pata!<br \/> Si quieres ver a un animal \u00fanico y echarle una mano a Animalize 21, tendr\u00e1s que demostrar tus dotes detectivescas. Te enfrentar\u00e1s a enigmas y acertijos, a retos y laberintos. Deber\u00e1s usar tu olfato, y es que en las p\u00e1ginas de este libro se incluyen 6 olores que te ayudar\u00e1n a resolver un misterio \u00e9pico.<br \/> \u00a0<br \/> Prep\u00e1rate para vivir una aventura interactiva aluflipante con Animalize y sus amigos.<br \/> \u00a0<br \/> Temas:<br \/> &#8211; Libro interactivo<br \/> &#8211; Aventura con tintes de misterio y mucho humor<br \/> &#8211; J\u00f3venes influencers<br \/> &#8211; Ficci\u00f3n para ni\u00f1os<\/p>\n","protected":false},"excerpt":{"rendered":"<p>ANIMALIZE21<\/p>\n","protected":false},"featured_media":1071155,"template":"","meta":{"_acf_changed":false,"om_disable_all_campaigns":false,"rs_blank_template":"","rs_page_bg_color":"","slide_template_v7":"","inline_featured_image":false,"_monsterinsights_skip_tracking":false,"_monsterinsights_sitenote_active":false,"_monsterinsights_sitenote_note":"","_monsterinsights_sitenote_category":0},"product_brand":[],"product_cat":[132,362],"product_tag":[],"class_list":{"0":"post-1071154","1":"product","2":"type-product","3":"status-publish","4":"has-post-thumbnail","6":"product_cat-lectures-per-preadolescents-6-12-anys","7":"product_cat-libros-preadolescentes-6-12-anos","9":"first","10":"instock","11":"taxable","12":"shipping-taxable","13":"purchasable","14":"product-type-simple"},"acf":{"autor":"ANIMALIZE21","codart":"840831081","libros-coleccion":"FORA DE COL.LECCI\u00d3","ediciones":"1","encuadernacion":"Carton\u00e9","fecha_de_publicacion":"01\/12\/2025","novedad":"1","paginas":"144","subtitulo":"LIBRO CON OLORES","orden":"0","portada":"0","idioma":"spa","booktrailer":"","resenas":"","editorial":[{"ID":6233,"post_author":"3","post_date":"2022-07-28 17:47:48","post_date_gmt":"2022-07-28 15:47:48","post_content":"","post_title":"EDITORIAL PLANETA","post_excerpt":"","post_status":"publish","comment_status":"closed","ping_status":"closed","post_password":"","post_name":"editorial-planeta","to_ping":"","pinged":"","post_modified":"2022-07-28 17:47:48","post_modified_gmt":"2022-07-28 15:47:48","post_content_filtered":"","post_parent":0,"guid":"http:\/\/dev.claret.cat\/editorial\/editorial-planeta\/","menu_order":0,"post_type":"editorial","post_mime_type":"","comment_count":"0","filter":"raw"}]},"aioseo_notices":[],"_links":{"self":[{"href":"https:\/\/www.claret.cat\/es\/wp-json\/wp\/v2\/product\/1071154","targetHints":{"allow":["GET"]}}],"collection":[{"href":"https:\/\/www.claret.cat\/es\/wp-json\/wp\/v2\/product"}],"about":[{"href":"https:\/\/www.claret.cat\/es\/wp-json\/wp\/v2\/types\/product"}],"wp:featuredmedia":[{"embeddable":true,"href":"https:\/\/www.claret.cat\/es\/wp-json\/wp\/v2\/media\/1071155"}],"wp:attachment":[{"href":"https:\/\/www.claret.cat\/es\/wp-json\/wp\/v2\/media?parent=1071154"}],"wp:term":[{"taxonomy":"product_brand","embeddable":true,"href":"https:\/\/www.claret.cat\/es\/wp-json\/wp\/v2\/product_brand?post=1071154"},{"taxonomy":"product_cat","embeddable":true,"href":"https:\/\/www.claret.cat\/es\/wp-json\/wp\/v2\/product_cat?post=1071154"},{"taxonomy":"product_tag","embeddable":true,"href":"https:\/\/www.claret.cat\/es\/wp-json\/wp\/v2\/product_tag?post=1071154"}],"curies":[{"name":"wp","href":"https:\/\/api.w.org\/{rel}","templated":true}]}}