{"id":1071586,"date":"2025-12-20T13:20:01","date_gmt":"2025-12-20T12:20:01","guid":{"rendered":"https:\/\/www.claret.cat\/llibre\/una-oca-con-jesus-8414643219576\/"},"modified":"2026-02-26T16:10:30","modified_gmt":"2026-02-26T15:10:30","slug":"una-oca-con-jesus-8414643219576","status":"publish","type":"product","link":"https:\/\/www.claret.cat\/es\/libro\/una-oca-con-jesus-8414643219576\/","title":{"rendered":"UNA OCA CON JES\u00daS"},"content":{"rendered":"<p>Una oca con Jes\u00fas es una propuesta l\u00fadica y flexible que puede aplicarse en distintos niveles educativos. Est\u00e1 dise\u00f1ada para motivar, fomentar la implicaci\u00f3n activa del grupo y facilitar el aprendizaje significativo en el contexto escolar. Los contenidos se presentan de forma adaptativa, permitiendo al profesorado integrarlos a lo largo del curso en funci\u00f3n de los objetivos pedag\u00f3gicos.<\/p>\n<p>Ideal para trabajar en equipo y en entornos cooperativos, este recurso favorece la participaci\u00f3n, el respeto y la escucha activa. Adem\u00e1s, impulsa habilidades cognitivas, comunicativas y sociales en un clima de juego compartido. Una herramienta ideal para aprender divirti\u00e9ndose, reforzar conocimientos y promover los valores cristianos desde la experiencia y la reflexi\u00f3n conjunta.<\/p>\n","protected":false},"excerpt":{"rendered":"<p>ANTONIO MANZANO SORIANO<\/p>\n","protected":false},"featured_media":1071587,"template":"","meta":{"_acf_changed":false,"om_disable_all_campaigns":false,"rs_blank_template":"","rs_page_bg_color":"","slide_template_v7":"","inline_featured_image":false,"_monsterinsights_skip_tracking":false,"_monsterinsights_sitenote_active":false,"_monsterinsights_sitenote_note":"","_monsterinsights_sitenote_category":0},"product_brand":[],"product_cat":[90,540],"product_tag":[],"class_list":{"0":"post-1071586","1":"product","2":"type-product","3":"status-publish","4":"has-post-thumbnail","6":"product_cat-altres","7":"product_cat-otros","9":"first","10":"instock","11":"taxable","12":"shipping-taxable","13":"purchasable","14":"product-type-simple"},"acf":{"autor":"ANTONIO MANZANO SORIANO","codart":"464321957","libros-coleccion":"","ediciones":"1","encuadernacion":"R\u00fastica","fecha_de_publicacion":"20\/12\/2025","novedad":"1","paginas":"1","subtitulo":"","orden":"0","portada":"0","idioma":"spa","booktrailer":"","resenas":"","editorial":[{"ID":147535,"post_author":"3","post_date":"2022-10-14 11:51:19","post_date_gmt":"2022-10-14 09:51:19","post_content":"","post_title":"BAULA, EDICIONS","post_excerpt":"","post_status":"publish","comment_status":"closed","ping_status":"closed","post_password":"","post_name":"baula-edicions","to_ping":"","pinged":"","post_modified":"2022-10-14 11:51:19","post_modified_gmt":"2022-10-14 09:51:19","post_content_filtered":"","post_parent":0,"guid":"http:\/\/dev.claret.cat\/editorial\/baula-edicions\/","menu_order":0,"post_type":"editorial","post_mime_type":"","comment_count":"0","filter":"raw"}]},"aioseo_notices":[],"_links":{"self":[{"href":"https:\/\/www.claret.cat\/es\/wp-json\/wp\/v2\/product\/1071586","targetHints":{"allow":["GET"]}}],"collection":[{"href":"https:\/\/www.claret.cat\/es\/wp-json\/wp\/v2\/product"}],"about":[{"href":"https:\/\/www.claret.cat\/es\/wp-json\/wp\/v2\/types\/product"}],"wp:featuredmedia":[{"embeddable":true,"href":"https:\/\/www.claret.cat\/es\/wp-json\/wp\/v2\/media\/1071587"}],"wp:attachment":[{"href":"https:\/\/www.claret.cat\/es\/wp-json\/wp\/v2\/media?parent=1071586"}],"wp:term":[{"taxonomy":"product_brand","embeddable":true,"href":"https:\/\/www.claret.cat\/es\/wp-json\/wp\/v2\/product_brand?post=1071586"},{"taxonomy":"product_cat","embeddable":true,"href":"https:\/\/www.claret.cat\/es\/wp-json\/wp\/v2\/product_cat?post=1071586"},{"taxonomy":"product_tag","embeddable":true,"href":"https:\/\/www.claret.cat\/es\/wp-json\/wp\/v2\/product_tag?post=1071586"}],"curies":[{"name":"wp","href":"https:\/\/api.w.org\/{rel}","templated":true}]}}