{"id":1071692,"date":"2025-12-22T12:45:37","date_gmt":"2025-12-22T11:45:37","guid":{"rendered":"https:\/\/www.claret.cat\/llibre\/antropologia-del-perdon-vladimir-jankelevitch-jacques-derrida-y-paul-ricoeu-9788431340827\/"},"modified":"2026-01-19T11:36:32","modified_gmt":"2026-01-19T10:36:32","slug":"antropologia-del-perdon-vladimir-jankelevitch-jacques-derrida-y-paul-ricoeu-9788431340827","status":"publish","type":"product","link":"https:\/\/www.claret.cat\/es\/libro\/antropologia-del-perdon-vladimir-jankelevitch-jacques-derrida-y-paul-ricoeu-9788431340827\/","title":{"rendered":"ANTROPOLOG\u00cdA DEL PERD\u00d3N. VLADIMIR JANK\u00c9L\u00c9VITCH, JACQUES DERRIDA Y PAUL RICOEU"},"content":{"rendered":"<p>\u00abEl perd\u00f3n muri\u00f3 en los campos de la muerte\u00bb. Con estas palabras resum\u00eda Vladimir Jank\u00e9l\u00e9vitch su posici\u00f3n respecto al perd\u00f3n que cab\u00eda esperar por parte de las v\u00edctimas y sobrevivientes del Holocausto; las expresaba en 1965, justo cuando se cumpl\u00edan veinte a\u00f1os del final de la Segunda Guerra Mundial y despu\u00e9s de haber constatado cierto cansancio e indiferencia por parte de algunos de sus contempor\u00e1neos, cada vez que jud\u00edos, deportados o miembros de la resistencia evocaban el recuerdo de Auschwitz.<br \/> La presente obra tiene como tema central la posibilidad de un perd\u00f3n aut\u00e9ntico o puro a partir del acercamiento a los tres autores contempor\u00e1neos que mayor acento filos\u00f3fico han puesto sobre el perd\u00f3n; los tres con un mismo trasfondo: la Sho\u00e1 y la imprescriptibilidad de los cr\u00edmenes contra la humanidad. Vladimir Jank\u00e9l\u00e9vitch sostiene que el perd\u00f3n es imposible, especialmente si \u00e9ste no ha sido solicitado y no ha habido arrepentimiento, individual o colectivo. Jacques Derrida, en cambio, aboga por un perd\u00f3n puro, individual e incondicional, es decir, no solicitado, incluso si no ha habido arrepentimiento por parte del ofensor, negando a su vez la posibilidad de un perd\u00f3n colectivo. Finalmente, Paul Ric?ur propone una suerte de s\u00edntesis entre las dos propuestas anteriores, refiri\u00e9ndose a un perd\u00f3n dif\u00edcil, ni f\u00e1cil ni imposible. Tal disparidad supone una oportunidad para intentar acceder al n\u00facleo o coraz\u00f3n donde tiene lugar el \u00abmilagro del perd\u00f3n\u00bb, quiz\u00e1 lo m\u00e1s valioso de la condici\u00f3n humana. Mediante un abordaje teor\u00e9tico que lleva necesariamente a tener que tratar conceptos contiguos al del perd\u00f3n: el bien, el mal, la conciencia, el don, la gratuidad, el amor, la justicia, etc., la urgencia de la memoria se ir\u00e1 revelando como algo en lo que el pensar filos\u00f3fico tiene tambi\u00e9n una responsabilidad.<br \/> El tema del perd\u00f3n es tan nuclear, decisivo y revelador que se convierte no solo en una privilegiada puerta de acceso a la filosof\u00eda de cada uno de estos autores, sino tambi\u00e9n en una base a partir de la cual empezar a vislumbrar un nuevo camino filos\u00f3fico que tenga como horizonte una \u00abantropolog\u00eda del perd\u00f3n\u00bb.<\/p>\n","protected":false},"excerpt":{"rendered":"<p>MANUEL CARMONA CASTRO<\/p>\n","protected":false},"featured_media":1071693,"template":"","meta":{"_acf_changed":false,"om_disable_all_campaigns":false,"rs_blank_template":"","rs_page_bg_color":"","slide_template_v7":"","inline_featured_image":false,"_monsterinsights_skip_tracking":false,"_monsterinsights_sitenote_active":false,"_monsterinsights_sitenote_note":"","_monsterinsights_sitenote_category":0},"product_brand":[],"product_cat":[375,174],"product_tag":[],"class_list":{"0":"post-1071692","1":"product","2":"type-product","3":"status-publish","4":"has-post-thumbnail","6":"product_cat-antropologia-filosofia-2_humanidades","7":"product_cat-antropologia","9":"first","10":"instock","11":"taxable","12":"shipping-taxable","13":"purchasable","14":"product-type-simple"},"acf":{"autor":"MANUEL CARMONA CASTRO","codart":"843134082","libros-coleccion":"","ediciones":"1","encuadernacion":"R\u00fastica","fecha_de_publicacion":"01\/12\/2025","novedad":"1","paginas":"376","subtitulo":"","orden":"0","portada":"0","idioma":"spa","booktrailer":"","resenas":"","editorial":[{"ID":6251,"post_author":"3","post_date":"2022-07-28 17:48:11","post_date_gmt":"2022-07-28 15:48:11","post_content":"","post_title":"EUNSA. EDICIONES UNIVERSIDAD DE NAVARRA","post_excerpt":"","post_status":"publish","comment_status":"closed","ping_status":"closed","post_password":"","post_name":"eunsa-ediciones-universidad-de-navarra","to_ping":"","pinged":"","post_modified":"2022-07-28 17:48:11","post_modified_gmt":"2022-07-28 15:48:11","post_content_filtered":"","post_parent":0,"guid":"http:\/\/dev.claret.cat\/editorial\/eunsa-ediciones-universidad-de-navarra\/","menu_order":0,"post_type":"editorial","post_mime_type":"","comment_count":"0","filter":"raw"}],"autores-libros":"","traductores-libros":"","ilustradores-libros":"","formato":"","linkebook":"","precioebook":"","ebookportada":false,"ficha":"","muestra":"","presentacion":"","recomendamos":"","mas_vendido":""},"aioseo_notices":[],"_links":{"self":[{"href":"https:\/\/www.claret.cat\/es\/wp-json\/wp\/v2\/product\/1071692","targetHints":{"allow":["GET"]}}],"collection":[{"href":"https:\/\/www.claret.cat\/es\/wp-json\/wp\/v2\/product"}],"about":[{"href":"https:\/\/www.claret.cat\/es\/wp-json\/wp\/v2\/types\/product"}],"wp:featuredmedia":[{"embeddable":true,"href":"https:\/\/www.claret.cat\/es\/wp-json\/wp\/v2\/media\/1071693"}],"wp:attachment":[{"href":"https:\/\/www.claret.cat\/es\/wp-json\/wp\/v2\/media?parent=1071692"}],"wp:term":[{"taxonomy":"product_brand","embeddable":true,"href":"https:\/\/www.claret.cat\/es\/wp-json\/wp\/v2\/product_brand?post=1071692"},{"taxonomy":"product_cat","embeddable":true,"href":"https:\/\/www.claret.cat\/es\/wp-json\/wp\/v2\/product_cat?post=1071692"},{"taxonomy":"product_tag","embeddable":true,"href":"https:\/\/www.claret.cat\/es\/wp-json\/wp\/v2\/product_tag?post=1071692"}],"curies":[{"name":"wp","href":"https:\/\/api.w.org\/{rel}","templated":true}]}}