{"id":107205,"date":"2022-10-12T09:28:32","date_gmt":"2022-10-12T07:28:32","guid":{"rendered":"http:\/\/dev.claret.cat\/producte\/la-memoria-de-laigua\/"},"modified":"2024-01-31T18:37:46","modified_gmt":"2024-01-31T17:37:46","slug":"la-memoria-de-laigua-9788417423766","status":"publish","type":"product","link":"https:\/\/www.claret.cat\/es\/libro\/la-memoria-de-laigua-9788417423766\/","title":{"rendered":"LA MEM\u00d2RIA DE L&#8221;AIGUA"},"content":{"rendered":"<p>Aquesta \u00e9s la hist\u00f2ria de tres generacions de dones: la Clem\u00e8ncia, rossa com un fil d&#8221;or, nascuda a Bellparatge a finals del segle XIX; la seva filla Rosalia, que viur\u00e0 tot el proc\u00e9s d&#8221;industrialitzaci\u00f3, i la N\u00faria, neta de la Clem\u00e8ncia, que lluitar\u00e0 per tenir la formaci\u00f3, la llibertat sexual i l&#8221;amor que no van tenir mai la seva mare ni la seva \u00e0via. La mis\u00e8ria, el maltractament, la incomunicaci\u00f3 i la discriminaci\u00f3 marquen les vides d&#8221;aquestes dones a la Catalunya m\u00e9s pobra, per\u00f2 tamb\u00e9 el poder de la reconciliaci\u00f3 i de la superaci\u00f3 determinen el dest\u00ed final de les protagonistes. Una novel\u00b7la \u00e8pica i colpidora que \u00e9s, alhora, el relat ocult de moltes dones. Una mem\u00f2ria que no s&#8221;ha d&#8221;oblidar mai.<\/p>\n<p> \u00ab\u2014Podr\u00e9 recordar-ho tot, mare?\u00bb<br \/>\u2014Comen\u00e7a pel principi, N\u00faria, quan la Clem\u00e8ncia era xiqueta \u2014li va sentir dir a la\u00a0Rosalia\u2014. Si tanques els ulls sentir\u00e0s la meva veu tocant la teva, acabant les frases o\u00a0comen\u00e7ant-les. No corris, ens queda molta nit encara fins que la ciutat es desperti&#8230;\u00bb.<\/p>\n<p>Amb la col\u00b7laboraci\u00f3 de la Generalitat de Catalunya, Departament de Cultura.<\/p>\n","protected":false},"excerpt":{"rendered":"<p>BARDERI, MONTSE<\/p>\n","protected":false},"featured_media":107206,"template":"","meta":{"_acf_changed":false,"om_disable_all_campaigns":false,"rs_blank_template":"","rs_page_bg_color":"","slide_template_v7":"","inline_featured_image":false,"_monsterinsights_skip_tracking":false,"_monsterinsights_sitenote_active":false,"_monsterinsights_sitenote_note":"","_monsterinsights_sitenote_category":0},"product_brand":[],"product_cat":[127,357],"product_tag":[],"class_list":{"0":"post-107205","1":"product","2":"type-product","3":"status-publish","4":"has-post-thumbnail","6":"product_cat-novella-contemporania","7":"product_cat-novela-contemporanea","9":"first","10":"instock","11":"taxable","12":"shipping-taxable","13":"purchasable","14":"product-type-simple"},"acf":{"editorial":[{"ID":6281,"post_author":"3","post_date":"2022-07-28 17:48:50","post_date_gmt":"2022-07-28 15:48:50","post_content":"","post_title":"LABUTXACA","post_excerpt":"","post_status":"publish","comment_status":"closed","ping_status":"closed","post_password":"","post_name":"labutxaca","to_ping":"","pinged":"","post_modified":"2022-07-28 17:48:50","post_modified_gmt":"2022-07-28 15:48:50","post_content_filtered":"","post_parent":0,"guid":"http:\/\/dev.claret.cat\/editorial\/labutxaca\/","menu_order":0,"post_type":"editorial","post_mime_type":"","comment_count":"0","filter":"raw"}],"autor":"BARDERI, MONTSE","codart":"841742376","libros-coleccion":"LABUTXACA","ediciones":"1","encuadernacion":"R\u00fastica","fecha_de_publicacion":"01\/08\/2020","novedad":"1","paginas":"383","subtitulo":"","orden":"0","portada":"0","idioma":"cat","autores-libros":[{"ID":165378,"post_author":"3","post_date":"2022-10-14 17:54:42","post_date_gmt":"2022-10-14 15:54:42","post_content":"","post_title":"MONTSE BARDERI","post_excerpt":"","post_status":"publish","comment_status":"closed","ping_status":"closed","post_password":"","post_name":"montse-barderi","to_ping":"","pinged":"","post_modified":"2022-10-14 17:54:42","post_modified_gmt":"2022-10-14 15:54:42","post_content_filtered":"","post_parent":0,"guid":"http:\/\/dev.claret.cat\/autor\/montse-barderi\/","menu_order":0,"post_type":"autor","post_mime_type":"","comment_count":"0","filter":"raw"}]},"aioseo_notices":[],"_links":{"self":[{"href":"https:\/\/www.claret.cat\/es\/wp-json\/wp\/v2\/product\/107205","targetHints":{"allow":["GET"]}}],"collection":[{"href":"https:\/\/www.claret.cat\/es\/wp-json\/wp\/v2\/product"}],"about":[{"href":"https:\/\/www.claret.cat\/es\/wp-json\/wp\/v2\/types\/product"}],"wp:featuredmedia":[{"embeddable":true,"href":"https:\/\/www.claret.cat\/es\/wp-json\/wp\/v2\/media\/107206"}],"wp:attachment":[{"href":"https:\/\/www.claret.cat\/es\/wp-json\/wp\/v2\/media?parent=107205"}],"wp:term":[{"taxonomy":"product_brand","embeddable":true,"href":"https:\/\/www.claret.cat\/es\/wp-json\/wp\/v2\/product_brand?post=107205"},{"taxonomy":"product_cat","embeddable":true,"href":"https:\/\/www.claret.cat\/es\/wp-json\/wp\/v2\/product_cat?post=107205"},{"taxonomy":"product_tag","embeddable":true,"href":"https:\/\/www.claret.cat\/es\/wp-json\/wp\/v2\/product_tag?post=107205"}],"curies":[{"name":"wp","href":"https:\/\/api.w.org\/{rel}","templated":true}]}}