{"id":1072099,"date":"2025-12-27T10:50:22","date_gmt":"2025-12-27T09:50:22","guid":{"rendered":"https:\/\/www.claret.cat\/llibre\/abecedario-emocional-entiende-y-transforma-tus-emociones-de-la-a-a-la-z-9788433039699\/"},"modified":"2025-12-27T10:51:01","modified_gmt":"2025-12-27T09:51:01","slug":"abecedario-emocional-entiende-y-transforma-tus-emociones-de-la-a-a-la-z-9788433039699","status":"publish","type":"product","link":"https:\/\/www.claret.cat\/es\/libro\/abecedario-emocional-entiende-y-transforma-tus-emociones-de-la-a-a-la-z-9788433039699\/","title":{"rendered":"ABECEDARIO EMOCIONAL. ENTIENDE Y TRANSFORMA TUS EMOCIONES DE LA A A LA Z"},"content":{"rendered":"<p>Un bello y ameno laboratorio en forma de libro para comprender lo que nos pasa por dentro.<br \/> -Francesc Miralles<\/p>\n<p> Esta obra presenta un abecedario de las emociones, donde cada letra del alfabeto se vincula con un  t\u00e9rmino clave del universo emocional. El formato ofrece una gu\u00eda estructurada, clara y cercana para explorar el complejo paisaje de lo que sentimos.<\/p>\n<p> Su prop\u00f3sito es proporcionar una comprensi\u00f3n profunda pero accesible de las emociones humanas. Est\u00e1 dirigida tanto a adolescentes y adultos que desean mejorar su gesti\u00f3n emocional como a profesionales de la psicolog\u00eda, la educaci\u00f3n y el desarrollo personal.<\/p>\n<p> Se propone as\u00ed un recorrido que impulsa el desarrollo de la inteligencia emocional, facilita la comprensi\u00f3n de los procesos internos y ofrece herramientas pr\u00e1cticas para afrontar distintas experiencias afectivas. Un recurso \u00fatil y vers\u00e1til para cualquiera que busque ampliar su habilidad y sensibilidad en el manejo de las emociones.<\/p>\n<p> Leila Nomen Mart\u00edn,es una profesional destacada en el campo de la psicolog\u00eda y el trabajo social con una amplia y diversa trayectoria. Psic\u00f3loga con una s\u00f3lida formaci\u00f3n y vasta experiencia en el tratamiento y estudio de las emociones, trabaja en el \u00e1mbito del tercer sector, ofreciendo apoyo emocional y psicol\u00f3gico a personas en situaci\u00f3n de vulnerabilidad en C\u00e0ritas Diocesana de Sant Feliu. Es especialista en duelo, adolescencia, infancia y adicciones, y profesora con d\u00e9cadas de experiencia en la ense\u00f1anza universitaria.<\/p>\n","protected":false},"excerpt":{"rendered":"<p>NOMEN MART\u00cdN, LEILA<\/p>\n","protected":false},"featured_media":1072100,"template":"","meta":{"_acf_changed":false,"om_disable_all_campaigns":false,"rs_blank_template":"","rs_page_bg_color":"","slide_template_v7":"","inline_featured_image":false,"_monsterinsights_skip_tracking":false,"_monsterinsights_sitenote_active":false,"_monsterinsights_sitenote_note":"","_monsterinsights_sitenote_category":0},"product_brand":[],"product_cat":[179,377],"product_tag":[],"class_list":{"0":"post-1072099","1":"product","2":"type-product","3":"status-publish","4":"has-post-thumbnail","6":"product_cat-autoajuda-i-salut-mental","7":"product_cat-autoayuda-y-salud-mental","9":"first","10":"instock","11":"taxable","12":"shipping-taxable","13":"purchasable","14":"product-type-simple"},"acf":{"autor":"NOMEN MART\u00cdN, LEILA","codart":"843303969","libros-coleccion":"Serendipity","ediciones":"1","encuadernacion":"R\u00fastica","fecha_de_publicacion":"01\/11\/2025","novedad":"1","paginas":"180","subtitulo":"ENTIENDE Y TRANSFORMA TUS EMOCIONES DE LA A A LA Z","orden":"0","portada":"0","idioma":"spa","booktrailer":"","resenas":"","editorial":[{"ID":6179,"post_author":"3","post_date":"2022-07-28 17:46:36","post_date_gmt":"2022-07-28 15:46:36","post_content":"","post_title":"DESCLEE DE BROUWER","post_excerpt":"","post_status":"publish","comment_status":"closed","ping_status":"closed","post_password":"","post_name":"desclee-de-brouwer","to_ping":"","pinged":"","post_modified":"2022-07-28 17:46:36","post_modified_gmt":"2022-07-28 15:46:36","post_content_filtered":"","post_parent":0,"guid":"http:\/\/dev.claret.cat\/editorial\/desclee-de-brouwer\/","menu_order":0,"post_type":"editorial","post_mime_type":"","comment_count":"0","filter":"raw"}]},"aioseo_notices":[],"_links":{"self":[{"href":"https:\/\/www.claret.cat\/es\/wp-json\/wp\/v2\/product\/1072099","targetHints":{"allow":["GET"]}}],"collection":[{"href":"https:\/\/www.claret.cat\/es\/wp-json\/wp\/v2\/product"}],"about":[{"href":"https:\/\/www.claret.cat\/es\/wp-json\/wp\/v2\/types\/product"}],"wp:featuredmedia":[{"embeddable":true,"href":"https:\/\/www.claret.cat\/es\/wp-json\/wp\/v2\/media\/1072100"}],"wp:attachment":[{"href":"https:\/\/www.claret.cat\/es\/wp-json\/wp\/v2\/media?parent=1072099"}],"wp:term":[{"taxonomy":"product_brand","embeddable":true,"href":"https:\/\/www.claret.cat\/es\/wp-json\/wp\/v2\/product_brand?post=1072099"},{"taxonomy":"product_cat","embeddable":true,"href":"https:\/\/www.claret.cat\/es\/wp-json\/wp\/v2\/product_cat?post=1072099"},{"taxonomy":"product_tag","embeddable":true,"href":"https:\/\/www.claret.cat\/es\/wp-json\/wp\/v2\/product_tag?post=1072099"}],"curies":[{"name":"wp","href":"https:\/\/api.w.org\/{rel}","templated":true}]}}