{"id":1072111,"date":"2025-12-27T12:05:06","date_gmt":"2025-12-27T11:05:06","guid":{"rendered":"https:\/\/www.claret.cat\/llibre\/a-la-luz-del-fruto-9788417185176\/"},"modified":"2025-12-31T10:30:33","modified_gmt":"2025-12-31T09:30:33","slug":"a-la-luz-del-fruto-9788417185176","status":"publish","type":"product","link":"https:\/\/www.claret.cat\/es\/libro\/a-la-luz-del-fruto-9788417185176\/","title":{"rendered":"A LA LUZ DEL FRUTO"},"content":{"rendered":"","protected":false},"excerpt":{"rendered":"<p>GRANADOS GARC\u00cdA, JOS\u00c9<\/p>\n","protected":false},"featured_media":1072112,"template":"","meta":{"_acf_changed":false,"om_disable_all_campaigns":false,"rs_blank_template":"","rs_page_bg_color":"","slide_template_v7":"","inline_featured_image":false,"_monsterinsights_skip_tracking":false,"_monsterinsights_sitenote_active":false,"_monsterinsights_sitenote_note":"","_monsterinsights_sitenote_category":0},"product_brand":[],"product_cat":[245,495],"product_tag":[],"class_list":{"0":"post-1072111","1":"product","2":"type-product","3":"status-publish","4":"has-post-thumbnail","6":"product_cat-diversa","7":"product_cat-diversa-espiritualidad-1_espiritualidad","9":"first","10":"instock","11":"taxable","12":"shipping-taxable","13":"purchasable","14":"product-type-simple"},"acf":{"autor":"GRANADOS GARC\u00cdA, JOS\u00c9","codart":"841718517","libros-coleccion":"Didaskalos","ediciones":"1","encuadernacion":"R\u00fastica","fecha_de_publicacion":"01\/10\/2018","novedad":"1","paginas":"320","subtitulo":"","orden":"0","portada":"0","idioma":"spa","booktrailer":"","resenas":"","editorial":[{"ID":6184,"post_author":"3","post_date":"2022-07-28 17:46:42","post_date_gmt":"2022-07-28 15:46:42","post_content":"","post_title":"Didaskalos","post_excerpt":"","post_status":"publish","comment_status":"closed","ping_status":"closed","post_password":"","post_name":"didaskalos","to_ping":"","pinged":"","post_modified":"2022-07-28 17:46:42","post_modified_gmt":"2022-07-28 15:46:42","post_content_filtered":"","post_parent":0,"guid":"http:\/\/dev.claret.cat\/editorial\/didaskalos\/","menu_order":0,"post_type":"editorial","post_mime_type":"","comment_count":"0","filter":"raw"}]},"aioseo_notices":[],"_links":{"self":[{"href":"https:\/\/www.claret.cat\/es\/wp-json\/wp\/v2\/product\/1072111","targetHints":{"allow":["GET"]}}],"collection":[{"href":"https:\/\/www.claret.cat\/es\/wp-json\/wp\/v2\/product"}],"about":[{"href":"https:\/\/www.claret.cat\/es\/wp-json\/wp\/v2\/types\/product"}],"wp:featuredmedia":[{"embeddable":true,"href":"https:\/\/www.claret.cat\/es\/wp-json\/wp\/v2\/media\/1072112"}],"wp:attachment":[{"href":"https:\/\/www.claret.cat\/es\/wp-json\/wp\/v2\/media?parent=1072111"}],"wp:term":[{"taxonomy":"product_brand","embeddable":true,"href":"https:\/\/www.claret.cat\/es\/wp-json\/wp\/v2\/product_brand?post=1072111"},{"taxonomy":"product_cat","embeddable":true,"href":"https:\/\/www.claret.cat\/es\/wp-json\/wp\/v2\/product_cat?post=1072111"},{"taxonomy":"product_tag","embeddable":true,"href":"https:\/\/www.claret.cat\/es\/wp-json\/wp\/v2\/product_tag?post=1072111"}],"curies":[{"name":"wp","href":"https:\/\/api.w.org\/{rel}","templated":true}]}}