{"id":107229,"date":"2022-10-12T09:28:54","date_gmt":"2022-10-12T07:28:54","guid":{"rendered":"http:\/\/dev.claret.cat\/producte\/linfinit-dins-dun-jonc\/"},"modified":"2025-11-25T17:25:19","modified_gmt":"2025-11-25T16:25:19","slug":"linfinit-dins-dun-jonc-9788466426947","status":"publish","type":"product","link":"https:\/\/www.claret.cat\/es\/libro\/linfinit-dins-dun-jonc-9788466426947\/","title":{"rendered":"L&#8217;INFINIT DINS D&#8217;UN JONC"},"content":{"rendered":"<p>Aquest llibre tracta sobre la hist\u00f2ria dels llibres. Un recorregut per la vida d&#8217;aquest fascinant artefacte que vam inventar perqu\u00e8 les paraules poguessin viatjar per l&#8217;espai i el temps. La hist\u00f2ria de la seva fabricaci\u00f3, de tots els tipus que hem assajat al llarg de gaireb\u00e9 trenta segles: llibres de fum, de pedra, d&#8217;argila, de joncs, de seda, de pell, d&#8217;arbres i, els \u00faltims d&#8217;arribar,<br \/>de pl\u00e0stic i de llum.<br \/>A m\u00e9s, \u00e9s un llibre de viatges. Un fil que uneix els cl\u00e0ssics amb el vertigin\u00f3s m\u00f3n contemporani, connectant-los amb debats actuals: Arist\u00f2fanes i els processos judicials contra humoristes, Safo i la veu liter\u00e0ria de les dones, Titus Livi i el fenomen fan, S\u00e8neca i la postveritat\u2026 Per\u00f2, sobretot, aquest llibre \u00e9s una fabulosa aventura col\u00b7lectiva\u00a0 protagonitzada per milers de persones que, al llarg del temps, han fet possibles i han protegit els llibres: narradors orals, escribes, il\u00b7luminadors, traductors, venedors ambulants, mestres, savis, espies, rebels, monges, esclaus, aventurers\u2026 Lectors en paisatges de muntanya i a la vora del mar, en capitals on l&#8217;energia es concentra i en els llocs m\u00e9s apartats on el saber es refugia en temps de caos. Gent normal i corrent de qui en molts casos la hist\u00f2ria no registra els noms; aquests salvadors de llibres s\u00f3n els aut\u00e8ntics protagonistes d&#8217;aquest assaig.<\/p>\n","protected":false},"excerpt":{"rendered":"<p>VALLEJO, IRENE<\/p>\n","protected":false},"featured_media":381401,"template":"","meta":{"_acf_changed":false,"om_disable_all_campaigns":false,"rs_blank_template":"","rs_page_bg_color":"","slide_template_v7":"","inline_featured_image":false,"_monsterinsights_skip_tracking":false,"_monsterinsights_sitenote_active":false,"_monsterinsights_sitenote_note":"","_monsterinsights_sitenote_category":0},"product_brand":[],"product_cat":[90,540],"product_tag":[],"class_list":{"0":"post-107229","1":"product","2":"type-product","3":"status-publish","4":"has-post-thumbnail","6":"product_cat-altres","7":"product_cat-otros","9":"first","10":"instock","11":"taxable","12":"shipping-taxable","13":"purchasable","14":"product-type-simple"},"acf":{"editorial":[{"ID":6166,"post_author":"3","post_date":"2022-07-28 17:46:19","post_date_gmt":"2022-07-28 15:46:19","post_content":"","post_title":"Columna CAT","post_excerpt":"","post_status":"publish","comment_status":"closed","ping_status":"closed","post_password":"","post_name":"columna-cat","to_ping":"","pinged":"","post_modified":"2022-07-28 17:46:19","post_modified_gmt":"2022-07-28 15:46:19","post_content_filtered":"","post_parent":0,"guid":"http:\/\/dev.claret.cat\/editorial\/columna-cat\/","menu_order":0,"post_type":"editorial","post_mime_type":"","comment_count":"0","filter":"raw"}],"autores-libros":[{"ID":5553,"post_author":"3","post_date":"2022-07-28 17:26:27","post_date_gmt":"2022-07-28 15:26:27","post_content":"","post_title":"IRENE VALLEJO","post_excerpt":"","post_status":"publish","comment_status":"closed","ping_status":"closed","post_password":"","post_name":"irene-vallejo","to_ping":"","pinged":"","post_modified":"2022-07-28 17:26:27","post_modified_gmt":"2022-07-28 15:26:27","post_content_filtered":"","post_parent":0,"guid":"http:\/\/dev.claret.cat\/autor\/irene-vallejo\/","menu_order":0,"post_type":"autor","post_mime_type":"","comment_count":"0","filter":"raw"}],"autor":"VALLEJO, IRENE","codart":"846642694","libros-coleccion":"NO FICCI\u00d3 COLUMNA","ediciones":"1","encuadernacion":"R\u00fastica","fecha_de_publicacion":"01\/08\/2020","novedad":"1","paginas":"447","subtitulo":"LA INVENCI\u00d3 DELS LLIBRES AL M\u00d3N ANTIC","orden":"0","portada":"0","idioma":"cat","booktrailer":"","resenas":""},"aioseo_notices":[],"_links":{"self":[{"href":"https:\/\/www.claret.cat\/es\/wp-json\/wp\/v2\/product\/107229","targetHints":{"allow":["GET"]}}],"collection":[{"href":"https:\/\/www.claret.cat\/es\/wp-json\/wp\/v2\/product"}],"about":[{"href":"https:\/\/www.claret.cat\/es\/wp-json\/wp\/v2\/types\/product"}],"wp:featuredmedia":[{"embeddable":true,"href":"https:\/\/www.claret.cat\/es\/wp-json\/wp\/v2\/media\/381401"}],"wp:attachment":[{"href":"https:\/\/www.claret.cat\/es\/wp-json\/wp\/v2\/media?parent=107229"}],"wp:term":[{"taxonomy":"product_brand","embeddable":true,"href":"https:\/\/www.claret.cat\/es\/wp-json\/wp\/v2\/product_brand?post=107229"},{"taxonomy":"product_cat","embeddable":true,"href":"https:\/\/www.claret.cat\/es\/wp-json\/wp\/v2\/product_cat?post=107229"},{"taxonomy":"product_tag","embeddable":true,"href":"https:\/\/www.claret.cat\/es\/wp-json\/wp\/v2\/product_tag?post=107229"}],"curies":[{"name":"wp","href":"https:\/\/api.w.org\/{rel}","templated":true}]}}