{"id":1072460,"date":"2026-01-02T16:35:03","date_gmt":"2026-01-02T15:35:03","guid":{"rendered":"https:\/\/www.claret.cat\/llibre\/revista-documents-desglesia-1171-gener-de-2026-9780018212718\/"},"modified":"2026-01-02T16:35:28","modified_gmt":"2026-01-02T15:35:28","slug":"revista-documents-desglesia-1171-gener-de-2026-9780018212718","status":"publish","type":"product","link":"https:\/\/www.claret.cat\/es\/libro\/revista-documents-desglesia-1171-gener-de-2026-9780018212718\/","title":{"rendered":"REVISTA DOCUMENTS D&#8217;ESGL\u00c9SIA &#8211; 1171 GENER DE 2026"},"content":{"rendered":"<p><strong style='background-color: transparent'>DOCUMENTS D&#8217;ESGL\u00c9SIA<\/strong><\/p>\n<p>ANY LX. N\u00daM. 1163. ABRIL DE 2025<\/p>\n<p>DOCUMENTS I DISCURSOS PONTIFICIS<\/p>\n<p>Carta als bisbes dels Estats Units<\/p>\n<p>Discurs a la Rota Romana<\/p>\n<p>Els responsables lit\u00fargics<\/p>\n<p>Catequesi sobre Jesucrist, la nostra esperan\u00e7a<\/p>\n<p>1. L&#8217;entrada del Fill de D\u00e9u en la hist\u00f2ria<\/p>\n<p>2. L&#8217;anunci a Maria<\/p>\n<p>3. L&#8217;anunci a Josep<\/p>\n<p>4. La Visitaci\u00f3 i el Magn\u00edficat<\/p>\n<p>5. El naixement de Jes\u00fas i la visita dels pastors<\/p>\n<p>SANTA SEU<\/p>\n<p>La intel\u00b7lig\u00e8ncia artificial i la intel\u00b7lig\u00e8ncia humana<\/p>\n<p>VIDA D&#8217;ESGL\u00c9SIA<\/p>\n<p>L&#8217;esperan\u00e7a no defrauda, pel card. M. Zuppi<\/p>\n<p>L&#8217;ESGL\u00c9SIA EN EL M\u00d3N<\/p>\n<p>Missatge dels bisbes ucra\u00efnesos<\/p>\n<p>\u00c9s hora de reformar la immigraci\u00f3, per mons. J.H. G\u00f3mez<\/p>\n<p>Homilia davant Donald Trump, per M. Budde<\/p>\n<p>Trump, entre el rei David i Cir, per G.M. Vian<\/p>\n<p>Donald Trump i l&#8217;ombra de la presid\u00e8ncia, per Ch. Giraud-Barra<\/p>\n<p>ECUMENE<\/p>\n<p>Diversitat de g\u00e8nere i sexualitat. Declaraci\u00f3 ecum\u00e8nica de Noruega<\/p>\n<p>QU\u00d2BLIDETS<\/p>\n<p>Els caputxins a Catalunya<\/p>\n","protected":false},"excerpt":{"rendered":"<p>PUBLICACIONS ABADIA DE MONTSERRAT<\/p>\n","protected":false},"featured_media":1072461,"template":"","meta":{"_acf_changed":false,"om_disable_all_campaigns":false,"rs_blank_template":"","rs_page_bg_color":"","slide_template_v7":"","inline_featured_image":false,"_monsterinsights_skip_tracking":false,"_monsterinsights_sitenote_active":false,"_monsterinsights_sitenote_note":"","_monsterinsights_sitenote_category":0},"product_brand":[],"product_cat":[511,283,281,416,92,542],"product_tag":[],"class_list":{"0":"post-1072460","1":"product","2":"type-product","3":"status-publish","4":"has-post-thumbnail","6":"product_cat-eclesiologia-teologia-1_espiritualidad","7":"product_cat-eclesiologia-teologia","8":"product_cat-escatologia","9":"product_cat-escatologia-teologia-1_espiritualidad","10":"product_cat-vida-religiosa","11":"product_cat-vida-religiosa-1_espiritualidad-spa","13":"first","14":"instock","15":"taxable","16":"shipping-taxable","17":"purchasable","18":"product-type-simple"},"acf":{"autor":"PUBLICACIONS ABADIA DE MONTSERRAT","codart":"001821271","libros-coleccion":"","ediciones":"1","encuadernacion":"Grapado","fecha_de_publicacion":"02\/01\/2026","novedad":"1","paginas":"64","subtitulo":"","orden":"0","portada":"1","idioma":"cat","booktrailer":"","resenas":"","editorial":[{"ID":8266,"post_author":"3","post_date":"2022-09-30 09:21:36","post_date_gmt":"2022-09-30 07:21:36","post_content":"","post_title":"PUBLICACIONS DE L'ABADIA DE MONTSERRAT","post_excerpt":"","post_status":"publish","comment_status":"closed","ping_status":"closed","post_password":"","post_name":"publicacions-de-labadia-de-montserrat-5","to_ping":"","pinged":"","post_modified":"2022-09-30 09:21:36","post_modified_gmt":"2022-09-30 07:21:36","post_content_filtered":"","post_parent":0,"guid":"http:\/\/dev.claret.cat\/editorial\/publicacions-de-labadia-de-montserrat-5\/","menu_order":0,"post_type":"editorial","post_mime_type":"","comment_count":"0","filter":"raw"}]},"aioseo_notices":[],"_links":{"self":[{"href":"https:\/\/www.claret.cat\/es\/wp-json\/wp\/v2\/product\/1072460","targetHints":{"allow":["GET"]}}],"collection":[{"href":"https:\/\/www.claret.cat\/es\/wp-json\/wp\/v2\/product"}],"about":[{"href":"https:\/\/www.claret.cat\/es\/wp-json\/wp\/v2\/types\/product"}],"wp:featuredmedia":[{"embeddable":true,"href":"https:\/\/www.claret.cat\/es\/wp-json\/wp\/v2\/media\/1072461"}],"wp:attachment":[{"href":"https:\/\/www.claret.cat\/es\/wp-json\/wp\/v2\/media?parent=1072460"}],"wp:term":[{"taxonomy":"product_brand","embeddable":true,"href":"https:\/\/www.claret.cat\/es\/wp-json\/wp\/v2\/product_brand?post=1072460"},{"taxonomy":"product_cat","embeddable":true,"href":"https:\/\/www.claret.cat\/es\/wp-json\/wp\/v2\/product_cat?post=1072460"},{"taxonomy":"product_tag","embeddable":true,"href":"https:\/\/www.claret.cat\/es\/wp-json\/wp\/v2\/product_tag?post=1072460"}],"curies":[{"name":"wp","href":"https:\/\/api.w.org\/{rel}","templated":true}]}}