{"id":1073256,"date":"2026-01-12T11:25:01","date_gmt":"2026-01-12T10:25:01","guid":{"rendered":"https:\/\/www.claret.cat\/llibre\/artemisa-9791387652036\/"},"modified":"2026-04-09T18:55:50","modified_gmt":"2026-04-09T16:55:50","slug":"artemisa-9791387652036","status":"publish","type":"product","link":"https:\/\/www.claret.cat\/es\/libro\/artemisa-9791387652036\/","title":{"rendered":"ARTEMISA"},"content":{"rendered":"<p>Artemisa es la esperada nueva novela del autor de El marciano, el libro que ha abierto la ciencia ficci\u00f3n al gran p\u00fablico, convirti\u00e9ndose en un fen\u00f3meno editorial en 40 pa\u00edses con m\u00e1s de 3.000.000 de ejemplares vendidos, y una pel\u00edcula de gran presupuesto: Marte de Ridey Scott, con Matt Damon como protagonista. Jazz Bashara es una criminal&#8230; O al menos lo parece. La vida en Artemisa, la primera y \u00fanica ciudad de la Luna, es dif\u00edcil si no eres un turista adinerado o un multimillonario exc\u00e9ntrico. As\u00ed que hacer un poco de contrabando de lo m\u00e1s inofensivo no cuenta, \u00bfverdad? Sobre todo cuando hay que pagar deudas y tu trabajo como transportista apenas paga el alquiler. De pronto, Jazz ve la oportunidad de cambiar su destino cometiendo un delito a cambio de una lucrativa recompensa. Y ah\u00ed empiezan todos sus problemas, pues al hacerlo se enreda en una aut\u00e9ntica conspiraci\u00f3n por el control de Artemisa que le obliga a poner en peligro su propia vida&#8230;La cr\u00edtica ha dicho: \u00abWeir muestra una habilidad de virtuoso al escribir situaciones altamente t\u00e9cnicas y hacerlas comprensibles a los lectores.\u00bb<br \/>Kirkus Reviews\u00abWeir ha creado la combinaci\u00f3n perfecta entre acci\u00f3n y aventura cl\u00e1sica en el espacio.\u00bb<br \/>Library Journal \u00abLa mejor novela de ciencia ficci\u00f3n en a\u00f1os.\u00bb<br \/>Wall Street Journal \u00abUn impresionante debut.\u00bb<br \/>Entertainment Weekly\u00abUna lectura que devorar\u00e1n los fans de los viajes espaciales.\u00bb<br \/>USA Today \u00abUn thriller de supervivencia que no da tregua, entretenido y creativo.\u00bb<br \/>Ernest Cline<\/p>\n","protected":false},"excerpt":{"rendered":"<p>ANDY WEIR<\/p>\n","protected":false},"featured_media":1073332,"template":"","meta":{"_acf_changed":false,"om_disable_all_campaigns":false,"rs_blank_template":"","rs_page_bg_color":"","slide_template_v7":"","inline_featured_image":false,"_monsterinsights_skip_tracking":false,"_monsterinsights_sitenote_active":false,"_monsterinsights_sitenote_note":"","_monsterinsights_sitenote_category":0},"product_brand":[],"product_cat":[127,357],"product_tag":[],"class_list":{"0":"post-1073256","1":"product","2":"type-product","3":"status-publish","4":"has-post-thumbnail","6":"product_cat-novella-contemporania","7":"product_cat-novela-contemporanea","9":"first","10":"instock","11":"taxable","12":"shipping-taxable","13":"purchasable","14":"product-type-simple"},"acf":{"autor":"ANDY WEIR","codart":"138765203","libros-coleccion":"Ficci\u00f3n","ediciones":"1","encuadernacion":"R\u00fastica","fecha_de_publicacion":"01\/01\/2026","novedad":"1","paginas":"380","subtitulo":"","orden":"0","portada":"0","idioma":"spa","booktrailer":"","resenas":"","editorial":[{"ID":6137,"post_author":"3","post_date":"2022-07-28 17:45:41","post_date_gmt":"2022-07-28 15:45:41","post_content":"","post_title":"B de Bolsillo","post_excerpt":"","post_status":"publish","comment_status":"closed","ping_status":"closed","post_password":"","post_name":"b-de-bolsillo","to_ping":"","pinged":"","post_modified":"2022-07-28 17:45:41","post_modified_gmt":"2022-07-28 15:45:41","post_content_filtered":"","post_parent":0,"guid":"http:\/\/dev.claret.cat\/editorial\/b-de-bolsillo\/","menu_order":0,"post_type":"editorial","post_mime_type":"","comment_count":"0","filter":"raw"}]},"aioseo_notices":[],"_links":{"self":[{"href":"https:\/\/www.claret.cat\/es\/wp-json\/wp\/v2\/product\/1073256","targetHints":{"allow":["GET"]}}],"collection":[{"href":"https:\/\/www.claret.cat\/es\/wp-json\/wp\/v2\/product"}],"about":[{"href":"https:\/\/www.claret.cat\/es\/wp-json\/wp\/v2\/types\/product"}],"wp:featuredmedia":[{"embeddable":true,"href":"https:\/\/www.claret.cat\/es\/wp-json\/wp\/v2\/media\/1073332"}],"wp:attachment":[{"href":"https:\/\/www.claret.cat\/es\/wp-json\/wp\/v2\/media?parent=1073256"}],"wp:term":[{"taxonomy":"product_brand","embeddable":true,"href":"https:\/\/www.claret.cat\/es\/wp-json\/wp\/v2\/product_brand?post=1073256"},{"taxonomy":"product_cat","embeddable":true,"href":"https:\/\/www.claret.cat\/es\/wp-json\/wp\/v2\/product_cat?post=1073256"},{"taxonomy":"product_tag","embeddable":true,"href":"https:\/\/www.claret.cat\/es\/wp-json\/wp\/v2\/product_tag?post=1073256"}],"curies":[{"name":"wp","href":"https:\/\/api.w.org\/{rel}","templated":true}]}}