{"id":1073308,"date":"2026-01-12T11:45:14","date_gmt":"2026-01-12T10:45:14","guid":{"rendered":"https:\/\/www.claret.cat\/llibre\/el-marciano-9788413143781\/"},"modified":"2026-04-09T18:55:56","modified_gmt":"2026-04-09T16:55:56","slug":"el-marciano-9788413143781","status":"publish","type":"product","link":"https:\/\/www.claret.cat\/es\/libro\/el-marciano-9788413143781\/","title":{"rendered":"EL MARCIANO"},"content":{"rendered":"<p>Novela brillante, delirio ingenioso, con una mec\u00e1nica del suspense que sorprender\u00e1 al lector una y otra vez. Una experiencia literaria excepcional en gravedad cero.  \u00abLa mejor novela de ciencia ficci\u00f3n en a\u00f1os.\u00bb<br \/>Wall Street Journal Seis d\u00edas atr\u00e1s el astronauta Mark Watney se convirti\u00f3 en uno de los primeros hombres en caminar por la superficie de Marte. Ahora est\u00e1 seguro de que ser\u00e1 el primer hombre en morir all\u00ed. La tripulaci\u00f3n de la nave en que viajaba se ve obligada a evacuar el planeta a causa de una tormenta de polvo, dejando atr\u00e1s a Mark tras darlo por muerto. Pero \u00e9l est\u00e1 vivo, y atrapado a millones de kil\u00f3metros de cualquier ser humano, sin posibilidad de enviar se\u00f1ales a la Tierra. De todos modos, si lograra establecer conexi\u00f3n, morir\u00eda mucho antes de que el rescate llegara. Sin embargo, Mark no se da por vencido; armado con su ingenio, sus habilidades y sus conocimientos sobre bot\u00e1nica, se enfrentar\u00e1 a obst\u00e1culos aparentemente insuperables. Por suerte, el sentido del humor resultar\u00e1 ser su mayor fuente de fuerza. Obstinado en seguir con vida, incubar\u00e1 un plan absolutamente demencial para ponerse en contacto con la NASA.Lo que ha dicho la cr\u00edtica: \u00abUna de las mejores novelas que he le\u00eddo en mucho tiempo. Parece tan real que casi podr\u00eda ser no-ficci\u00f3n y, sin embargo, tiene la unidad narrativa y la potencia de un cohete. Un Apollo 13 multiplicado por cien.\u00bb<br \/>Douglas Preston, 1 de The New York Times \u00ab\u00a1No lo pod\u00eda dejar! Tiene la rara combinaci\u00f3n de ser una buena y original historia y con unos personajes interesantes con una fascinante precisi\u00f3n t\u00e9cnica. Una suma de MacGyver y La isla misteriosa de Verne.\u00bb<br \/>Chris Hadfield, astronauta, comandante de la Estaci\u00f3n Espacial Internacional y autor de la Gu\u00eda de un astronauta para vivir en la Tierra\u00abEl mejor libro que he le\u00eddo en mucho tiempo. Inteligente, divertido e intenso.\u00bb<br \/>Hugh Howey, autor de Espejismo \u00abWeir ha creado un thriller de supervivencia que no da tregua, entretenido y creativo, un MacGyver atrapado en Marte que se lee, se siente y se vivede manera tan real y terrible como la verdadera historia de la Apollo 13.\u00bb<br \/>Ernest Cline, autor de Ready Player One \u00abEl marciano se perfila como el nuevo Robinson Crusoe de Defoe, pero escrito por alguien a\u00fan m\u00e1s brillante.\u00bb<br \/>Larry Niven, ganador de varios premios Hugo y Nebula \u00abFuerte y valiente. Un Robinson Crusoe en Marte en el siglo XXI.\u00bb<br \/>Steve Berry\u00abAgudo, divertido y emocionante.\u00bb<br \/>Kirkus \u00abBrillante. Un homenaje al ingenio humano.\u00bb<br \/>Wall Street Journal \u00abUna lectura que los devotos de la ciencia ficci\u00f3n devorar\u00e1n como un caramelo.\u00bb<br \/>USA Today<\/p>\n","protected":false},"excerpt":{"rendered":"<p>ANDY WEIR<\/p>\n","protected":false},"featured_media":1073334,"template":"","meta":{"_acf_changed":false,"om_disable_all_campaigns":false,"rs_blank_template":"","rs_page_bg_color":"","slide_template_v7":"","inline_featured_image":false,"_monsterinsights_skip_tracking":false,"_monsterinsights_sitenote_active":false,"_monsterinsights_sitenote_note":"","_monsterinsights_sitenote_category":0},"product_brand":[],"product_cat":[127,357],"product_tag":[],"class_list":{"0":"post-1073308","1":"product","2":"type-product","3":"status-publish","4":"has-post-thumbnail","6":"product_cat-novella-contemporania","7":"product_cat-novela-contemporanea","9":"first","10":"instock","11":"taxable","12":"shipping-taxable","13":"purchasable","14":"product-type-simple"},"acf":{"autor":"ANDY WEIR","codart":"841314378","libros-coleccion":"Ficci\u00f3n","ediciones":"1","encuadernacion":"R\u00fastica","fecha_de_publicacion":"01\/05\/2021","novedad":"1","paginas":"408","subtitulo":"","orden":"0","portada":"0","idioma":"spa","booktrailer":"","resenas":"","editorial":[{"ID":6137,"post_author":"3","post_date":"2022-07-28 17:45:41","post_date_gmt":"2022-07-28 15:45:41","post_content":"","post_title":"B de Bolsillo","post_excerpt":"","post_status":"publish","comment_status":"closed","ping_status":"closed","post_password":"","post_name":"b-de-bolsillo","to_ping":"","pinged":"","post_modified":"2022-07-28 17:45:41","post_modified_gmt":"2022-07-28 15:45:41","post_content_filtered":"","post_parent":0,"guid":"http:\/\/dev.claret.cat\/editorial\/b-de-bolsillo\/","menu_order":0,"post_type":"editorial","post_mime_type":"","comment_count":"0","filter":"raw"}]},"aioseo_notices":[],"_links":{"self":[{"href":"https:\/\/www.claret.cat\/es\/wp-json\/wp\/v2\/product\/1073308","targetHints":{"allow":["GET"]}}],"collection":[{"href":"https:\/\/www.claret.cat\/es\/wp-json\/wp\/v2\/product"}],"about":[{"href":"https:\/\/www.claret.cat\/es\/wp-json\/wp\/v2\/types\/product"}],"wp:featuredmedia":[{"embeddable":true,"href":"https:\/\/www.claret.cat\/es\/wp-json\/wp\/v2\/media\/1073334"}],"wp:attachment":[{"href":"https:\/\/www.claret.cat\/es\/wp-json\/wp\/v2\/media?parent=1073308"}],"wp:term":[{"taxonomy":"product_brand","embeddable":true,"href":"https:\/\/www.claret.cat\/es\/wp-json\/wp\/v2\/product_brand?post=1073308"},{"taxonomy":"product_cat","embeddable":true,"href":"https:\/\/www.claret.cat\/es\/wp-json\/wp\/v2\/product_cat?post=1073308"},{"taxonomy":"product_tag","embeddable":true,"href":"https:\/\/www.claret.cat\/es\/wp-json\/wp\/v2\/product_tag?post=1073308"}],"curies":[{"name":"wp","href":"https:\/\/api.w.org\/{rel}","templated":true}]}}