{"id":1073411,"date":"2026-01-12T16:45:17","date_gmt":"2026-01-12T15:45:17","guid":{"rendered":"https:\/\/www.claret.cat\/llibre\/sobre-la-educacion-9788419431646\/"},"modified":"2026-01-12T17:05:38","modified_gmt":"2026-01-12T16:05:38","slug":"sobre-la-educacion-9788419431646","status":"publish","type":"product","link":"https:\/\/www.claret.cat\/es\/libro\/sobre-la-educacion-9788419431646\/","title":{"rendered":"SOBRE LA EDUCACI\u00d3N"},"content":{"rendered":"<p> \u00bfQu\u00e9 encontrar\u00e1 quien se adentre en estos textos de Adaslair MacIntyre sobre educaci\u00f3n? Ante todo, una cr\u00edtica acerada que le va a remover, sin componendas, llamando a las cosas por su nombre. Pero luego, tambi\u00e9n, una esperanza. No ser\u00e1 una seguridad inmediata, porque para MacIntyre los profesores y los educadores que se toman en serio su tarea son como un \u201cescuadr\u00f3n suicida\u201d, lanzados a una \u201cmisi\u00f3n imposible\u201d. Se tratar\u00e1 m\u00e1s bien de una esperanza honda, radicada en la tradici\u00f3n, en las virtudes, en el deseo de una vida buena, en el af\u00e1n de conocer y pensar.<\/p>\n<p>Una prueba para un colegio o instituto o universidad es preguntar qu\u00e9 libro est\u00e1n leyendo sus antiguos alumnos cinco, diez y veinte a\u00f1os despu\u00e9s de haberse graduado. Desde este punto de vista, a las instituciones educativas de la modernidad avanzada no les va bien. En l\u00edneas generales solamente permanece en sus graduados lo que alimenta su vida laboral profesionalizada y especializada. El resto de la educaci\u00f3n se ha convertido en algo para dejar atr\u00e1s de manera que tenemos individuos y grupos muy bien educados que, sin embargo, carecen de la base com\u00fan de un p\u00fablico educado; individuos cuyo conocimiento del mundo es aportado por citas de informaci\u00f3n de los medios de comunicaci\u00f3n. Hay por supuesto excepciones, islas de esperanza, colegios que no han sucumbido, lugares de trabajo que no han sucumbido, periodistas que no han sucumbido. Pero \u00a1qu\u00e9 escasos son!\u201d (Alasdayr MacIntyre).<\/p>\n","protected":false},"excerpt":{"rendered":"<p>ALASDAIR MACINTYRE<\/p>\n","protected":false},"featured_media":1073429,"template":"","meta":{"_acf_changed":false,"om_disable_all_campaigns":false,"rs_blank_template":"","rs_page_bg_color":"","slide_template_v7":"","inline_featured_image":false,"_monsterinsights_skip_tracking":false,"_monsterinsights_sitenote_active":false,"_monsterinsights_sitenote_note":"","_monsterinsights_sitenote_category":0},"product_brand":[],"product_cat":[451,186,185,380],"product_tag":[],"class_list":{"0":"post-1073411","1":"product","2":"type-product","3":"status-publish","4":"has-post-thumbnail","6":"product_cat-estudios-e-investigacion-pedagogia-2_humanidades","7":"product_cat-estudis-i-investigacio-pedagogia-2_humanitats","8":"product_cat-historia-i-corrents-pedagogia-2_humanitats","9":"product_cat-historia-y-corrientes","11":"first","12":"instock","13":"taxable","14":"shipping-taxable","15":"purchasable","16":"product-type-simple"},"acf":{"autor":"ALASDAIR MACINTYRE","codart":"841943164","libros-coleccion":"","ediciones":"1","encuadernacion":"R\u00fastica","fecha_de_publicacion":"01\/11\/2025","novedad":"1","paginas":"159","subtitulo":"","orden":"0","portada":"0","idioma":"spa","booktrailer":"","resenas":"","editorial":[{"ID":6184,"post_author":"3","post_date":"2022-07-28 17:46:42","post_date_gmt":"2022-07-28 15:46:42","post_content":"","post_title":"Didaskalos","post_excerpt":"","post_status":"publish","comment_status":"closed","ping_status":"closed","post_password":"","post_name":"didaskalos","to_ping":"","pinged":"","post_modified":"2022-07-28 17:46:42","post_modified_gmt":"2022-07-28 15:46:42","post_content_filtered":"","post_parent":0,"guid":"http:\/\/dev.claret.cat\/editorial\/didaskalos\/","menu_order":0,"post_type":"editorial","post_mime_type":"","comment_count":"0","filter":"raw"}]},"aioseo_notices":[],"_links":{"self":[{"href":"https:\/\/www.claret.cat\/es\/wp-json\/wp\/v2\/product\/1073411","targetHints":{"allow":["GET"]}}],"collection":[{"href":"https:\/\/www.claret.cat\/es\/wp-json\/wp\/v2\/product"}],"about":[{"href":"https:\/\/www.claret.cat\/es\/wp-json\/wp\/v2\/types\/product"}],"wp:featuredmedia":[{"embeddable":true,"href":"https:\/\/www.claret.cat\/es\/wp-json\/wp\/v2\/media\/1073429"}],"wp:attachment":[{"href":"https:\/\/www.claret.cat\/es\/wp-json\/wp\/v2\/media?parent=1073411"}],"wp:term":[{"taxonomy":"product_brand","embeddable":true,"href":"https:\/\/www.claret.cat\/es\/wp-json\/wp\/v2\/product_brand?post=1073411"},{"taxonomy":"product_cat","embeddable":true,"href":"https:\/\/www.claret.cat\/es\/wp-json\/wp\/v2\/product_cat?post=1073411"},{"taxonomy":"product_tag","embeddable":true,"href":"https:\/\/www.claret.cat\/es\/wp-json\/wp\/v2\/product_tag?post=1073411"}],"curies":[{"name":"wp","href":"https:\/\/api.w.org\/{rel}","templated":true}]}}