{"id":107343,"date":"2022-10-12T09:30:32","date_gmt":"2022-10-12T07:30:32","guid":{"rendered":"http:\/\/dev.claret.cat\/producte\/verdad-posverdad-y-fake-news\/"},"modified":"2023-01-28T14:50:53","modified_gmt":"2023-01-28T13:50:53","slug":"verdad-posverdad-y-fake-news-9788497439091","status":"publish","type":"product","link":"https:\/\/www.claret.cat\/es\/libro\/verdad-posverdad-y-fake-news-9788497439091\/","title":{"rendered":"VERDAD, POSVERDAD Y FAKE NEWS"},"content":{"rendered":"<p>Este libro habla de verdades, porque \u201ca menudo constatamos que la verdad es tergiversada, ocultada y escondida por determinados intereses. Y no solo en los medios de comunicaci\u00f3n social, sino tambi\u00e9n en nuestra vida cotidiana, en el marco de nuestras relaciones. Tambi\u00e9n observamos que, en el \u00e1gora social, circulan falsas verdades, mensajes enga\u00f1osos que crean un ambiente turbio y abonan el terreno de la desconfianza\u201d. \u00bfTodav\u00eda hay lugar para la verdad?<\/p>\n","protected":false},"excerpt":{"rendered":"<p>TORRALBA ROSELL\u00d3, FRANCESC \/ GARCIA DEL MURO SOLANS, JOAN \/ RUIZ CABALLERO, CAR<\/p>\n","protected":false},"featured_media":107344,"template":"","meta":{"_acf_changed":false,"om_disable_all_campaigns":false,"rs_blank_template":"","rs_page_bg_color":"","slide_template_v7":"","inline_featured_image":false,"_monsterinsights_skip_tracking":false,"_monsterinsights_sitenote_active":false,"_monsterinsights_sitenote_note":"","_monsterinsights_sitenote_category":0},"product_brand":[],"product_cat":[166],"product_tag":[],"class_list":{"0":"post-107343","1":"product","2":"type-product","3":"status-publish","4":"has-post-thumbnail","6":"product_cat-autors-filosofia","8":"first","9":"instock","10":"taxable","11":"shipping-taxable","12":"purchasable","13":"product-type-simple"},"acf":{"editorial":[{"ID":148530,"post_author":"3","post_date":"2022-10-14 11:58:58","post_date_gmt":"2022-10-14 09:58:58","post_content":"","post_title":"MILENIO","post_excerpt":"","post_status":"publish","comment_status":"closed","ping_status":"closed","post_password":"","post_name":"milenio","to_ping":"","pinged":"","post_modified":"2022-10-14 11:58:58","post_modified_gmt":"2022-10-14 09:58:58","post_content_filtered":"","post_parent":0,"guid":"http:\/\/dev.claret.cat\/editorial\/milenio\/","menu_order":0,"post_type":"editorial","post_mime_type":"","comment_count":"0","filter":"raw"}],"autor":"TORRALBA ROSELL\u00d3, FRANCESC \/ GARCIA DEL MURO SOLANS, JOAN \/ RUIZ CABALLERO, CAR","codart":"849743909","libros-coleccion":"Ensayo","ediciones":"1","encuadernacion":"R\u00fastica","fecha_de_publicacion":"01\/06\/2020","novedad":"1","paginas":"93","subtitulo":"","orden":"0","portada":"0","idioma":"spa","autores-libros":[{"ID":159323,"post_author":"3","post_date":"2022-10-14 15:43:55","post_date_gmt":"2022-10-14 13:43:55","post_content":"","post_title":"JOAN GARC\u00cdA DEL MURO SOLANS","post_excerpt":"","post_status":"publish","comment_status":"closed","ping_status":"closed","post_password":"","post_name":"joan-garcia-del-muro-solans","to_ping":"","pinged":"","post_modified":"2022-10-14 15:43:55","post_modified_gmt":"2022-10-14 13:43:55","post_content_filtered":"","post_parent":0,"guid":"http:\/\/dev.claret.cat\/autor\/joan-garcia-del-muro-solans\/","menu_order":0,"post_type":"autor","post_mime_type":"","comment_count":"0","filter":"raw"},{"ID":156146,"post_author":"3","post_date":"2022-10-14 15:18:29","post_date_gmt":"2022-10-14 13:18:29","post_content":"","post_title":"FRANCESC TORRALBA ROSELL\u00d3","post_excerpt":"","post_status":"publish","comment_status":"closed","ping_status":"closed","post_password":"","post_name":"francesc-torralba-rosello","to_ping":"","pinged":"","post_modified":"2022-10-14 15:18:29","post_modified_gmt":"2022-10-14 13:18:29","post_content_filtered":"","post_parent":0,"guid":"http:\/\/dev.claret.cat\/autor\/francesc-torralba-rosello\/","menu_order":0,"post_type":"autor","post_mime_type":"","comment_count":"0","filter":"raw"},{"ID":152068,"post_author":"3","post_date":"2022-10-14 14:45:51","post_date_gmt":"2022-10-14 12:45:51","post_content":"","post_title":"CAR RUIZ CABALLERO","post_excerpt":"","post_status":"publish","comment_status":"closed","ping_status":"closed","post_password":"","post_name":"car-ruiz-caballero","to_ping":"","pinged":"","post_modified":"2022-10-14 14:45:51","post_modified_gmt":"2022-10-14 12:45:51","post_content_filtered":"","post_parent":0,"guid":"http:\/\/dev.claret.cat\/autor\/car-ruiz-caballero\/","menu_order":0,"post_type":"autor","post_mime_type":"","comment_count":"0","filter":"raw"}]},"aioseo_notices":[],"_links":{"self":[{"href":"https:\/\/www.claret.cat\/es\/wp-json\/wp\/v2\/product\/107343","targetHints":{"allow":["GET"]}}],"collection":[{"href":"https:\/\/www.claret.cat\/es\/wp-json\/wp\/v2\/product"}],"about":[{"href":"https:\/\/www.claret.cat\/es\/wp-json\/wp\/v2\/types\/product"}],"wp:featuredmedia":[{"embeddable":true,"href":"https:\/\/www.claret.cat\/es\/wp-json\/wp\/v2\/media\/107344"}],"wp:attachment":[{"href":"https:\/\/www.claret.cat\/es\/wp-json\/wp\/v2\/media?parent=107343"}],"wp:term":[{"taxonomy":"product_brand","embeddable":true,"href":"https:\/\/www.claret.cat\/es\/wp-json\/wp\/v2\/product_brand?post=107343"},{"taxonomy":"product_cat","embeddable":true,"href":"https:\/\/www.claret.cat\/es\/wp-json\/wp\/v2\/product_cat?post=107343"},{"taxonomy":"product_tag","embeddable":true,"href":"https:\/\/www.claret.cat\/es\/wp-json\/wp\/v2\/product_tag?post=107343"}],"curies":[{"name":"wp","href":"https:\/\/api.w.org\/{rel}","templated":true}]}}