{"id":1073526,"date":"2026-01-13T12:36:03","date_gmt":"2026-01-13T11:36:03","guid":{"rendered":"https:\/\/www.claret.cat\/llibre\/la-increible-aventura-de-la-tierra-9791370091224\/"},"modified":"2026-01-15T18:10:11","modified_gmt":"2026-01-15T17:10:11","slug":"la-increible-aventura-de-la-tierra-9791370091224","status":"publish","type":"product","link":"https:\/\/www.claret.cat\/es\/libro\/la-increible-aventura-de-la-tierra-9791370091224\/","title":{"rendered":"LA INCRE\u00cdBLE AVENTURA DE LA TIERRA"},"content":{"rendered":"<p>\u00bfQu\u00e9 secretos guarda la historia de la Tierra? \u00bfC\u00f3mo hemos logrado descifrar su pasado y entender nuestro lugar en el universo? \u00bfDe d\u00f3nde venimos?<br \/>Alain Riazuelo nos gu\u00eda por los grandes hitos de la ciencia que han permitido descifrar la historia de nuestro planeta: las preguntas audaces, los experimentos ingeniosos y los debates rupturistas, desde la hip\u00f3tesis de la nebulosa de Laplace hasta el descubrimiento de la deriva continental o la dataci\u00f3n de las rocas m\u00e1s antiguas, mostrando c\u00f3mo cada avance ha transformado nuestra visi\u00f3n del mundo.Una historia que comprende 13 800 millones de a\u00f1os, que comienza con las part\u00edculas del universo primordial y se extiende hasta nosotros. Estas p\u00e1ginas son un homenaje a la curiosidad y al esp\u00edritu cr\u00edtico y una invitaci\u00f3n a seguir maravill\u00e1ndose con el proceso cient\u00edfico, una aventura intelectual que nos conecta desde hace milenios con la Tierra y con el cosmos.<br \/>_______<br \/>Alain Riazuelo es astrof\u00edsico e investigador del Centro Nacional para la Investigaci\u00f3n Cient\u00edfica (CNRS) en el Instituto de Astrof\u00edsica de Par\u00eds y colabora en diversos medios de divulgaci\u00f3n cient\u00edfica. Est\u00e1 especializado en la historia del universo primitivo y, sobre todo, en los agujeros negros. En 2012, recibi\u00f3 el Premio \u00abAstronom\u00eda en Sociedad\u00bb del consejo de la Sociedad Francesa de Astronom\u00eda y Astrof\u00edsica. Es autor de Por qu\u00e9 la Tierra es redonda, Por qu\u00e9 E=mc2 y Agujeros negros. Un misterio c\u00f3smico por fin desvelado.<\/p>\n","protected":false},"excerpt":{"rendered":"<p>ALAIN RIAZUELO<\/p>\n","protected":false},"featured_media":1073527,"template":"","meta":{"_acf_changed":false,"om_disable_all_campaigns":false,"rs_blank_template":"","rs_page_bg_color":"","slide_template_v7":"","inline_featured_image":false,"_monsterinsights_skip_tracking":false,"_monsterinsights_sitenote_active":false,"_monsterinsights_sitenote_note":"","_monsterinsights_sitenote_category":0},"product_brand":[],"product_cat":[104,554],"product_tag":[],"class_list":{"0":"post-1073526","1":"product","2":"type-product","3":"status-publish","4":"has-post-thumbnail","6":"product_cat-ciencia","7":"product_cat-ciencia-5_otras-spa","9":"first","10":"instock","11":"taxable","12":"shipping-taxable","13":"purchasable","14":"product-type-simple"},"acf":{"autor":"ALAIN RIAZUELO","codart":"137009122","libros-coleccion":"FORA DE COL.LECCI\u00d3","ediciones":"1","encuadernacion":"R\u00fastica","fecha_de_publicacion":"01\/01\/2026","novedad":"1","paginas":"262","subtitulo":"","orden":"0","portada":"0","idioma":"spa","booktrailer":"","resenas":"","editorial":[{"ID":6119,"post_author":"3","post_date":"2022-07-28 17:45:18","post_date_gmt":"2022-07-28 15:45:18","post_content":"","post_title":"Alianza Editorial","post_excerpt":"","post_status":"publish","comment_status":"closed","ping_status":"closed","post_password":"","post_name":"alianza-editorial","to_ping":"","pinged":"","post_modified":"2022-07-28 17:45:18","post_modified_gmt":"2022-07-28 15:45:18","post_content_filtered":"","post_parent":0,"guid":"http:\/\/dev.claret.cat\/editorial\/alianza-editorial\/","menu_order":0,"post_type":"editorial","post_mime_type":"","comment_count":"0","filter":"raw"}]},"aioseo_notices":[],"_links":{"self":[{"href":"https:\/\/www.claret.cat\/es\/wp-json\/wp\/v2\/product\/1073526","targetHints":{"allow":["GET"]}}],"collection":[{"href":"https:\/\/www.claret.cat\/es\/wp-json\/wp\/v2\/product"}],"about":[{"href":"https:\/\/www.claret.cat\/es\/wp-json\/wp\/v2\/types\/product"}],"wp:featuredmedia":[{"embeddable":true,"href":"https:\/\/www.claret.cat\/es\/wp-json\/wp\/v2\/media\/1073527"}],"wp:attachment":[{"href":"https:\/\/www.claret.cat\/es\/wp-json\/wp\/v2\/media?parent=1073526"}],"wp:term":[{"taxonomy":"product_brand","embeddable":true,"href":"https:\/\/www.claret.cat\/es\/wp-json\/wp\/v2\/product_brand?post=1073526"},{"taxonomy":"product_cat","embeddable":true,"href":"https:\/\/www.claret.cat\/es\/wp-json\/wp\/v2\/product_cat?post=1073526"},{"taxonomy":"product_tag","embeddable":true,"href":"https:\/\/www.claret.cat\/es\/wp-json\/wp\/v2\/product_tag?post=1073526"}],"curies":[{"name":"wp","href":"https:\/\/api.w.org\/{rel}","templated":true}]}}