{"id":1073578,"date":"2026-01-13T16:00:17","date_gmt":"2026-01-13T15:00:17","guid":{"rendered":"https:\/\/www.claret.cat\/llibre\/anna-kadabra-17-la-tormenta-arcoiris-9788408313496\/"},"modified":"2026-02-25T10:55:57","modified_gmt":"2026-02-25T09:55:57","slug":"anna-kadabra-17-la-tormenta-arcoiris-9788408313496","status":"publish","type":"product","link":"https:\/\/www.claret.cat\/es\/libro\/anna-kadabra-17-la-tormenta-arcoiris-9788408313496\/","title":{"rendered":"ANNA KADABRA 17. LA TORMENTA ARCO\u00cdRIS"},"content":{"rendered":"<p>Hace semanas que la lluvia no da un respiro a Moonville. Incluso la mansi\u00f3n encantada se ha llenado de goteras, obligando a los aprendices a buscar un nuevo cuartel general. Harta del mal tiempo, Anna decide invocar la primavera por su cuenta. Sin embargo, abusar ego\u00edstamente de la magia siempre tiene un precio\u2026<br \/> \u00a1uno demasiado alto!<br \/> \u00a0\u00a0<br \/> Descubre el mundo de Anna Kadabra y su m\u00e1gico Club de la Luna Llena, la colecci\u00f3n best seller para primeros lectores.<br \/> \u00a0<br \/> Los ingredientes de la p\u00f3cima m\u00e1gica de esta serie son:<\/p>\n<p> La amistad, la magia, el humor y el empoderamiento femenino.<br \/> Un t\u00e1ndem de autores m\u00e1gico: el escritor Pedro Ma\u00f1as, ganador del Cervantes Chico, y uno de los mejores ilustradores de nuestro pa\u00eds: David Sierra.<br \/> Cap\u00edtulos breves, tramas sencillas, divertidas\u2026 \u00a1y llenas de ilustraciones!<br \/> Un grupo de amigos con los que los lectores se podr\u00e1n sentir identificados.<br \/> Aventuras autoconclusivas que pueden leerse de forma independiente.<\/p>\n<p> \u00a0<br \/> Si te gusta la magia&#8230; \u00a1te encantar\u00e1 Anna Kadabra!<br \/> \u00a0<br \/> G\u00e9neros<\/p>\n<p> Primeros lectores<br \/> Libros familiares<br \/> Libros ilustrados infantiles<br \/> Relatos de acci\u00f3n y aventuras<br \/> Brujas, magos y hechiceros<\/p>\n","protected":false},"excerpt":{"rendered":"<p>PEDRO MA\u00d1AS<\/p>\n","protected":false},"featured_media":1073579,"template":"","meta":{"_acf_changed":false,"om_disable_all_campaigns":false,"rs_blank_template":"","rs_page_bg_color":"","slide_template_v7":"","inline_featured_image":false,"_monsterinsights_skip_tracking":false,"_monsterinsights_sitenote_active":false,"_monsterinsights_sitenote_note":"","_monsterinsights_sitenote_category":0},"product_brand":[],"product_cat":[132,362],"product_tag":[],"class_list":{"0":"post-1073578","1":"product","2":"type-product","3":"status-publish","4":"has-post-thumbnail","6":"product_cat-lectures-per-preadolescents-6-12-anys","7":"product_cat-libros-preadolescentes-6-12-anos","9":"first","10":"instock","11":"taxable","12":"shipping-taxable","13":"purchasable","14":"product-type-simple"},"acf":{"autor":"PEDRO MA\u00d1AS","codart":"840831349","libros-coleccion":"PLANETA EDICIONES","ediciones":"1","encuadernacion":"R\u00fastica","fecha_de_publicacion":"01\/01\/2026","novedad":"1","paginas":"123","subtitulo":"ANNA KADABRA 17","orden":"0","portada":"0","idioma":"spa","booktrailer":"","resenas":"","editorial":[{"ID":6233,"post_author":"3","post_date":"2022-07-28 17:47:48","post_date_gmt":"2022-07-28 15:47:48","post_content":"","post_title":"EDITORIAL PLANETA","post_excerpt":"","post_status":"publish","comment_status":"closed","ping_status":"closed","post_password":"","post_name":"editorial-planeta","to_ping":"","pinged":"","post_modified":"2022-07-28 17:47:48","post_modified_gmt":"2022-07-28 15:47:48","post_content_filtered":"","post_parent":0,"guid":"http:\/\/dev.claret.cat\/editorial\/editorial-planeta\/","menu_order":0,"post_type":"editorial","post_mime_type":"","comment_count":"0","filter":"raw"}]},"aioseo_notices":[],"_links":{"self":[{"href":"https:\/\/www.claret.cat\/es\/wp-json\/wp\/v2\/product\/1073578","targetHints":{"allow":["GET"]}}],"collection":[{"href":"https:\/\/www.claret.cat\/es\/wp-json\/wp\/v2\/product"}],"about":[{"href":"https:\/\/www.claret.cat\/es\/wp-json\/wp\/v2\/types\/product"}],"wp:featuredmedia":[{"embeddable":true,"href":"https:\/\/www.claret.cat\/es\/wp-json\/wp\/v2\/media\/1073579"}],"wp:attachment":[{"href":"https:\/\/www.claret.cat\/es\/wp-json\/wp\/v2\/media?parent=1073578"}],"wp:term":[{"taxonomy":"product_brand","embeddable":true,"href":"https:\/\/www.claret.cat\/es\/wp-json\/wp\/v2\/product_brand?post=1073578"},{"taxonomy":"product_cat","embeddable":true,"href":"https:\/\/www.claret.cat\/es\/wp-json\/wp\/v2\/product_cat?post=1073578"},{"taxonomy":"product_tag","embeddable":true,"href":"https:\/\/www.claret.cat\/es\/wp-json\/wp\/v2\/product_tag?post=1073578"}],"curies":[{"name":"wp","href":"https:\/\/api.w.org\/{rel}","templated":true}]}}