{"id":1073590,"date":"2026-01-13T16:01:25","date_gmt":"2026-01-13T15:01:25","guid":{"rendered":"https:\/\/www.claret.cat\/llibre\/un-carrer-sense-sortida-9788466434492\/"},"modified":"2026-01-13T17:40:41","modified_gmt":"2026-01-13T16:40:41","slug":"un-carrer-sense-sortida-9788466434492","status":"publish","type":"product","link":"https:\/\/www.claret.cat\/es\/libro\/un-carrer-sense-sortida-9788466434492\/","title":{"rendered":"UN CARRER SENSE SORTIDA"},"content":{"rendered":"<p>Tres ve\u00efnes, un secret i un ve\u00ed amb massa temps\u00a0lliure.Florenci Recasens ha deixat el seu pis de la Bonanova per seguir la seva esposa, registradora de la propietat, fins a un poble costaner del Maresme. Des de la finestra del seu despatx contempla el m\u00f3n amb un menyspreu gaireb\u00e9 esportiu. Per\u00f2 tot canvia quan coneix l\u2019Elvireta, una vella enigm\u00e0tica obsessionada amb un malet\u00ed, i la seva rutina de marit dom\u00e8stic es converteix en una operaci\u00f3 d\u2019espionatge de barri. A la partida s\u2019hi afegeixen tamb\u00e9 la Lola i la Dorita, dues ve\u00efnes decidides a no quedar-se\u2019n al marge.<br \/> Amb una veu hilarant i elegant alhora, Un carrer sense sortida dissecciona els codis del ve\u00efnat i la moral de poble, revela els pactes familiars i els secrets que s\u2019intenten amagar i, al capdavall, ofereix un retrat costumista delici\u00f3s en qu\u00e8 l\u2019humor i la cr\u00edtica social avancen plegats.<\/p>\n","protected":false},"excerpt":{"rendered":"<p>ANNA LLEONART MIR\u00d3<\/p>\n","protected":false},"featured_media":1073692,"template":"","meta":{"_acf_changed":false,"om_disable_all_campaigns":false,"rs_blank_template":"","rs_page_bg_color":"","slide_template_v7":"","inline_featured_image":false,"_monsterinsights_skip_tracking":false,"_monsterinsights_sitenote_active":false,"_monsterinsights_sitenote_note":"","_monsterinsights_sitenote_category":0},"product_brand":[],"product_cat":[127,357],"product_tag":[],"class_list":{"0":"post-1073590","1":"product","2":"type-product","3":"status-publish","4":"has-post-thumbnail","6":"product_cat-novella-contemporania","7":"product_cat-novela-contemporanea","9":"first","10":"instock","11":"taxable","12":"shipping-taxable","13":"purchasable","14":"product-type-simple"},"acf":{"autor":"ANNA LLEONART MIR\u00d3","codart":"846643449","libros-coleccion":"Cl\u00e0ssica","ediciones":"1","encuadernacion":"R\u00fastica","fecha_de_publicacion":"01\/01\/2026","novedad":"1","paginas":"326","subtitulo":"","orden":"0","portada":"0","idioma":"cat","booktrailer":"","resenas":"","editorial":[{"ID":6166,"post_author":"3","post_date":"2022-07-28 17:46:19","post_date_gmt":"2022-07-28 15:46:19","post_content":"","post_title":"Columna CAT","post_excerpt":"","post_status":"publish","comment_status":"closed","ping_status":"closed","post_password":"","post_name":"columna-cat","to_ping":"","pinged":"","post_modified":"2022-07-28 17:46:19","post_modified_gmt":"2022-07-28 15:46:19","post_content_filtered":"","post_parent":0,"guid":"http:\/\/dev.claret.cat\/editorial\/columna-cat\/","menu_order":0,"post_type":"editorial","post_mime_type":"","comment_count":"0","filter":"raw"}]},"aioseo_notices":[],"_links":{"self":[{"href":"https:\/\/www.claret.cat\/es\/wp-json\/wp\/v2\/product\/1073590","targetHints":{"allow":["GET"]}}],"collection":[{"href":"https:\/\/www.claret.cat\/es\/wp-json\/wp\/v2\/product"}],"about":[{"href":"https:\/\/www.claret.cat\/es\/wp-json\/wp\/v2\/types\/product"}],"wp:featuredmedia":[{"embeddable":true,"href":"https:\/\/www.claret.cat\/es\/wp-json\/wp\/v2\/media\/1073692"}],"wp:attachment":[{"href":"https:\/\/www.claret.cat\/es\/wp-json\/wp\/v2\/media?parent=1073590"}],"wp:term":[{"taxonomy":"product_brand","embeddable":true,"href":"https:\/\/www.claret.cat\/es\/wp-json\/wp\/v2\/product_brand?post=1073590"},{"taxonomy":"product_cat","embeddable":true,"href":"https:\/\/www.claret.cat\/es\/wp-json\/wp\/v2\/product_cat?post=1073590"},{"taxonomy":"product_tag","embeddable":true,"href":"https:\/\/www.claret.cat\/es\/wp-json\/wp\/v2\/product_tag?post=1073590"}],"curies":[{"name":"wp","href":"https:\/\/api.w.org\/{rel}","templated":true}]}}