{"id":1073632,"date":"2026-01-13T16:16:24","date_gmt":"2026-01-13T15:16:24","guid":{"rendered":"https:\/\/www.claret.cat\/llibre\/les-manifestacions-per-lamnistia-i-la-llibertat-9791387728281\/"},"modified":"2026-03-02T13:30:16","modified_gmt":"2026-03-02T12:30:16","slug":"les-manifestacions-per-lamnistia-i-la-llibertat-9791387728281","status":"publish","type":"product","link":"https:\/\/www.claret.cat\/es\/libro\/les-manifestacions-per-lamnistia-i-la-llibertat-9791387728281\/","title":{"rendered":"LES MANIFESTACIONS PER L&#8217;AMNISTIA I LA LLIBERTAT"},"content":{"rendered":"<p>El febrer de 1976, Barcelona va viure dues mobilitzacions hist\u00f2riques que van desafiar obertament la dictadura i van marcar un punt d\u2019inflexi\u00f3 en la lluita per l\u2019amnistia, les llibertats i l\u2019autogovern. La resist\u00e8ncia popular, reprimida amb brutalitat pels grisos, va esdevenir s\u00edmbol de for\u00e7a col\u00b7lectiva i va situar la ciutat al centre de l\u2019atenci\u00f3 internacional.<br \/> Aquest llibre reconstrueix aquells dies decisius a trav\u00e9s de testimonis directes, documents in\u00e8dits i la mirada de la premsa de l\u2019\u00e8poca. Una cr\u00f2nica rigorosa que mostra com l\u2019Assemblea de Catalunya va articular l\u2019oposici\u00f3 i com la mobilitzaci\u00f3 ciutadana va emp\u00e8nyer els inicis de la Transici\u00f3.<\/p>\n","protected":false},"excerpt":{"rendered":"<p>DAVID BALLESTER<\/p>\n","protected":false},"featured_media":1073633,"template":"","meta":{"_acf_changed":false,"om_disable_all_campaigns":false,"rs_blank_template":"","rs_page_bg_color":"","slide_template_v7":"","inline_featured_image":false,"_monsterinsights_skip_tracking":false,"_monsterinsights_sitenote_active":false,"_monsterinsights_sitenote_note":"","_monsterinsights_sitenote_category":0},"product_brand":[],"product_cat":[430,153],"product_tag":[],"class_list":{"0":"post-1073632","1":"product","2":"type-product","3":"status-publish","4":"has-post-thumbnail","6":"product_cat-cataluna","7":"product_cat-catalunya","9":"first","10":"instock","11":"taxable","12":"shipping-taxable","13":"purchasable","14":"product-type-simple"},"acf":{"autor":"DAVID BALLESTER","codart":"138772828","libros-coleccion":"","ediciones":"1","encuadernacion":"R\u00fastica","fecha_de_publicacion":"01\/01\/2026","novedad":"1","paginas":"280","subtitulo":"BARCELONA 1 I 8 DE FEBRER","orden":"0","portada":"0","idioma":"cat","booktrailer":"","resenas":"","editorial":[{"ID":147931,"post_author":"3","post_date":"2022-10-14 11:54:20","post_date_gmt":"2022-10-14 09:54:20","post_content":"","post_title":"EDITORIAL BASE (CAT)","post_excerpt":"","post_status":"publish","comment_status":"closed","ping_status":"closed","post_password":"","post_name":"editorial-base-cat","to_ping":"","pinged":"","post_modified":"2022-10-14 11:54:20","post_modified_gmt":"2022-10-14 09:54:20","post_content_filtered":"","post_parent":0,"guid":"http:\/\/dev.claret.cat\/editorial\/editorial-base-cat\/","menu_order":0,"post_type":"editorial","post_mime_type":"","comment_count":"0","filter":"raw"}]},"aioseo_notices":[],"_links":{"self":[{"href":"https:\/\/www.claret.cat\/es\/wp-json\/wp\/v2\/product\/1073632","targetHints":{"allow":["GET"]}}],"collection":[{"href":"https:\/\/www.claret.cat\/es\/wp-json\/wp\/v2\/product"}],"about":[{"href":"https:\/\/www.claret.cat\/es\/wp-json\/wp\/v2\/types\/product"}],"wp:featuredmedia":[{"embeddable":true,"href":"https:\/\/www.claret.cat\/es\/wp-json\/wp\/v2\/media\/1073633"}],"wp:attachment":[{"href":"https:\/\/www.claret.cat\/es\/wp-json\/wp\/v2\/media?parent=1073632"}],"wp:term":[{"taxonomy":"product_brand","embeddable":true,"href":"https:\/\/www.claret.cat\/es\/wp-json\/wp\/v2\/product_brand?post=1073632"},{"taxonomy":"product_cat","embeddable":true,"href":"https:\/\/www.claret.cat\/es\/wp-json\/wp\/v2\/product_cat?post=1073632"},{"taxonomy":"product_tag","embeddable":true,"href":"https:\/\/www.claret.cat\/es\/wp-json\/wp\/v2\/product_tag?post=1073632"}],"curies":[{"name":"wp","href":"https:\/\/api.w.org\/{rel}","templated":true}]}}