{"id":107370,"date":"2022-10-12T09:30:55","date_gmt":"2022-10-12T07:30:55","guid":{"rendered":"http:\/\/dev.claret.cat\/producte\/el-evangelio-en-el-punto-de-mira\/"},"modified":"2024-05-02T05:49:01","modified_gmt":"2024-05-02T03:49:01","slug":"el-evangelio-en-el-punto-de-mira-9788428836029","status":"publish","type":"product","link":"https:\/\/www.claret.cat\/es\/libro\/el-evangelio-en-el-punto-de-mira-9788428836029\/","title":{"rendered":"EL EVANGELIO EN EL PUNTO DE MIRA"},"content":{"rendered":"<p>La cultura religiosa ha disminuido y la Biblia apenas est\u00e1 presente en la catequesis. \u00bfPuede existir una catequesis que no sea b\u00edblica? La respuesta es tajante: imposible. La catequesis cristiana desaparecer\u00e1 si no recuperamos sus ra\u00edces b\u00edblicas. El contacto orante con las Escrituras referidas a Jesucristo es el alimento de la fe; es incluso la base de toda oraci\u00f3n cristiana y de la contemplaci\u00f3n.En este libro se propone un recorrido por varios textos del Nuevo Testamento siguiendo el ciclo lit\u00fargico,\u00a0un acercamiento orante a cada uno de ellos a trav\u00e9s del m\u00e9todo de la Lectio divina. El papa em\u00e9rito\u00a0Benedicto XVI recomienda esta antigua pr\u00e1ctica: \u201cLa lectura asidua de la Sagrada Escritura acompa\u00f1ada\u00a0por la oraci\u00f3n permite ese \u00edntimo di\u00e1logo en el que, a trav\u00e9s de la lectura, se escucha a Dios que habla,\u00a0y a trav\u00e9s de la oraci\u00f3n, se le responde con una confiada apertura del coraz\u00f3n\u201d.El itinerario que se propone es para hacerlo en grupo o comunidad, aunque tambi\u00e9n contiene unos apartados\u00a0de trabajo personal. Est\u00e1 pensado para que j\u00f3venes y adultos conozcan y vivan a fondo el Evangelio.<\/p>\n","protected":false},"excerpt":{"rendered":"<p>ARJONA GIL, JOS\u00c9, pbro.<\/p>\n","protected":false},"featured_media":338093,"template":"","meta":{"_acf_changed":false,"om_disable_all_campaigns":false,"rs_blank_template":"","rs_page_bg_color":"","slide_template_v7":"","inline_featured_image":false,"_monsterinsights_skip_tracking":false,"_monsterinsights_sitenote_active":false,"_monsterinsights_sitenote_note":"","_monsterinsights_sitenote_category":0},"product_brand":[],"product_cat":[90,540],"product_tag":[],"class_list":{"0":"post-107370","1":"product","2":"type-product","3":"status-publish","4":"has-post-thumbnail","6":"product_cat-altres","7":"product_cat-otros","9":"first","10":"instock","11":"taxable","12":"shipping-taxable","13":"purchasable","14":"product-type-simple"},"acf":{"editorial":[{"ID":6335,"post_author":"3","post_date":"2022-07-28 17:49:59","post_date_gmt":"2022-07-28 15:49:59","post_content":"","post_title":"PPC altres","post_excerpt":"","post_status":"publish","comment_status":"closed","ping_status":"closed","post_password":"","post_name":"ppc-altres","to_ping":"","pinged":"","post_modified":"2022-07-28 17:49:59","post_modified_gmt":"2022-07-28 15:49:59","post_content_filtered":"","post_parent":0,"guid":"http:\/\/dev.claret.cat\/editorial\/ppc-altres\/","menu_order":0,"post_type":"editorial","post_mime_type":"","comment_count":"0","filter":"raw"}],"autores-libros":[{"ID":5636,"post_author":"3","post_date":"2022-07-28 17:28:14","post_date_gmt":"2022-07-28 15:28:14","post_content":"","post_title":"JOS\u00c9 ARJONA GIL","post_excerpt":"","post_status":"publish","comment_status":"closed","ping_status":"closed","post_password":"","post_name":"jose-arjona-gil","to_ping":"","pinged":"","post_modified":"2022-07-28 17:28:14","post_modified_gmt":"2022-07-28 15:28:14","post_content_filtered":"","post_parent":0,"guid":"http:\/\/dev.claret.cat\/autor\/jose-arjona-gil\/","menu_order":0,"post_type":"autor","post_mime_type":"","comment_count":"0","filter":"raw"}],"autor":"ARJONA GIL, JOS\u00c9, pbro.","codart":"842883602","libros-coleccion":"","ediciones":"1","encuadernacion":"R\u00fastica","fecha_de_publicacion":"30\/07\/2020","novedad":"1","paginas":"240","subtitulo":"REFLEXI\u00d3N DE LA BUENA NOTICIA EN COMUNIDAD","orden":"0","portada":"0","idioma":"spa"},"aioseo_notices":[],"_links":{"self":[{"href":"https:\/\/www.claret.cat\/es\/wp-json\/wp\/v2\/product\/107370","targetHints":{"allow":["GET"]}}],"collection":[{"href":"https:\/\/www.claret.cat\/es\/wp-json\/wp\/v2\/product"}],"about":[{"href":"https:\/\/www.claret.cat\/es\/wp-json\/wp\/v2\/types\/product"}],"wp:featuredmedia":[{"embeddable":true,"href":"https:\/\/www.claret.cat\/es\/wp-json\/wp\/v2\/media\/338093"}],"wp:attachment":[{"href":"https:\/\/www.claret.cat\/es\/wp-json\/wp\/v2\/media?parent=107370"}],"wp:term":[{"taxonomy":"product_brand","embeddable":true,"href":"https:\/\/www.claret.cat\/es\/wp-json\/wp\/v2\/product_brand?post=107370"},{"taxonomy":"product_cat","embeddable":true,"href":"https:\/\/www.claret.cat\/es\/wp-json\/wp\/v2\/product_cat?post=107370"},{"taxonomy":"product_tag","embeddable":true,"href":"https:\/\/www.claret.cat\/es\/wp-json\/wp\/v2\/product_tag?post=107370"}],"curies":[{"name":"wp","href":"https:\/\/api.w.org\/{rel}","templated":true}]}}