{"id":1073796,"date":"2026-01-14T14:30:23","date_gmt":"2026-01-14T13:30:23","guid":{"rendered":"https:\/\/www.claret.cat\/llibre\/100-baggers-9791387936044\/"},"modified":"2026-01-14T16:55:21","modified_gmt":"2026-01-14T15:55:21","slug":"100-baggers-9791387936044","status":"publish","type":"product","link":"https:\/\/www.claret.cat\/es\/libro\/100-baggers-9791387936044\/","title":{"rendered":"100 BAGGERS"},"content":{"rendered":"<p>El best-seller que revela las claves para detectar las acciones m\u00e1s rentables del mercado a largo plazo, capaces de multiplicar por 100 su valor. <\/p>\n<p> \u00bfEs posible multiplicar por cien el capital invertido? Aunque parezca inalcanzable, la historia demuestra que sucede m\u00e1s a menudo de lo que creemos. En este libro, Christopher Mayer analiza a fondo esas compa\u00f1\u00edas \u2014las que convierten 10.000 d\u00f3lares en un mill\u00f3n\u2014 y revela los principios que las unen: negocios con retornos elevados, una capacidad extraordinaria de reinversi\u00f3n, l\u00edderes que piensan como propietarios y una ventaja competitiva que resiste el paso del tiempo. <\/p>\n<p> Basado en el cl\u00e1sico 100 to 1 in the Stock Market del inversor Thomas Phelps, Mayer actualiza su investigaci\u00f3n para mostrar por qu\u00e9 estas empresas alcanzan ese crecimiento y, sobre todo, c\u00f3mo un inversor paciente puede detectarlas antes de que liberen todo su potencial. A trav\u00e9s de casos reales \u2014de Amazon a Monster Beverage, de Netflix a Electronic Arts\u2014, el autor desmonta mitos, evita f\u00f3rmulas m\u00e1gicas y propone un marco disciplinado para pensar en grande y evitar la trampa del corto plazo. <\/p>\n<p> \u00abUno de los mejores libros de inversi\u00f3n en valor: s\u00f3lido en consejos y con un marco \u00fatil incluso para directores generales, financieros y operativos\u00bb. CFO BOOKSHELF<\/p>\n<p> \u00abAmeno y directo. Mayer explica con claridad qu\u00e9 hace extraordinarias a las 100 baggers: alto retorno sobre el capital y l\u00edderes con mentalidad de propietario\u00bb. MICROCAPCLUB<\/p>\n<p> \u00abLa mayor probabilidad de \u00e9xito est\u00e1 en identificar empresas con retornos altos y sostenibles sobre el capital\u00bb. JM FINN<br \/> \u00abEl principio clave: invertir en negocios que generen altos retornos y puedan reinvertirlos. La simplicidad es el coraz\u00f3n de una buena inversi\u00f3n\u00bb. OMD VENTURES<\/p>\n","protected":false},"excerpt":{"rendered":"<p>CHRISTOPHER MAYER<\/p>\n","protected":false},"featured_media":1073848,"template":"","meta":{"_acf_changed":false,"om_disable_all_campaigns":false,"rs_blank_template":"","rs_page_bg_color":"","slide_template_v7":"","inline_featured_image":false,"_monsterinsights_skip_tracking":false,"_monsterinsights_sitenote_active":false,"_monsterinsights_sitenote_note":"","_monsterinsights_sitenote_category":0},"product_brand":[],"product_cat":[162,436],"product_tag":[],"class_list":{"0":"post-1073796","1":"product","2":"type-product","3":"status-publish","4":"has-post-thumbnail","6":"product_cat-economica-i-politica","7":"product_cat-economica-y-politica","9":"first","10":"instock","11":"taxable","12":"shipping-taxable","13":"purchasable","14":"product-type-simple"},"acf":{"autor":"CHRISTOPHER MAYER","codart":"138793604","libros-coleccion":"","ediciones":"1","encuadernacion":"R\u00fastica","fecha_de_publicacion":"01\/01\/2026","novedad":"1","paginas":"280","subtitulo":"ACCIONES QUE SE MULTIPLICAN POR 100 Y C\u00d3MO ENCONTRARLAS","orden":"0","portada":"0","idioma":"spa","booktrailer":"","resenas":"","editorial":[{"ID":1064024,"post_author":"3","post_date":"2025-11-05 14:05:10","post_date_gmt":"2025-11-05 13:05:10","post_content":"","post_title":"Tenos","post_excerpt":"","post_status":"publish","comment_status":"closed","ping_status":"closed","post_password":"","post_name":"tenos","to_ping":"","pinged":"","post_modified":"2025-11-05 14:05:10","post_modified_gmt":"2025-11-05 13:05:10","post_content_filtered":"","post_parent":0,"guid":"https:\/\/www.claret.cat\/editorial\/tenos\/","menu_order":0,"post_type":"editorial","post_mime_type":"","comment_count":"0","filter":"raw"}]},"aioseo_notices":[],"_links":{"self":[{"href":"https:\/\/www.claret.cat\/es\/wp-json\/wp\/v2\/product\/1073796","targetHints":{"allow":["GET"]}}],"collection":[{"href":"https:\/\/www.claret.cat\/es\/wp-json\/wp\/v2\/product"}],"about":[{"href":"https:\/\/www.claret.cat\/es\/wp-json\/wp\/v2\/types\/product"}],"wp:featuredmedia":[{"embeddable":true,"href":"https:\/\/www.claret.cat\/es\/wp-json\/wp\/v2\/media\/1073848"}],"wp:attachment":[{"href":"https:\/\/www.claret.cat\/es\/wp-json\/wp\/v2\/media?parent=1073796"}],"wp:term":[{"taxonomy":"product_brand","embeddable":true,"href":"https:\/\/www.claret.cat\/es\/wp-json\/wp\/v2\/product_brand?post=1073796"},{"taxonomy":"product_cat","embeddable":true,"href":"https:\/\/www.claret.cat\/es\/wp-json\/wp\/v2\/product_cat?post=1073796"},{"taxonomy":"product_tag","embeddable":true,"href":"https:\/\/www.claret.cat\/es\/wp-json\/wp\/v2\/product_tag?post=1073796"}],"curies":[{"name":"wp","href":"https:\/\/api.w.org\/{rel}","templated":true}]}}