{"id":1073827,"date":"2026-01-14T16:10:52","date_gmt":"2026-01-14T15:10:52","guid":{"rendered":"https:\/\/www.claret.cat\/llibre\/tratar-con-personas-dificiles-soft-skills-9791387796099\/"},"modified":"2026-02-24T11:35:05","modified_gmt":"2026-02-24T10:35:05","slug":"tratar-con-personas-dificiles-soft-skills-9791387796099","status":"publish","type":"product","link":"https:\/\/www.claret.cat\/es\/libro\/tratar-con-personas-dificiles-soft-skills-9791387796099\/","title":{"rendered":"TRATAR CON PERSONAS DIF\u00cdCILES. SOFT SKILLS"},"content":{"rendered":"<p>Tratar con personas dif\u00edciles tiene como objetivos: identificar los 10<br \/> comportamientos dif\u00edciles m\u00e1s habituales, comprender el razonamiento y los miedos de las personas dif\u00edciles, utilizar sofisticadas \u00abt\u00e9cnicas de escucha\u00bb para conocer sus necesidades ocultas y trabajar nueve habilidades de \u00abresponsabilidad\u00bb para convertir el conflicto en cooperaci\u00f3n.<\/p>\n<p> Los avances de la tecnolog\u00eda han creado nuevas posibilidades de molestar. Cada d\u00eda se multiplica el n\u00famero de personas dif\u00edciles de soportar y cada vez est\u00e1n m\u00e1s pr\u00f3ximas a nosotros, desde los chats del m\u00f3vil hasta los correos electr\u00f3nicos no deseados. Estas personas pueden solo incomodarte; en el mejor de los casos, o impedir que logres tus objetivos, en el peor de los casos.<br \/> Con este innovador m\u00e9todo de eficacia demostrada, Brinkman y Kirschner te ense\u00f1an a sacar lo mejor del comportamiento de cada persona. No dejes que ciertas personas afecten a tu rendimiento en el trabajo ni en tu vida diaria, utiliza las t\u00e9cnicas explicadas en este libro para aprender a tratar con personas dif\u00edciles.<\/p>\n","protected":false},"excerpt":{"rendered":"<p>RICK BRINKMAN<\/p>\n","protected":false},"featured_media":1073846,"template":"","meta":{"_acf_changed":false,"om_disable_all_campaigns":false,"rs_blank_template":"","rs_page_bg_color":"","slide_template_v7":"","inline_featured_image":false,"_monsterinsights_skip_tracking":false,"_monsterinsights_sitenote_active":false,"_monsterinsights_sitenote_note":"","_monsterinsights_sitenote_category":0},"product_brand":[],"product_cat":[179,377],"product_tag":[],"class_list":{"0":"post-1073827","1":"product","2":"type-product","3":"status-publish","4":"has-post-thumbnail","6":"product_cat-autoajuda-i-salut-mental","7":"product_cat-autoayuda-y-salud-mental","9":"first","10":"instock","11":"taxable","12":"shipping-taxable","13":"purchasable","14":"product-type-simple"},"acf":{"autor":"RICK BRINKMAN","codart":"138779609","libros-coleccion":"","ediciones":"1","encuadernacion":"R\u00fastica","fecha_de_publicacion":"01\/12\/2025","novedad":"1","paginas":"128","subtitulo":"","orden":"0","portada":"0","idioma":"spa","booktrailer":"","resenas":"","editorial":[{"ID":148698,"post_author":"3","post_date":"2022-10-14 12:00:17","post_date_gmt":"2022-10-14 10:00:17","post_content":"","post_title":"PROFIT EDITORIAL","post_excerpt":"","post_status":"publish","comment_status":"closed","ping_status":"closed","post_password":"","post_name":"profit-editorial","to_ping":"","pinged":"","post_modified":"2022-10-14 12:00:17","post_modified_gmt":"2022-10-14 10:00:17","post_content_filtered":"","post_parent":0,"guid":"http:\/\/dev.claret.cat\/editorial\/profit-editorial\/","menu_order":0,"post_type":"editorial","post_mime_type":"","comment_count":"0","filter":"raw"}]},"aioseo_notices":[],"_links":{"self":[{"href":"https:\/\/www.claret.cat\/es\/wp-json\/wp\/v2\/product\/1073827","targetHints":{"allow":["GET"]}}],"collection":[{"href":"https:\/\/www.claret.cat\/es\/wp-json\/wp\/v2\/product"}],"about":[{"href":"https:\/\/www.claret.cat\/es\/wp-json\/wp\/v2\/types\/product"}],"wp:featuredmedia":[{"embeddable":true,"href":"https:\/\/www.claret.cat\/es\/wp-json\/wp\/v2\/media\/1073846"}],"wp:attachment":[{"href":"https:\/\/www.claret.cat\/es\/wp-json\/wp\/v2\/media?parent=1073827"}],"wp:term":[{"taxonomy":"product_brand","embeddable":true,"href":"https:\/\/www.claret.cat\/es\/wp-json\/wp\/v2\/product_brand?post=1073827"},{"taxonomy":"product_cat","embeddable":true,"href":"https:\/\/www.claret.cat\/es\/wp-json\/wp\/v2\/product_cat?post=1073827"},{"taxonomy":"product_tag","embeddable":true,"href":"https:\/\/www.claret.cat\/es\/wp-json\/wp\/v2\/product_tag?post=1073827"}],"curies":[{"name":"wp","href":"https:\/\/api.w.org\/{rel}","templated":true}]}}