{"id":107394,"date":"2022-10-12T09:31:15","date_gmt":"2022-10-12T07:31:15","guid":{"rendered":"http:\/\/dev.claret.cat\/producte\/el-cine-que-ens-va-obrir-els-ulls\/"},"modified":"2026-04-15T12:26:45","modified_gmt":"2026-04-15T10:26:45","slug":"el-cine-que-ens-va-obrir-els-ulls-9788417627676","status":"publish","type":"product","link":"https:\/\/www.claret.cat\/es\/libro\/el-cine-que-ens-va-obrir-els-ulls-9788417627676\/","title":{"rendered":"EL CINE QUE ENS VA OBRIR ELS ULLS"},"content":{"rendered":"<p>Hi ha pel\u00b7l\u00edcules que ens fan plorar a ll\u00e0grima viva. Altres ens fan  riure, xisclar de por o, simplement,  ens enamoren. Algunes ens avorreixen; altres, no ens cansar\u00edem de veure-les. Com\u00e8dies i  melodrames. D&#8221;aventures i de l&#8221;Oest. Gemma Nierga i Jaume Figueras, \u00e0vids espectadors i grans conversadors,  rememoren aquelles pel\u00b7l\u00edcules que al llarg de la vida ens han obert els  ulls. I, en un di\u00e0leg viu i farcit d&#8221;an\u00e8cdotes -de la samarreta d&#8221;en Marlon Brando al Travolta de Grease, de Love Story a  Cinema Paradiso-, conviden a reviure la m\u00e0gia del cinema i a  celebrar-la cantant i ballant com en els grans musicals, com en els d&#8221;en Gene Kelly o La La Land. Un llibre bellament il\u00b7lustrat que  rendeix homenatge al cinema i a l&#8221;amistat.<\/p>\n","protected":false},"excerpt":{"rendered":"<p>NIERGA, GEMMA \/ FIGUERAS, JAUME<\/p>\n","protected":false},"featured_media":107395,"template":"","meta":{"_acf_changed":false,"om_disable_all_campaigns":false,"rs_blank_template":"","rs_page_bg_color":"","slide_template_v7":"","inline_featured_image":false,"_monsterinsights_skip_tracking":false,"_monsterinsights_sitenote_active":false,"_monsterinsights_sitenote_note":"","_monsterinsights_sitenote_category":0},"product_brand":[],"product_cat":[90,540],"product_tag":[],"class_list":{"0":"post-107394","1":"product","2":"type-product","3":"status-publish","4":"has-post-thumbnail","6":"product_cat-altres","7":"product_cat-otros","9":"first","10":"instock","11":"taxable","12":"shipping-taxable","13":"purchasable","14":"product-type-simple"},"acf":{"editorial":[{"ID":6350,"post_author":"3","post_date":"2022-07-28 17:50:18","post_date_gmt":"2022-07-28 15:50:18","post_content":"","post_title":"ROSA DELS VENTS","post_excerpt":"","post_status":"publish","comment_status":"closed","ping_status":"closed","post_password":"","post_name":"rosa-dels-vents","to_ping":"","pinged":"","post_modified":"2022-07-28 17:50:18","post_modified_gmt":"2022-07-28 15:50:18","post_content_filtered":"","post_parent":0,"guid":"http:\/\/dev.claret.cat\/editorial\/rosa-dels-vents\/","menu_order":0,"post_type":"editorial","post_mime_type":"","comment_count":"0","filter":"raw"}],"autor":"NIERGA, GEMMA \/ FIGUERAS, JAUME","codart":"841762767","libros-coleccion":"ACTUALITAT","ediciones":"1","encuadernacion":"Carton\u00e9","fecha_de_publicacion":"01\/03\/2020","novedad":"1","paginas":"288","subtitulo":"","orden":"0","portada":"0","idioma":"cat","autores-libros":[{"ID":156681,"post_author":"3","post_date":"2022-10-14 15:22:45","post_date_gmt":"2022-10-14 13:22:45","post_content":"","post_title":"GEMMA NIERGA","post_excerpt":"","post_status":"publish","comment_status":"closed","ping_status":"closed","post_password":"","post_name":"gemma-nierga","to_ping":"","pinged":"","post_modified":"2022-10-14 15:22:45","post_modified_gmt":"2022-10-14 13:22:45","post_content_filtered":"","post_parent":0,"guid":"http:\/\/dev.claret.cat\/autor\/gemma-nierga\/","menu_order":0,"post_type":"autor","post_mime_type":"","comment_count":"0","filter":"raw"},{"ID":158590,"post_author":"3","post_date":"2022-10-14 15:38:03","post_date_gmt":"2022-10-14 13:38:03","post_content":"","post_title":"JAUME FIGUERAS","post_excerpt":"","post_status":"publish","comment_status":"closed","ping_status":"closed","post_password":"","post_name":"jaume-figueras","to_ping":"","pinged":"","post_modified":"2022-10-14 15:38:03","post_modified_gmt":"2022-10-14 13:38:03","post_content_filtered":"","post_parent":0,"guid":"http:\/\/dev.claret.cat\/autor\/jaume-figueras\/","menu_order":0,"post_type":"autor","post_mime_type":"","comment_count":"0","filter":"raw"}],"booktrailer":"","resenas":""},"aioseo_notices":[],"_links":{"self":[{"href":"https:\/\/www.claret.cat\/es\/wp-json\/wp\/v2\/product\/107394","targetHints":{"allow":["GET"]}}],"collection":[{"href":"https:\/\/www.claret.cat\/es\/wp-json\/wp\/v2\/product"}],"about":[{"href":"https:\/\/www.claret.cat\/es\/wp-json\/wp\/v2\/types\/product"}],"wp:featuredmedia":[{"embeddable":true,"href":"https:\/\/www.claret.cat\/es\/wp-json\/wp\/v2\/media\/107395"}],"wp:attachment":[{"href":"https:\/\/www.claret.cat\/es\/wp-json\/wp\/v2\/media?parent=107394"}],"wp:term":[{"taxonomy":"product_brand","embeddable":true,"href":"https:\/\/www.claret.cat\/es\/wp-json\/wp\/v2\/product_brand?post=107394"},{"taxonomy":"product_cat","embeddable":true,"href":"https:\/\/www.claret.cat\/es\/wp-json\/wp\/v2\/product_cat?post=107394"},{"taxonomy":"product_tag","embeddable":true,"href":"https:\/\/www.claret.cat\/es\/wp-json\/wp\/v2\/product_tag?post=107394"}],"curies":[{"name":"wp","href":"https:\/\/api.w.org\/{rel}","templated":true}]}}