{"id":107409,"date":"2022-10-12T09:31:27","date_gmt":"2022-10-12T07:31:27","guid":{"rendered":"http:\/\/dev.claret.cat\/producte\/1001-pecats-dels-catalans\/"},"modified":"2023-01-28T03:45:39","modified_gmt":"2023-01-28T02:45:39","slug":"1001-pecats-dels-catalans-9788412154542","status":"publish","type":"product","link":"https:\/\/www.claret.cat\/es\/libro\/1001-pecats-dels-catalans-9788412154542\/","title":{"rendered":"1001 PECATS DELS CATALANS"},"content":{"rendered":"","protected":false},"excerpt":{"rendered":"<p>MIRET I ANTOL\u00cd, N\u00daRIA<\/p>\n","protected":false},"featured_media":107410,"template":"","meta":{"_acf_changed":false,"om_disable_all_campaigns":false,"rs_blank_template":"","rs_page_bg_color":"","slide_template_v7":"","inline_featured_image":false,"_monsterinsights_skip_tracking":false,"_monsterinsights_sitenote_active":false,"_monsterinsights_sitenote_note":"","_monsterinsights_sitenote_category":0},"product_brand":[],"product_cat":[153],"product_tag":[],"class_list":{"0":"post-107409","1":"product","2":"type-product","3":"status-publish","4":"has-post-thumbnail","6":"product_cat-catalunya","8":"first","9":"instock","10":"taxable","11":"shipping-taxable","12":"purchasable","13":"product-type-simple"},"acf":{"editorial":[{"ID":148395,"post_author":"3","post_date":"2022-10-14 11:57:54","post_date_gmt":"2022-10-14 09:57:54","post_content":"","post_title":"L'ARCA","post_excerpt":"","post_status":"publish","comment_status":"closed","ping_status":"closed","post_password":"","post_name":"larca","to_ping":"","pinged":"","post_modified":"2022-10-14 11:57:54","post_modified_gmt":"2022-10-14 09:57:54","post_content_filtered":"","post_parent":0,"guid":"http:\/\/dev.claret.cat\/editorial\/larca\/","menu_order":0,"post_type":"editorial","post_mime_type":"","comment_count":"0","filter":"raw"}],"autores-libros":[{"ID":166047,"post_author":"3","post_date":"2022-10-14 18:00:00","post_date_gmt":"2022-10-14 16:00:00","post_content":"","post_title":"N\u00daRIA MIRET I ANTOL\u00cd","post_excerpt":"","post_status":"publish","comment_status":"closed","ping_status":"closed","post_password":"","post_name":"nuria-miret-i-antoli","to_ping":"","pinged":"","post_modified":"2022-10-14 18:00:00","post_modified_gmt":"2022-10-14 16:00:00","post_content_filtered":"","post_parent":0,"guid":"http:\/\/dev.claret.cat\/autor\/nuria-miret-i-antoli\/","menu_order":0,"post_type":"autor","post_mime_type":"","comment_count":"0","filter":"raw"}],"autor":"MIRET I ANTOL\u00cd, N\u00daRIA","codart":"841215454","libros-coleccion":"","ediciones":"1","encuadernacion":"R\u00fastica","fecha_de_publicacion":"01\/07\/2020","novedad":"1","paginas":"180","subtitulo":"","orden":"0","portada":"0","idioma":"cat"},"aioseo_notices":[],"_links":{"self":[{"href":"https:\/\/www.claret.cat\/es\/wp-json\/wp\/v2\/product\/107409","targetHints":{"allow":["GET"]}}],"collection":[{"href":"https:\/\/www.claret.cat\/es\/wp-json\/wp\/v2\/product"}],"about":[{"href":"https:\/\/www.claret.cat\/es\/wp-json\/wp\/v2\/types\/product"}],"wp:featuredmedia":[{"embeddable":true,"href":"https:\/\/www.claret.cat\/es\/wp-json\/wp\/v2\/media\/107410"}],"wp:attachment":[{"href":"https:\/\/www.claret.cat\/es\/wp-json\/wp\/v2\/media?parent=107409"}],"wp:term":[{"taxonomy":"product_brand","embeddable":true,"href":"https:\/\/www.claret.cat\/es\/wp-json\/wp\/v2\/product_brand?post=107409"},{"taxonomy":"product_cat","embeddable":true,"href":"https:\/\/www.claret.cat\/es\/wp-json\/wp\/v2\/product_cat?post=107409"},{"taxonomy":"product_tag","embeddable":true,"href":"https:\/\/www.claret.cat\/es\/wp-json\/wp\/v2\/product_tag?post=107409"}],"curies":[{"name":"wp","href":"https:\/\/api.w.org\/{rel}","templated":true}]}}