{"id":1074105,"date":"2026-01-16T16:45:19","date_gmt":"2026-01-16T15:45:19","guid":{"rendered":"https:\/\/www.claret.cat\/llibre\/carnaval-en-el-jardin-9788498455250\/"},"modified":"2026-01-21T17:06:15","modified_gmt":"2026-01-21T16:06:15","slug":"carnaval-en-el-jardin-9788498455250","status":"publish","type":"product","link":"https:\/\/www.claret.cat\/es\/libro\/carnaval-en-el-jardin-9788498455250\/","title":{"rendered":"CARNAVAL EN EL JARD\u00cdN"},"content":{"rendered":"<p>\u00a1Es Carnaval! Para celebrarlo, todos los animales del jard\u00edn se intercambian las tareas durante un d\u00eda y, en alg\u00fan caso, las cosas salen un poco al rev\u00e9s. Claro, \u00a1no es nada f\u00e1cil hacer de peluquera o de panadera por primera vez!<\/p>\n","protected":false},"excerpt":{"rendered":"<p>GEMMA ARMENGOL, \u00d2SCAR JULVE<\/p>\n","protected":false},"featured_media":1074106,"template":"","meta":{"_acf_changed":false,"om_disable_all_campaigns":false,"rs_blank_template":"","rs_page_bg_color":"","slide_template_v7":"","inline_featured_image":false,"_monsterinsights_skip_tracking":false,"_monsterinsights_sitenote_active":false,"_monsterinsights_sitenote_note":"","_monsterinsights_sitenote_category":0},"product_brand":[],"product_cat":[132,362],"product_tag":[],"class_list":{"0":"post-1074105","1":"product","2":"type-product","3":"status-publish","4":"has-post-thumbnail","6":"product_cat-lectures-per-preadolescents-6-12-anys","7":"product_cat-libros-preadolescentes-6-12-anos","9":"first","10":"instock","11":"taxable","12":"shipping-taxable","13":"purchasable","14":"product-type-simple"},"acf":{"autor":"GEMMA ARMENGOL, \u00d2SCAR JULVE","codart":"849845525","libros-coleccion":"Los Animales del Jard\u00edn","ediciones":"1","encuadernacion":"R\u00fastica","fecha_de_publicacion":"01\/01\/2013","novedad":"1","paginas":"32","subtitulo":"COLECCION ANIMALES DEL JARDIN","orden":"0","portada":"0","idioma":"spa","booktrailer":"","resenas":"","editorial":[{"ID":147395,"post_author":"3","post_date":"2022-10-14 11:50:15","post_date_gmt":"2022-10-14 09:50:15","post_content":"","post_title":"ALGAR EDITORIAL","post_excerpt":"","post_status":"publish","comment_status":"closed","ping_status":"closed","post_password":"","post_name":"algar-editorial","to_ping":"","pinged":"","post_modified":"2022-10-14 11:50:15","post_modified_gmt":"2022-10-14 09:50:15","post_content_filtered":"","post_parent":0,"guid":"http:\/\/dev.claret.cat\/editorial\/algar-editorial\/","menu_order":0,"post_type":"editorial","post_mime_type":"","comment_count":"0","filter":"raw"}]},"aioseo_notices":[],"_links":{"self":[{"href":"https:\/\/www.claret.cat\/es\/wp-json\/wp\/v2\/product\/1074105","targetHints":{"allow":["GET"]}}],"collection":[{"href":"https:\/\/www.claret.cat\/es\/wp-json\/wp\/v2\/product"}],"about":[{"href":"https:\/\/www.claret.cat\/es\/wp-json\/wp\/v2\/types\/product"}],"wp:featuredmedia":[{"embeddable":true,"href":"https:\/\/www.claret.cat\/es\/wp-json\/wp\/v2\/media\/1074106"}],"wp:attachment":[{"href":"https:\/\/www.claret.cat\/es\/wp-json\/wp\/v2\/media?parent=1074105"}],"wp:term":[{"taxonomy":"product_brand","embeddable":true,"href":"https:\/\/www.claret.cat\/es\/wp-json\/wp\/v2\/product_brand?post=1074105"},{"taxonomy":"product_cat","embeddable":true,"href":"https:\/\/www.claret.cat\/es\/wp-json\/wp\/v2\/product_cat?post=1074105"},{"taxonomy":"product_tag","embeddable":true,"href":"https:\/\/www.claret.cat\/es\/wp-json\/wp\/v2\/product_tag?post=1074105"}],"curies":[{"name":"wp","href":"https:\/\/api.w.org\/{rel}","templated":true}]}}