{"id":107412,"date":"2022-10-12T09:31:30","date_gmt":"2022-10-12T07:31:30","guid":{"rendered":"http:\/\/dev.claret.cat\/producte\/1001-histories-de-la-barcelona-dabans\/"},"modified":"2023-02-24T17:51:54","modified_gmt":"2023-02-24T16:51:54","slug":"1001-histories-de-la-barcelona-dabans-9788412154535","status":"publish","type":"product","link":"https:\/\/www.claret.cat\/es\/libro\/1001-histories-de-la-barcelona-dabans-9788412154535\/","title":{"rendered":"1001 HIST\u00d2RIES DE LA BARCELONA D&#8217;ABANS"},"content":{"rendered":"<p>Un dia de cada dia per la gent del carrer, la gent de barriada, les festes, les feines i les revoltes.<\/p>\n<p>Aquest \u00e9s un llibre d\u2019hist\u00f2ries, sovint an\u00e8cdotes, bones i no tan bones per\u00f2 totes certes, d\u2019uns anys conflictius que van marcar l\u00b4evoluci\u00f3 de Barcelona. Qui eren les burotes? I els Xanxes? Qui s\u2019amaga darrera el malnom de \u00abCapit\u00e0 Collons\u00bb? On era la Col\u00f2nia Castells? I les barraques de Can Carboner? Aquestes p\u00e0gines s\u00f3n plenes de fets i vides protagonitzats la majoria per gent an\u00f2nima, que mereixen ser recordats perqu\u00e8 sense ells la nostra ciutat no seria com \u00e9s ara. o Gent del carrer: planxadores i floristes, cam\u00e0lics i gu\u00e0rdies. o Viure sota terrat, rellogats i rebotigues; els colomars. o Baladrers, esmolets i ll\u00edmpies. o Vagues generals i revolta de Quintes.<\/p>\n","protected":false},"excerpt":{"rendered":"<p>MIRET I ANTOL\u00cd, N\u00daRIA<\/p>\n","protected":false},"featured_media":387589,"template":"","meta":{"_acf_changed":false,"om_disable_all_campaigns":false,"rs_blank_template":"","rs_page_bg_color":"","slide_template_v7":"","inline_featured_image":false,"_monsterinsights_skip_tracking":false,"_monsterinsights_sitenote_active":false,"_monsterinsights_sitenote_note":"","_monsterinsights_sitenote_category":0},"product_brand":[],"product_cat":[430,153],"product_tag":[],"class_list":{"0":"post-107412","1":"product","2":"type-product","3":"status-publish","4":"has-post-thumbnail","6":"product_cat-cataluna","7":"product_cat-catalunya","9":"first","10":"instock","11":"taxable","12":"shipping-taxable","13":"purchasable","14":"product-type-simple"},"acf":{"editorial":[{"ID":148395,"post_author":"3","post_date":"2022-10-14 11:57:54","post_date_gmt":"2022-10-14 09:57:54","post_content":"","post_title":"L'ARCA","post_excerpt":"","post_status":"publish","comment_status":"closed","ping_status":"closed","post_password":"","post_name":"larca","to_ping":"","pinged":"","post_modified":"2022-10-14 11:57:54","post_modified_gmt":"2022-10-14 09:57:54","post_content_filtered":"","post_parent":0,"guid":"http:\/\/dev.claret.cat\/editorial\/larca\/","menu_order":0,"post_type":"editorial","post_mime_type":"","comment_count":"0","filter":"raw"}],"autores-libros":[{"ID":166047,"post_author":"3","post_date":"2022-10-14 18:00:00","post_date_gmt":"2022-10-14 16:00:00","post_content":"","post_title":"N\u00daRIA MIRET I ANTOL\u00cd","post_excerpt":"","post_status":"publish","comment_status":"closed","ping_status":"closed","post_password":"","post_name":"nuria-miret-i-antoli","to_ping":"","pinged":"","post_modified":"2022-10-14 18:00:00","post_modified_gmt":"2022-10-14 16:00:00","post_content_filtered":"","post_parent":0,"guid":"http:\/\/dev.claret.cat\/autor\/nuria-miret-i-antoli\/","menu_order":0,"post_type":"autor","post_mime_type":"","comment_count":"0","filter":"raw"}],"autor":"MIRET I ANTOL\u00cd, N\u00daRIA","codart":"841215453","libros-coleccion":"","ediciones":"1","encuadernacion":"R\u00fastica","fecha_de_publicacion":"01\/07\/2020","novedad":"1","paginas":"249","subtitulo":"","orden":"0","portada":"0","idioma":"cat"},"aioseo_notices":[],"_links":{"self":[{"href":"https:\/\/www.claret.cat\/es\/wp-json\/wp\/v2\/product\/107412","targetHints":{"allow":["GET"]}}],"collection":[{"href":"https:\/\/www.claret.cat\/es\/wp-json\/wp\/v2\/product"}],"about":[{"href":"https:\/\/www.claret.cat\/es\/wp-json\/wp\/v2\/types\/product"}],"wp:featuredmedia":[{"embeddable":true,"href":"https:\/\/www.claret.cat\/es\/wp-json\/wp\/v2\/media\/387589"}],"wp:attachment":[{"href":"https:\/\/www.claret.cat\/es\/wp-json\/wp\/v2\/media?parent=107412"}],"wp:term":[{"taxonomy":"product_brand","embeddable":true,"href":"https:\/\/www.claret.cat\/es\/wp-json\/wp\/v2\/product_brand?post=107412"},{"taxonomy":"product_cat","embeddable":true,"href":"https:\/\/www.claret.cat\/es\/wp-json\/wp\/v2\/product_cat?post=107412"},{"taxonomy":"product_tag","embeddable":true,"href":"https:\/\/www.claret.cat\/es\/wp-json\/wp\/v2\/product_tag?post=107412"}],"curies":[{"name":"wp","href":"https:\/\/api.w.org\/{rel}","templated":true}]}}