{"id":107428,"date":"2022-10-12T09:31:44","date_gmt":"2022-10-12T07:31:44","guid":{"rendered":"http:\/\/dev.claret.cat\/producte\/corazones-para-amar\/"},"modified":"2025-03-01T12:10:10","modified_gmt":"2025-03-01T11:10:10","slug":"corazones-para-amar-9788479665630","status":"publish","type":"product","link":"https:\/\/www.claret.cat\/es\/libro\/corazones-para-amar-9788479665630\/","title":{"rendered":"CORAZONES PARA AMAR"},"content":{"rendered":"<p>La sed de Dios es la fuerza interior que movi\u00f3 apasionadamente el coraz\u00f3n de la madre Teresa de Calcuta para realizar tantas cosas a lo largo de su vida. El secreto y la clave de su vida fue, precisamente, esa b\u00fasqueda espiritual que no fue f\u00e1cil para ella. Sabemos de sus dificultades espirituales. La sed de Dios la llev\u00f3, como ella dec\u00eda, a &#8216;amar a los dem\u00e1s como Dios me ama a m\u00ed&#8217;. En esa certeza, sigui\u00f3 adelante en su dif\u00edcil b\u00fasqueda comprendiendo en profundidad la presencia de Dios entre los m\u00e1s pobres de los pobres.<\/p>\n<p>En el presente libro se ofrece un bonita semblanza de la Santa de Calcuta  y na sere depensamientos sobre la Oraci\u00f3n y la vida espiritual.<\/p>\n","protected":false},"excerpt":{"rendered":"<p>SANTA TERESA DE CALCUTA<\/p>\n","protected":false},"featured_media":353159,"template":"","meta":{"_acf_changed":false,"om_disable_all_campaigns":false,"rs_blank_template":"","rs_page_bg_color":"","slide_template_v7":"","inline_featured_image":false,"_monsterinsights_skip_tracking":false,"_monsterinsights_sitenote_active":false,"_monsterinsights_sitenote_note":"","_monsterinsights_sitenote_category":0},"product_brand":[],"product_cat":[396,247,545,95],"product_tag":[],"class_list":{"0":"post-107428","1":"product","2":"type-product","3":"status-publish","4":"has-post-thumbnail","6":"product_cat-oracion","7":"product_cat-pregaria","8":"product_cat-santoral-1_espiritualidad-spa","9":"product_cat-santoral","11":"first","12":"instock","13":"taxable","14":"shipping-taxable","15":"purchasable","16":"product-type-simple"},"acf":{"editorial":[{"ID":6337,"post_author":"3","post_date":"2022-07-28 17:50:01","post_date_gmt":"2022-07-28 15:50:01","post_content":"","post_title":"Publicaciones Claretianas","post_excerpt":"","post_status":"publish","comment_status":"closed","ping_status":"closed","post_password":"","post_name":"publicaciones-claretianas","to_ping":"","pinged":"","post_modified":"2022-07-28 17:50:01","post_modified_gmt":"2022-07-28 15:50:01","post_content_filtered":"","post_parent":0,"guid":"http:\/\/dev.claret.cat\/editorial\/publicaciones-claretianas\/","menu_order":0,"post_type":"editorial","post_mime_type":"","comment_count":"0","filter":"raw"}],"autor":"SANTA TERESA DE CALCUTA","codart":"847966563","libros-coleccion":"","ediciones":"1","encuadernacion":"R\u00fastica","fecha_de_publicacion":"22\/09\/2016","novedad":"1","paginas":"64","subtitulo":"100 PENSAMIENTOS SOBRE LA ORACI\u00d3N","orden":"0","portada":"0","idioma":"spa","autores-libros":[{"ID":168996,"post_author":"3","post_date":"2022-10-14 22:23:38","post_date_gmt":"2022-10-14 20:23:38","post_content":"","post_title":"SANTA TERESA DE CALCUTA","post_excerpt":"","post_status":"publish","comment_status":"closed","ping_status":"closed","post_password":"","post_name":"santa-teresa-de-calcuta","to_ping":"","pinged":"","post_modified":"2022-10-14 22:23:38","post_modified_gmt":"2022-10-14 20:23:38","post_content_filtered":"","post_parent":0,"guid":"http:\/\/dev.claret.cat\/autor\/santa-teresa-de-calcuta\/","menu_order":0,"post_type":"autor","post_mime_type":"","comment_count":"0","filter":"raw"}]},"aioseo_notices":[],"_links":{"self":[{"href":"https:\/\/www.claret.cat\/es\/wp-json\/wp\/v2\/product\/107428","targetHints":{"allow":["GET"]}}],"collection":[{"href":"https:\/\/www.claret.cat\/es\/wp-json\/wp\/v2\/product"}],"about":[{"href":"https:\/\/www.claret.cat\/es\/wp-json\/wp\/v2\/types\/product"}],"wp:featuredmedia":[{"embeddable":true,"href":"https:\/\/www.claret.cat\/es\/wp-json\/wp\/v2\/media\/353159"}],"wp:attachment":[{"href":"https:\/\/www.claret.cat\/es\/wp-json\/wp\/v2\/media?parent=107428"}],"wp:term":[{"taxonomy":"product_brand","embeddable":true,"href":"https:\/\/www.claret.cat\/es\/wp-json\/wp\/v2\/product_brand?post=107428"},{"taxonomy":"product_cat","embeddable":true,"href":"https:\/\/www.claret.cat\/es\/wp-json\/wp\/v2\/product_cat?post=107428"},{"taxonomy":"product_tag","embeddable":true,"href":"https:\/\/www.claret.cat\/es\/wp-json\/wp\/v2\/product_tag?post=107428"}],"curies":[{"name":"wp","href":"https:\/\/api.w.org\/{rel}","templated":true}]}}