{"id":107431,"date":"2022-10-12T09:31:47","date_gmt":"2022-10-12T07:31:47","guid":{"rendered":"http:\/\/dev.claret.cat\/producte\/manos-para-servir\/"},"modified":"2024-05-23T14:27:00","modified_gmt":"2024-05-23T12:27:00","slug":"manos-para-servir-9788479665623","status":"publish","type":"product","link":"https:\/\/www.claret.cat\/es\/libro\/manos-para-servir-9788479665623\/","title":{"rendered":"MANOS PARA SERVIR"},"content":{"rendered":"<p>Santa Teresa de Calcuta vivi\u00f3 con los hechos lo que predic\u00f3 con sus palabras. Su coraz\u00f3n, lleno de amor y compasi\u00f3n, activ\u00f3 sus manos para servir a los m\u00e1s pobres de entre los pobres. De la misma manera, aquellos a quienes sus manos sirvieron, fueron llenando su coraz\u00f3n de un amor cada vez mayor.<\/p>\n<p>En este sencillo libro se ofrece una semblanza de la Santa y un conjunto de pensamientos sobre la Caridad.<\/p>\n","protected":false},"excerpt":{"rendered":"<p>SANTA TERESA DE CALCUTA<\/p>\n","protected":false},"featured_media":353157,"template":"","meta":{"_acf_changed":false,"om_disable_all_campaigns":false,"rs_blank_template":"","rs_page_bg_color":"","slide_template_v7":"","inline_featured_image":false,"_monsterinsights_skip_tracking":false,"_monsterinsights_sitenote_active":false,"_monsterinsights_sitenote_note":"","_monsterinsights_sitenote_category":0},"product_brand":[],"product_cat":[90,540],"product_tag":[],"class_list":{"0":"post-107431","1":"product","2":"type-product","3":"status-publish","4":"has-post-thumbnail","6":"product_cat-altres","7":"product_cat-otros","9":"first","10":"instock","11":"taxable","12":"shipping-taxable","13":"purchasable","14":"product-type-simple"},"acf":{"editorial":[{"ID":6337,"post_author":"3","post_date":"2022-07-28 17:50:01","post_date_gmt":"2022-07-28 15:50:01","post_content":"","post_title":"Publicaciones Claretianas","post_excerpt":"","post_status":"publish","comment_status":"closed","ping_status":"closed","post_password":"","post_name":"publicaciones-claretianas","to_ping":"","pinged":"","post_modified":"2022-07-28 17:50:01","post_modified_gmt":"2022-07-28 15:50:01","post_content_filtered":"","post_parent":0,"guid":"http:\/\/dev.claret.cat\/editorial\/publicaciones-claretianas\/","menu_order":0,"post_type":"editorial","post_mime_type":"","comment_count":"0","filter":"raw"}],"autor":"SANTA TERESA DE CALCUTA","codart":"847966562","libros-coleccion":"","ediciones":"1","encuadernacion":"R\u00fastica","fecha_de_publicacion":"22\/09\/2016","novedad":"1","paginas":"64","subtitulo":"100 PENSAMIENTOS SOBRE LA CARIDAD","orden":"0","portada":"0","idioma":"spa","autores-libros":[{"ID":168996,"post_author":"3","post_date":"2022-10-14 22:23:38","post_date_gmt":"2022-10-14 20:23:38","post_content":"","post_title":"SANTA TERESA DE CALCUTA","post_excerpt":"","post_status":"publish","comment_status":"closed","ping_status":"closed","post_password":"","post_name":"santa-teresa-de-calcuta","to_ping":"","pinged":"","post_modified":"2022-10-14 22:23:38","post_modified_gmt":"2022-10-14 20:23:38","post_content_filtered":"","post_parent":0,"guid":"http:\/\/dev.claret.cat\/autor\/santa-teresa-de-calcuta\/","menu_order":0,"post_type":"autor","post_mime_type":"","comment_count":"0","filter":"raw"}]},"aioseo_notices":[],"_links":{"self":[{"href":"https:\/\/www.claret.cat\/es\/wp-json\/wp\/v2\/product\/107431","targetHints":{"allow":["GET"]}}],"collection":[{"href":"https:\/\/www.claret.cat\/es\/wp-json\/wp\/v2\/product"}],"about":[{"href":"https:\/\/www.claret.cat\/es\/wp-json\/wp\/v2\/types\/product"}],"wp:featuredmedia":[{"embeddable":true,"href":"https:\/\/www.claret.cat\/es\/wp-json\/wp\/v2\/media\/353157"}],"wp:attachment":[{"href":"https:\/\/www.claret.cat\/es\/wp-json\/wp\/v2\/media?parent=107431"}],"wp:term":[{"taxonomy":"product_brand","embeddable":true,"href":"https:\/\/www.claret.cat\/es\/wp-json\/wp\/v2\/product_brand?post=107431"},{"taxonomy":"product_cat","embeddable":true,"href":"https:\/\/www.claret.cat\/es\/wp-json\/wp\/v2\/product_cat?post=107431"},{"taxonomy":"product_tag","embeddable":true,"href":"https:\/\/www.claret.cat\/es\/wp-json\/wp\/v2\/product_tag?post=107431"}],"curies":[{"name":"wp","href":"https:\/\/api.w.org\/{rel}","templated":true}]}}