{"id":107434,"date":"2022-10-12T09:31:49","date_gmt":"2022-10-12T07:31:49","guid":{"rendered":"http:\/\/dev.claret.cat\/producte\/mitopedia\/"},"modified":"2025-03-28T11:35:39","modified_gmt":"2025-03-28T10:35:39","slug":"mitopedia-9788418075513","status":"publish","type":"product","link":"https:\/\/www.claret.cat\/es\/libro\/mitopedia-9788418075513\/","title":{"rendered":"MITOP\u00c8DIA"},"content":{"rendered":"<p>* El m\u00f3n dels \u00e9ssers mitol\u00f2gics \u00e9s ple de misteri i de m\u00e0gia.  <br \/> * Has sentit mai a parlar d&#8217;Anansi, l&#8221;aranya transformista de l&#8217;\u00c0frica occidental? O del Tanuki, una esp\u00e8cie de gos amable per\u00f2 entremaliat del folklore japon\u00e8s?<br \/> * Amb aquesta enciclop\u00e8dia com a guia, emprendr\u00e0s un viatge m\u00e0gic en qu\u00e8 coneixer\u00e0s multitud de criatures fabuloses i llegendes d&#8217;arreu del m\u00f3n. <\/p>\n<p> Els mites i les llegendes s\u00f3n antigues hist\u00f2ries tradicionals que han anat passant d&#8217;una persona a l&#8217;altra, sovint generaci\u00f3 rere generaci\u00f3. Aquestes narracions expliquen hist\u00f2ries d&#8217;\u00e9ssers m\u00e0gics i misteriosos que viuen entre nosaltres. Alguns d&#8217;aquests \u00e9ssers es podrien confondre amb animals comuns com les llebres, els cavalls i els esquirols, per\u00f2 a vegades es delaten quan parlen, canvien de forma, llancen encanteris o, de sobte, creixen fins a aconseguir una dimensi\u00f3 gegant. D&#8217;altres s\u00f3n d&#8217;aparen\u00e7a fant\u00e0stica i \u00e9s m\u00e9s f\u00e0cil descobrir-los, per exemple, els dracs i els unicorns, el basilisc amb el seu ver\u00ed mortal o la immensa serp irisada, que no se separa de l&#8217;aigua.<\/p>\n<p> Per qu\u00e8 s&#8217;expliquen aquestes hist\u00f2ries? Algunes ens adverteixen de criatures terror\u00edfiques com el Grootslang, meitat serp meitat elefant, mentre que altres simplement ens entretenen. Sovint aquestes interessants hist\u00f2ries ajuden a explicar com les coses han arribat a ser el que s\u00f3n ara: com l&#8217;ocell del tro crea les tempestes o com Anansi, el d\u00e9u aranya, va transmetre les hist\u00f2ries als \u00e9ssers humans.<\/p>\n","protected":false},"excerpt":{"rendered":"<p>GOOD WIVES AND WARRIORS<\/p>\n","protected":false},"featured_media":1014983,"template":"","meta":{"_acf_changed":false,"om_disable_all_campaigns":false,"rs_blank_template":"","rs_page_bg_color":"","slide_template_v7":"","inline_featured_image":false,"_monsterinsights_skip_tracking":false,"_monsterinsights_sitenote_active":false,"_monsterinsights_sitenote_note":"","_monsterinsights_sitenote_category":0},"product_brand":[],"product_cat":[105,555],"product_tag":[],"class_list":{"0":"post-107434","1":"product","2":"type-product","3":"status-publish","4":"has-post-thumbnail","6":"product_cat-regal","7":"product_cat-regalo","9":"first","10":"instock","11":"taxable","12":"shipping-taxable","13":"purchasable","14":"product-type-simple"},"acf":{"autor":"GOOD WIVES AND WARRIORS","codart":"841807551","libros-coleccion":"","ediciones":"1","encuadernacion":"Carton\u00e9","fecha_de_publicacion":"01\/06\/2020","novedad":"1","paginas":"128","subtitulo":"UNA ENCILOP\u00c8DIA DE CRIATURES M\u00cdTIQUES I LES SEVES HIST\u00d2RIES M\u00c0GIQUES","orden":"0","portada":"0","idioma":"cat","editorial":[{"ID":147554,"post_author":"3","post_date":"2022-10-14 11:51:27","post_date_gmt":"2022-10-14 09:51:27","post_content":"","post_title":"BLUME (Naturart)","post_excerpt":"","post_status":"publish","comment_status":"closed","ping_status":"closed","post_password":"","post_name":"blume-naturart","to_ping":"","pinged":"","post_modified":"2022-10-14 11:51:27","post_modified_gmt":"2022-10-14 09:51:27","post_content_filtered":"","post_parent":0,"guid":"http:\/\/dev.claret.cat\/editorial\/blume-naturart\/","menu_order":0,"post_type":"editorial","post_mime_type":"","comment_count":"0","filter":"raw"}],"autores-libros":[{"ID":157063,"post_author":"3","post_date":"2022-10-14 15:25:49","post_date_gmt":"2022-10-14 13:25:49","post_content":"","post_title":"GOOD WIVES AND WARRIORS","post_excerpt":"","post_status":"publish","comment_status":"closed","ping_status":"closed","post_password":"","post_name":"good-wives-and-warriors","to_ping":"","pinged":"","post_modified":"2022-10-14 15:25:49","post_modified_gmt":"2022-10-14 13:25:49","post_content_filtered":"","post_parent":0,"guid":"http:\/\/dev.claret.cat\/autor\/good-wives-and-warriors\/","menu_order":0,"post_type":"autor","post_mime_type":"","comment_count":"0","filter":"raw"}]},"aioseo_notices":[],"_links":{"self":[{"href":"https:\/\/www.claret.cat\/es\/wp-json\/wp\/v2\/product\/107434","targetHints":{"allow":["GET"]}}],"collection":[{"href":"https:\/\/www.claret.cat\/es\/wp-json\/wp\/v2\/product"}],"about":[{"href":"https:\/\/www.claret.cat\/es\/wp-json\/wp\/v2\/types\/product"}],"wp:featuredmedia":[{"embeddable":true,"href":"https:\/\/www.claret.cat\/es\/wp-json\/wp\/v2\/media\/1014983"}],"wp:attachment":[{"href":"https:\/\/www.claret.cat\/es\/wp-json\/wp\/v2\/media?parent=107434"}],"wp:term":[{"taxonomy":"product_brand","embeddable":true,"href":"https:\/\/www.claret.cat\/es\/wp-json\/wp\/v2\/product_brand?post=107434"},{"taxonomy":"product_cat","embeddable":true,"href":"https:\/\/www.claret.cat\/es\/wp-json\/wp\/v2\/product_cat?post=107434"},{"taxonomy":"product_tag","embeddable":true,"href":"https:\/\/www.claret.cat\/es\/wp-json\/wp\/v2\/product_tag?post=107434"}],"curies":[{"name":"wp","href":"https:\/\/api.w.org\/{rel}","templated":true}]}}