{"id":107437,"date":"2022-10-12T09:31:51","date_gmt":"2022-10-12T07:31:51","guid":{"rendered":"http:\/\/dev.claret.cat\/producte\/mitopedia-2\/"},"modified":"2025-03-28T11:35:59","modified_gmt":"2025-03-28T10:35:59","slug":"mitopedia-9788418075506","status":"publish","type":"product","link":"https:\/\/www.claret.cat\/es\/libro\/mitopedia-9788418075506\/","title":{"rendered":"MITOPEDIA"},"content":{"rendered":"<p>* El mundo de los seres mitol\u00f3gicos est\u00e1 plagado de misterio y de magia. <br \/> * \u00bfAlguna vez has o\u00eddo hablar de Anansi, la ara\u00f1a de \u00c1frica occidental que se transforma, o de Tanuki, el dulce pero travieso perro mapache del folclore japon\u00e9s?<br \/> * Con esta enciclopedia como gu\u00eda, podr\u00e1s iniciar un viaje m\u00e1gico por los mitos y leyendas del mundo y sus seres m\u00edticos. <\/p>\n<p> Los mitos y las leyendas son antiguas historias tradicionales que han ido pasando de una persona a otra a trav\u00e9s de generaciones. Estas narraciones cuentan historias de seres m\u00e1gicos y misteriosos que viven entre nosotros. Algunos de estos seres podr\u00edan confundirse con animales comunes como las liebres, los caballos y las ardillas, pero pueden delatarse al hablar, cambiar de forma, hechizar o, de repente, crecer hasta alcanzar un tama\u00f1o gigantesco. Otros son de apariencia fant\u00e1stica y es m\u00e1s f\u00e1cil descubrirlos, por ejemplo, los dragones y los unicornios, el basilisco con su veneno mortal o la gigantesca Serpiente Arco\u00edris, esencia del agua.<\/p>\n<p> \u00bfPor qu\u00e9 se cuentan estas historias? Algunas nos advierten de criaturas terror\u00edficas como el Grootslang, mitad serpiente mitad elefante, mientras otras simplemente nos entretienen. A menudo estas interesantes historias ayudan a explicar c\u00f3mo las cosas han llegado a ser lo que son ahora: c\u00f3mo el P\u00e1jaro del Trueno crea las tormentas o c\u00f3mo Anansi, el dios ara\u00f1a, transmiti\u00f3 las historias a los seres humanos.<\/p>\n","protected":false},"excerpt":{"rendered":"<p>GOOD WIVES AND WARRIORS<\/p>\n","protected":false},"featured_media":1014985,"template":"","meta":{"_acf_changed":false,"om_disable_all_campaigns":false,"rs_blank_template":"","rs_page_bg_color":"","slide_template_v7":"","inline_featured_image":false,"_monsterinsights_skip_tracking":false,"_monsterinsights_sitenote_active":false,"_monsterinsights_sitenote_note":"","_monsterinsights_sitenote_category":0},"product_brand":[],"product_cat":[105,555],"product_tag":[],"class_list":{"0":"post-107437","1":"product","2":"type-product","3":"status-publish","4":"has-post-thumbnail","6":"product_cat-regal","7":"product_cat-regalo","9":"first","10":"instock","11":"taxable","12":"shipping-taxable","13":"purchasable","14":"product-type-simple"},"acf":{"autor":"GOOD WIVES AND WARRIORS","codart":"841807550","libros-coleccion":"FORA DE COL.LECCI\u00d3","ediciones":"1","encuadernacion":"Carton\u00e9","fecha_de_publicacion":"01\/06\/2020","novedad":"1","paginas":"128","subtitulo":"UNA ENCICLOPEDIA DE LOS SERES M\u00cdTICOS Y SUS M\u00c1GICAS HISTORIAS","orden":"0","portada":"0","idioma":"spa","editorial":[{"ID":147554,"post_author":"3","post_date":"2022-10-14 11:51:27","post_date_gmt":"2022-10-14 09:51:27","post_content":"","post_title":"BLUME (Naturart)","post_excerpt":"","post_status":"publish","comment_status":"closed","ping_status":"closed","post_password":"","post_name":"blume-naturart","to_ping":"","pinged":"","post_modified":"2022-10-14 11:51:27","post_modified_gmt":"2022-10-14 09:51:27","post_content_filtered":"","post_parent":0,"guid":"http:\/\/dev.claret.cat\/editorial\/blume-naturart\/","menu_order":0,"post_type":"editorial","post_mime_type":"","comment_count":"0","filter":"raw"}],"autores-libros":[{"ID":157063,"post_author":"3","post_date":"2022-10-14 15:25:49","post_date_gmt":"2022-10-14 13:25:49","post_content":"","post_title":"GOOD WIVES AND WARRIORS","post_excerpt":"","post_status":"publish","comment_status":"closed","ping_status":"closed","post_password":"","post_name":"good-wives-and-warriors","to_ping":"","pinged":"","post_modified":"2022-10-14 15:25:49","post_modified_gmt":"2022-10-14 13:25:49","post_content_filtered":"","post_parent":0,"guid":"http:\/\/dev.claret.cat\/autor\/good-wives-and-warriors\/","menu_order":0,"post_type":"autor","post_mime_type":"","comment_count":"0","filter":"raw"}]},"aioseo_notices":[],"_links":{"self":[{"href":"https:\/\/www.claret.cat\/es\/wp-json\/wp\/v2\/product\/107437","targetHints":{"allow":["GET"]}}],"collection":[{"href":"https:\/\/www.claret.cat\/es\/wp-json\/wp\/v2\/product"}],"about":[{"href":"https:\/\/www.claret.cat\/es\/wp-json\/wp\/v2\/types\/product"}],"wp:featuredmedia":[{"embeddable":true,"href":"https:\/\/www.claret.cat\/es\/wp-json\/wp\/v2\/media\/1014985"}],"wp:attachment":[{"href":"https:\/\/www.claret.cat\/es\/wp-json\/wp\/v2\/media?parent=107437"}],"wp:term":[{"taxonomy":"product_brand","embeddable":true,"href":"https:\/\/www.claret.cat\/es\/wp-json\/wp\/v2\/product_brand?post=107437"},{"taxonomy":"product_cat","embeddable":true,"href":"https:\/\/www.claret.cat\/es\/wp-json\/wp\/v2\/product_cat?post=107437"},{"taxonomy":"product_tag","embeddable":true,"href":"https:\/\/www.claret.cat\/es\/wp-json\/wp\/v2\/product_tag?post=107437"}],"curies":[{"name":"wp","href":"https:\/\/api.w.org\/{rel}","templated":true}]}}