{"id":1074460,"date":"2026-01-19T13:45:02","date_gmt":"2026-01-19T12:45:02","guid":{"rendered":"https:\/\/www.claret.cat\/llibre\/historias-de-la-biblia-9780241803417\/"},"modified":"2026-01-19T14:00:05","modified_gmt":"2026-01-19T13:00:05","slug":"historias-de-la-biblia-9780241803417","status":"publish","type":"product","link":"https:\/\/www.claret.cat\/es\/libro\/historias-de-la-biblia-9780241803417\/","title":{"rendered":"HISTORIAS DE LA BIBLIA"},"content":{"rendered":"<p>Desde los Diez Mandamientos hasta la par\u00e1bola del buen samaritano, las historias b\u00edblicas favoritas de los ni\u00f1os Una colecci\u00f3n bellamente ilustrada de 14 historias b\u00edblicas con ense\u00f1anzas muy valiosas para los ni\u00f1os. Este libro ilustrado es perfecto para que los padres compartan con sus hijos las ense\u00f1anzas de la Biblia. Con historias del Antiguo y el Nuevo Testamento, los peque\u00f1os se familiarizar\u00e1n con los valores del cristianismo y aprender\u00e1n sobre las alegres y profundas historias de la Biblia. Con un lenguaje sencillo para que los ni\u00f1os entiendan el mensaje y puedan aplicarlo a su vida cotidiana.<\/p>\n","protected":false},"excerpt":{"rendered":"<p>DK<\/p>\n","protected":false},"featured_media":1074461,"template":"","meta":{"_acf_changed":false,"om_disable_all_campaigns":false,"rs_blank_template":"","rs_page_bg_color":"","slide_template_v7":"","inline_featured_image":false,"_monsterinsights_skip_tracking":false,"_monsterinsights_sitenote_active":false,"_monsterinsights_sitenote_note":"","_monsterinsights_sitenote_category":0},"product_brand":[],"product_cat":[420,482,481,296,224,223],"product_tag":[],"class_list":{"0":"post-1074460","1":"product","2":"type-product","3":"status-publish","4":"has-post-thumbnail","6":"product_cat-biblias","7":"product_cat-biblias-didacticas","8":"product_cat-biblias-infantiles","9":"product_cat-biblies","10":"product_cat-biblies-didactiques","11":"product_cat-biblies-infantils","13":"first","14":"instock","15":"taxable","16":"shipping-taxable","17":"purchasable","18":"product-type-simple"},"acf":{"autor":"DK","codart":"024180341","libros-coleccion":"FORA DE COL.LECCI\u00d3","ediciones":"1","encuadernacion":"Carton\u00e9","fecha_de_publicacion":"01\/01\/2026","novedad":"1","paginas":"48","subtitulo":"","orden":"0","portada":"0","idioma":"spa","booktrailer":"","resenas":"","editorial":[{"ID":6186,"post_author":"3","post_date":"2022-07-28 17:46:45","post_date_gmt":"2022-07-28 15:46:45","post_content":"","post_title":"DK","post_excerpt":"","post_status":"publish","comment_status":"closed","ping_status":"closed","post_password":"","post_name":"dk","to_ping":"","pinged":"","post_modified":"2022-07-28 17:46:45","post_modified_gmt":"2022-07-28 15:46:45","post_content_filtered":"","post_parent":0,"guid":"http:\/\/dev.claret.cat\/editorial\/dk\/","menu_order":0,"post_type":"editorial","post_mime_type":"","comment_count":"0","filter":"raw"}]},"aioseo_notices":[],"_links":{"self":[{"href":"https:\/\/www.claret.cat\/es\/wp-json\/wp\/v2\/product\/1074460","targetHints":{"allow":["GET"]}}],"collection":[{"href":"https:\/\/www.claret.cat\/es\/wp-json\/wp\/v2\/product"}],"about":[{"href":"https:\/\/www.claret.cat\/es\/wp-json\/wp\/v2\/types\/product"}],"wp:featuredmedia":[{"embeddable":true,"href":"https:\/\/www.claret.cat\/es\/wp-json\/wp\/v2\/media\/1074461"}],"wp:attachment":[{"href":"https:\/\/www.claret.cat\/es\/wp-json\/wp\/v2\/media?parent=1074460"}],"wp:term":[{"taxonomy":"product_brand","embeddable":true,"href":"https:\/\/www.claret.cat\/es\/wp-json\/wp\/v2\/product_brand?post=1074460"},{"taxonomy":"product_cat","embeddable":true,"href":"https:\/\/www.claret.cat\/es\/wp-json\/wp\/v2\/product_cat?post=1074460"},{"taxonomy":"product_tag","embeddable":true,"href":"https:\/\/www.claret.cat\/es\/wp-json\/wp\/v2\/product_tag?post=1074460"}],"curies":[{"name":"wp","href":"https:\/\/api.w.org\/{rel}","templated":true}]}}