{"id":1074463,"date":"2026-01-19T13:45:30","date_gmt":"2026-01-19T12:45:30","guid":{"rendered":"https:\/\/www.claret.cat\/llibre\/la-meva-primera-biblia-9780241803875\/"},"modified":"2026-04-17T16:10:14","modified_gmt":"2026-04-17T14:10:14","slug":"la-meva-primera-biblia-9780241803875","status":"publish","type":"product","link":"https:\/\/www.claret.cat\/es\/libro\/la-meva-primera-biblia-9780241803875\/","title":{"rendered":"LA MEVA PRIMERA B\u00cdBLIA"},"content":{"rendered":"<p>Coneix les hist\u00f2ries b\u00edbliques cl\u00e0ssiques amb aquest encantador llibre il\u00b7lustrat Una introducci\u00f3 ideal a la B\u00edblia per als m\u00e9s petits a trav\u00e9s de les hist\u00f2ries m\u00e9s conegudes de l\u2019Antic i el Nou Testament. Des d\u2019Adam i Eva i l\u2019Arca de No\u00e8 fins a la Pasqua i la Resurrecci\u00f3, La meva primera B\u00edblia recull 15 relats cl\u00e0ssics explicats amb un llenguatge planer i acompanyats de precioses il\u00b7lustracions. Les p\u00e0gines de cartr\u00f3 s\u00f3n resistents, perfectes per a les mans dels nens, i permeten una lectura inoblidable.<\/p>\n","protected":false},"excerpt":{"rendered":"<p>DK<\/p>\n","protected":false},"featured_media":1074464,"template":"","meta":{"_acf_changed":false,"om_disable_all_campaigns":false,"rs_blank_template":"","rs_page_bg_color":"","slide_template_v7":"","inline_featured_image":false,"_monsterinsights_skip_tracking":false,"_monsterinsights_sitenote_active":false,"_monsterinsights_sitenote_note":"","_monsterinsights_sitenote_category":0},"product_brand":[],"product_cat":[420,482,481,296,224,223],"product_tag":[],"class_list":{"0":"post-1074463","1":"product","2":"type-product","3":"status-publish","4":"has-post-thumbnail","6":"product_cat-biblias","7":"product_cat-biblias-didacticas","8":"product_cat-biblias-infantiles","9":"product_cat-biblies","10":"product_cat-biblies-didactiques","11":"product_cat-biblies-infantils","13":"first","14":"instock","15":"taxable","16":"shipping-taxable","17":"purchasable","18":"product-type-simple"},"acf":{"autor":"DK","codart":"024180387","libros-coleccion":"FORA DE COL.LECCI\u00d3","ediciones":"1","encuadernacion":"Carton\u00e9","fecha_de_publicacion":"01\/01\/2026","novedad":"1","paginas":"48","subtitulo":"","orden":"0","portada":"0","idioma":"cat","booktrailer":"","resenas":"","editorial":[{"ID":6186,"post_author":"3","post_date":"2022-07-28 17:46:45","post_date_gmt":"2022-07-28 15:46:45","post_content":"","post_title":"DK","post_excerpt":"","post_status":"publish","comment_status":"closed","ping_status":"closed","post_password":"","post_name":"dk","to_ping":"","pinged":"","post_modified":"2022-07-28 17:46:45","post_modified_gmt":"2022-07-28 15:46:45","post_content_filtered":"","post_parent":0,"guid":"http:\/\/dev.claret.cat\/editorial\/dk\/","menu_order":0,"post_type":"editorial","post_mime_type":"","comment_count":"0","filter":"raw"}]},"aioseo_notices":[],"_links":{"self":[{"href":"https:\/\/www.claret.cat\/es\/wp-json\/wp\/v2\/product\/1074463","targetHints":{"allow":["GET"]}}],"collection":[{"href":"https:\/\/www.claret.cat\/es\/wp-json\/wp\/v2\/product"}],"about":[{"href":"https:\/\/www.claret.cat\/es\/wp-json\/wp\/v2\/types\/product"}],"wp:featuredmedia":[{"embeddable":true,"href":"https:\/\/www.claret.cat\/es\/wp-json\/wp\/v2\/media\/1074464"}],"wp:attachment":[{"href":"https:\/\/www.claret.cat\/es\/wp-json\/wp\/v2\/media?parent=1074463"}],"wp:term":[{"taxonomy":"product_brand","embeddable":true,"href":"https:\/\/www.claret.cat\/es\/wp-json\/wp\/v2\/product_brand?post=1074463"},{"taxonomy":"product_cat","embeddable":true,"href":"https:\/\/www.claret.cat\/es\/wp-json\/wp\/v2\/product_cat?post=1074463"},{"taxonomy":"product_tag","embeddable":true,"href":"https:\/\/www.claret.cat\/es\/wp-json\/wp\/v2\/product_tag?post=1074463"}],"curies":[{"name":"wp","href":"https:\/\/api.w.org\/{rel}","templated":true}]}}