{"id":1074469,"date":"2026-01-19T13:46:23","date_gmt":"2026-01-19T12:46:23","guid":{"rendered":"https:\/\/www.claret.cat\/llibre\/diecinueve-garras-y-un-pajaro-oscuro-9791387846145\/"},"modified":"2026-04-07T12:28:02","modified_gmt":"2026-04-07T10:28:02","slug":"diecinueve-garras-y-un-pajaro-oscuro-9791387846145","status":"publish","type":"product","link":"https:\/\/www.claret.cat\/es\/libro\/diecinueve-garras-y-un-pajaro-oscuro-9791387846145\/","title":{"rendered":"DIECINUEVE GARRAS Y UN P\u00c1JARO OSCURO"},"content":{"rendered":"<p>Por la autora de <em>Cad\u00e1ver exquisito<\/em>, el <strong>fen\u00f3meno literario internacional<\/strong> que arrasa en todo el mundo, con m\u00e1s de un mill\u00f3n de lectores y <strong>traducido a m\u00e1s de 30 idiomas<\/strong>.<\/p>\n<p> \u00abManeja con maestr\u00eda un cuchillo de doble filo\u00bb. <em>The Guardian<\/em><\/p>\n<p> Ganadora del premio clar\u00edn, del Ladies of Horror Literary Award y finalista de los goodreads choice awards.<\/p>\n<p> \u00ab<em>Tengo un conejo entre las piernas. Es negro. Yo le digo Roberto\u2026<\/em>\u00bb<\/p>\n<p> Con la publicaci\u00f3n de <em>Cad\u00e1ver exquisito<\/em> (Premio Clar\u00edn Novela 2017), <strong>Agustina Bazterrica<\/strong> logr\u00f3 dos hitos simult\u00e1neos: consagrarse como <strong>una de las escritoras argentinas<\/strong> m\u00e1s le\u00eddas y respetadas a nivel mundial y convertir su novela en un cl\u00e1sico instant\u00e1neo. Aquella distop\u00eda feroz, que cuestiona de manera implacable nuestro modo de vida contempor\u00e1neo, abri\u00f3 <strong>un universo narrativo tan inquietante como necesario<\/strong>.<\/p>\n<p> Ese universo tiene historia. Desde hace a\u00f1os, <strong>la autora viene explorando los l\u00edmites del cuerpo<\/strong>, el deseo y la violencia a trav\u00e9s de relatos breves que hoy Alfaguara re\u00fane y reedita en este volumen.<\/p>\n<p> Diecinueve cuentos que <strong>nos conducen al coraz\u00f3n de nuestros miedos<\/strong>, a las fantas\u00edas m\u00e1s delirantes y oscuras, sin dejar de lado <strong>un humor negro tan inc\u00f3modo como brillante<\/strong>. Textos que interrogan el amor, la amistad, los v\u00ednculos familiares y los deseos inconfesables, con una prosa precisa y perturbadora.<\/p>\n<p> Una lectura absorbente que confirma <strong>un estilo inconfundible y una profundidad literaria \u00fanica<\/strong> en el panorama actual de la literatura en castellano.<\/p>\n<p><\/p>\n","protected":false},"excerpt":{"rendered":"<p>AGUSTINA BAZTERRICA<\/p>\n","protected":false},"featured_media":1074519,"template":"","meta":{"_acf_changed":false,"om_disable_all_campaigns":false,"rs_blank_template":"","rs_page_bg_color":"","slide_template_v7":"","inline_featured_image":false,"_monsterinsights_skip_tracking":false,"_monsterinsights_sitenote_active":false,"_monsterinsights_sitenote_note":"","_monsterinsights_sitenote_category":0},"product_brand":[],"product_cat":[127,357],"product_tag":[],"class_list":{"0":"post-1074469","1":"product","2":"type-product","3":"status-publish","4":"has-post-thumbnail","6":"product_cat-novella-contemporania","7":"product_cat-novela-contemporanea","9":"first","10":"instock","11":"taxable","12":"shipping-taxable","13":"purchasable","14":"product-type-simple"},"acf":{"autor":"AGUSTINA BAZTERRICA","codart":"138784614","libros-coleccion":"HISP\u00c1NICA","ediciones":"1","encuadernacion":"R\u00fastica","fecha_de_publicacion":"01\/01\/2026","novedad":"1","paginas":"192","subtitulo":"","orden":"0","portada":"0","idioma":"spa","booktrailer":"","resenas":"","editorial":[{"ID":6118,"post_author":"3","post_date":"2022-07-28 17:45:17","post_date_gmt":"2022-07-28 15:45:17","post_content":"","post_title":"ALFAGUARA","post_excerpt":"","post_status":"publish","comment_status":"closed","ping_status":"closed","post_password":"","post_name":"alfaguara","to_ping":"","pinged":"","post_modified":"2022-07-28 17:45:17","post_modified_gmt":"2022-07-28 15:45:17","post_content_filtered":"","post_parent":0,"guid":"http:\/\/dev.claret.cat\/editorial\/alfaguara\/","menu_order":0,"post_type":"editorial","post_mime_type":"","comment_count":"0","filter":"raw"}]},"aioseo_notices":[],"_links":{"self":[{"href":"https:\/\/www.claret.cat\/es\/wp-json\/wp\/v2\/product\/1074469","targetHints":{"allow":["GET"]}}],"collection":[{"href":"https:\/\/www.claret.cat\/es\/wp-json\/wp\/v2\/product"}],"about":[{"href":"https:\/\/www.claret.cat\/es\/wp-json\/wp\/v2\/types\/product"}],"wp:featuredmedia":[{"embeddable":true,"href":"https:\/\/www.claret.cat\/es\/wp-json\/wp\/v2\/media\/1074519"}],"wp:attachment":[{"href":"https:\/\/www.claret.cat\/es\/wp-json\/wp\/v2\/media?parent=1074469"}],"wp:term":[{"taxonomy":"product_brand","embeddable":true,"href":"https:\/\/www.claret.cat\/es\/wp-json\/wp\/v2\/product_brand?post=1074469"},{"taxonomy":"product_cat","embeddable":true,"href":"https:\/\/www.claret.cat\/es\/wp-json\/wp\/v2\/product_cat?post=1074469"},{"taxonomy":"product_tag","embeddable":true,"href":"https:\/\/www.claret.cat\/es\/wp-json\/wp\/v2\/product_tag?post=1074469"}],"curies":[{"name":"wp","href":"https:\/\/api.w.org\/{rel}","templated":true}]}}