{"id":1074474,"date":"2026-01-19T13:50:32","date_gmt":"2026-01-19T12:50:32","guid":{"rendered":"https:\/\/www.claret.cat\/llibre\/la-venganza-de-odessa-9788401038532\/"},"modified":"2026-04-07T12:28:09","modified_gmt":"2026-04-07T10:28:09","slug":"la-venganza-de-odessa-9788401038532","status":"publish","type":"product","link":"https:\/\/www.claret.cat\/es\/libro\/la-venganza-de-odessa-9788401038532\/","title":{"rendered":"LA VENGANZA DE ODESSA"},"content":{"rendered":"<p>El legado del \u00abrey del thriller moderno\u00bb: la explosiva secuela de su cl\u00e1sico best seller Odessa.  Puede que los nazis perdieran la batalla. Pero la guerra no ha hecho m\u00e1s que empezar&#8230; Han pasado cincuenta a\u00f1os desde que Peter Miller revelara los secretos de Odessa, una organizaci\u00f3n clandestina de antiguos nazis que luchaban por recuperar el poder. Ahora jubilado y convertido en una leyenda del periodismo, Miller se ha volcado en cuidar de su nieto Georg tras la muerte de su hijo y su nuera en un tr\u00e1gico accidente de coche. Aunque Peter se apart\u00f3 de su carrera para mantener a su nieto a salvo, no pudo hacer nada para impedir que el joven siguiera sus pasos y la reputaci\u00f3n de Georg, que practica un periodismo incisivo y valiente, ha crecido r\u00e1pidamente en el mundo digital. Y este no es el \u00fanico aspecto del pasado de Peter que ha florecido. Tras d\u00e9cadas en la sombra, y m\u00e1s poderosa que nunca, Odessa ha comenzado a extender de nuevo su veneno. El ascenso de la extrema derecha en Alemania, el auge de los partidos \u00abpatri\u00f3ticos\u00bb, la violencia contra los inmigrantes&#8230; Todos son s\u00edntomas de un peligro oculto que debe detenerse a toda costa. Porque, mientras, los herederos de Odessa apuntan hacia su objetivo final: un sill\u00f3n en la Casa Blanca.La cr\u00edtica ha dicho: \u00abEl rey del thriller que cambi\u00f3 las reglas del relato de suspense\u00bb.<br \/>El Pa\u00eds \u00abForsyth es un escritor magn\u00edfico\u00bb.<br \/>Daily Mail \u00abUno de los mejores autores de thrillers del mundo\u00bb.<br \/>The Wall Street Journal\u00abUn escritor soberbio\u00bb.<br \/>The Daily Telegraph<\/p>\n","protected":false},"excerpt":{"rendered":"<p>FREDERICK FORSYTH<\/p>\n","protected":false},"featured_media":1074475,"template":"","meta":{"_acf_changed":false,"om_disable_all_campaigns":false,"rs_blank_template":"","rs_page_bg_color":"","slide_template_v7":"","inline_featured_image":false,"_monsterinsights_skip_tracking":false,"_monsterinsights_sitenote_active":false,"_monsterinsights_sitenote_note":"","_monsterinsights_sitenote_category":0},"product_brand":[],"product_cat":[127,357],"product_tag":[],"class_list":{"0":"post-1074474","1":"product","2":"type-product","3":"status-publish","4":"has-post-thumbnail","6":"product_cat-novella-contemporania","7":"product_cat-novela-contemporanea","9":"first","10":"instock","11":"taxable","12":"shipping-taxable","13":"purchasable","14":"product-type-simple"},"acf":{"autor":"FREDERICK FORSYTH","codart":"840103853","libros-coleccion":"\u00c9XITOS","ediciones":"1","encuadernacion":"Carton\u00e9","fecha_de_publicacion":"01\/01\/2026","novedad":"1","paginas":"440","subtitulo":"","orden":"0","portada":"0","idioma":"spa","booktrailer":"","resenas":"","editorial":[{"ID":6332,"post_author":"3","post_date":"2022-07-28 17:49:55","post_date_gmt":"2022-07-28 15:49:55","post_content":"","post_title":"PLAZA JANES, S.A.","post_excerpt":"","post_status":"publish","comment_status":"closed","ping_status":"closed","post_password":"","post_name":"plaza-janes-s-a","to_ping":"","pinged":"","post_modified":"2022-07-28 17:49:55","post_modified_gmt":"2022-07-28 15:49:55","post_content_filtered":"","post_parent":0,"guid":"http:\/\/dev.claret.cat\/editorial\/plaza-janes-s-a\/","menu_order":0,"post_type":"editorial","post_mime_type":"","comment_count":"0","filter":"raw"}]},"aioseo_notices":[],"_links":{"self":[{"href":"https:\/\/www.claret.cat\/es\/wp-json\/wp\/v2\/product\/1074474","targetHints":{"allow":["GET"]}}],"collection":[{"href":"https:\/\/www.claret.cat\/es\/wp-json\/wp\/v2\/product"}],"about":[{"href":"https:\/\/www.claret.cat\/es\/wp-json\/wp\/v2\/types\/product"}],"wp:featuredmedia":[{"embeddable":true,"href":"https:\/\/www.claret.cat\/es\/wp-json\/wp\/v2\/media\/1074475"}],"wp:attachment":[{"href":"https:\/\/www.claret.cat\/es\/wp-json\/wp\/v2\/media?parent=1074474"}],"wp:term":[{"taxonomy":"product_brand","embeddable":true,"href":"https:\/\/www.claret.cat\/es\/wp-json\/wp\/v2\/product_brand?post=1074474"},{"taxonomy":"product_cat","embeddable":true,"href":"https:\/\/www.claret.cat\/es\/wp-json\/wp\/v2\/product_cat?post=1074474"},{"taxonomy":"product_tag","embeddable":true,"href":"https:\/\/www.claret.cat\/es\/wp-json\/wp\/v2\/product_tag?post=1074474"}],"curies":[{"name":"wp","href":"https:\/\/api.w.org\/{rel}","templated":true}]}}