{"id":10747,"date":"2022-09-30T19:56:14","date_gmt":"2022-09-30T17:56:14","guid":{"rendered":"http:\/\/dev.claret.cat\/producte\/hola-maria-castella\/"},"modified":"2024-05-23T11:47:43","modified_gmt":"2024-05-23T09:47:43","slug":"hola-maria-castella-9788482973838","status":"publish","type":"product","link":"https:\/\/www.claret.cat\/es\/libro\/hola-maria-castella-9788482973838\/","title":{"rendered":"\u00a1HOLA MAR\u00cdA! (CASTELL\u00c0)"},"content":{"rendered":"<p>Una colecci\u00f3n que ayudar\u00e1 a padres y educadores a introducir a los m\u00e1s peque\u00f1os en la oraci\u00f3n. A trav\u00e9s de unos dibujos din\u00e1micos y frases sencillas, queremos facilitar un di\u00e1logo catequ\u00e9tico de padres y educadores con el ni\u00f1o o ni\u00f1a.<br \/>\u00ab\u00a1Hola, Mar\u00eda!\u00bb servir\u00e1 para que los peque\u00f1os conozcan a Mar\u00eda, la madre de Jes\u00fas, y conf\u00eden en ella.<\/p>\n","protected":false},"excerpt":{"rendered":"<p>CODINA, JOSEP<\/p>\n","protected":false},"featured_media":355266,"template":"","meta":{"_acf_changed":false,"om_disable_all_campaigns":false,"rs_blank_template":"","rs_page_bg_color":"","slide_template_v7":"","inline_featured_image":false,"_monsterinsights_skip_tracking":false,"_monsterinsights_sitenote_active":false,"_monsterinsights_sitenote_note":"","_monsterinsights_sitenote_category":0},"product_brand":[],"product_cat":[581,405,219,478,267,235,393],"product_tag":[],"class_list":{"0":"post-10747","1":"product","2":"type-product","3":"status-publish","4":"has-post-thumbnail","6":"product_cat-editorial-claret","7":"product_cat-infantil-pastoral-1_espiritualidad","8":"product_cat-infantil-catequesi","9":"product_cat-infantil-catequesis-1_espiritualidad","10":"product_cat-infantil-pastoral","11":"product_cat-mariana","12":"product_cat-mariana-espiritualidad-1_espiritualidad","14":"first","15":"instock","16":"taxable","17":"shipping-taxable","18":"purchasable","19":"product-type-simple"},"acf":{"autor":"CODINA, JOSEP","codart":"848297383","libros-coleccion":"REZAR CON LOS NI\u00d1OS","ediciones":"2","encuadernacion":"Tela","fecha_de_publicacion":"01\/09\/2001","novedad":"0","paginas":"18","subtitulo":"","orden":"999","portada":"0","idioma":"spa","editorial":[{"ID":6158,"post_author":"3","post_date":"2022-07-28 17:46:08","post_date_gmt":"2022-07-28 15:46:08","post_content":"","post_title":"CLARET","post_excerpt":"","post_status":"publish","comment_status":"closed","ping_status":"closed","post_password":"","post_name":"claret","to_ping":"","pinged":"","post_modified":"2022-07-28 17:46:08","post_modified_gmt":"2022-07-28 15:46:08","post_content_filtered":"","post_parent":0,"guid":"http:\/\/dev.claret.cat\/editorial\/claret\/","menu_order":0,"post_type":"editorial","post_mime_type":"","comment_count":"0","filter":"raw"}],"autores-libros":[{"ID":160657,"post_author":"3","post_date":"2022-10-14 15:54:51","post_date_gmt":"2022-10-14 13:54:51","post_content":"","post_title":"JOSEP CODINA FARRES","post_excerpt":"","post_status":"publish","comment_status":"closed","ping_status":"closed","post_password":"","post_name":"josep-codina-farres","to_ping":"","pinged":"","post_modified":"2022-10-14 15:54:51","post_modified_gmt":"2022-10-14 13:54:51","post_content_filtered":"","post_parent":0,"guid":"http:\/\/dev.claret.cat\/autor\/josep-codina-farres\/","menu_order":0,"post_type":"autor","post_mime_type":"","comment_count":"0","filter":"raw"}]},"aioseo_notices":[],"_links":{"self":[{"href":"https:\/\/www.claret.cat\/es\/wp-json\/wp\/v2\/product\/10747","targetHints":{"allow":["GET"]}}],"collection":[{"href":"https:\/\/www.claret.cat\/es\/wp-json\/wp\/v2\/product"}],"about":[{"href":"https:\/\/www.claret.cat\/es\/wp-json\/wp\/v2\/types\/product"}],"wp:featuredmedia":[{"embeddable":true,"href":"https:\/\/www.claret.cat\/es\/wp-json\/wp\/v2\/media\/355266"}],"wp:attachment":[{"href":"https:\/\/www.claret.cat\/es\/wp-json\/wp\/v2\/media?parent=10747"}],"wp:term":[{"taxonomy":"product_brand","embeddable":true,"href":"https:\/\/www.claret.cat\/es\/wp-json\/wp\/v2\/product_brand?post=10747"},{"taxonomy":"product_cat","embeddable":true,"href":"https:\/\/www.claret.cat\/es\/wp-json\/wp\/v2\/product_cat?post=10747"},{"taxonomy":"product_tag","embeddable":true,"href":"https:\/\/www.claret.cat\/es\/wp-json\/wp\/v2\/product_tag?post=10747"}],"curies":[{"name":"wp","href":"https:\/\/api.w.org\/{rel}","templated":true}]}}