{"id":1074726,"date":"2026-01-20T13:31:46","date_gmt":"2026-01-20T12:31:46","guid":{"rendered":"https:\/\/www.claret.cat\/llibre\/miss-merkel-asesinato-en-terapia-de-grupo-9788432249204\/"},"modified":"2026-02-25T18:01:14","modified_gmt":"2026-02-25T17:01:14","slug":"miss-merkel-asesinato-en-terapia-de-grupo-9788432249204","status":"publish","type":"product","link":"https:\/\/www.claret.cat\/es\/libro\/miss-merkel-asesinato-en-terapia-de-grupo-9788432249204\/","title":{"rendered":"MISS MERKEL. ASESINATO EN TERAPIA DE GRUPO"},"content":{"rendered":"<p>Si hay algo que aterroriza a Angela Merkel m\u00e1s que los despiadados l\u00edderes mundiales, los criminales o los claroscuros de sus a\u00f1os de gobierno es\u2026 enfrentarse al div\u00e1n.Angela Merkel est\u00e1 deprimida. Al escribir su autobiograf\u00eda comprende que dej\u00f3 problemas sin resolver y la convencen para que acuda a terapia de grupo. Sin embargo, tras la primera sesi\u00f3n su terapeuta, el doctor Fenstermacher, salta por los aires en una explosi\u00f3n en su casa flotante. Esto curiosamente mejora mucho el \u00e1nimo de Angela: por fin puede volver a investigar porque aunque el inspector habla de accidente, ella ve indicios de asesinato. Lo que s\u00ed que no se esperaba es que las sospechas recaigan sobre ella.<\/p>\n","protected":false},"excerpt":{"rendered":"<p>DAVID SAFIER<\/p>\n","protected":false},"featured_media":1075078,"template":"","meta":{"_acf_changed":false,"om_disable_all_campaigns":false,"rs_blank_template":"","rs_page_bg_color":"","slide_template_v7":"","inline_featured_image":false,"_monsterinsights_skip_tracking":false,"_monsterinsights_sitenote_active":false,"_monsterinsights_sitenote_note":"","_monsterinsights_sitenote_category":0},"product_brand":[],"product_cat":[127,357],"product_tag":[],"class_list":{"0":"post-1074726","1":"product","2":"type-product","3":"status-publish","4":"has-post-thumbnail","6":"product_cat-novella-contemporania","7":"product_cat-novela-contemporanea","9":"first","10":"instock","11":"taxable","12":"shipping-taxable","13":"purchasable","14":"product-type-simple"},"acf":{"autor":"DAVID SAFIER","codart":"843224920","libros-coleccion":"FORA DE COL.LECCI\u00d3","ediciones":"1","encuadernacion":"R\u00fastica","fecha_de_publicacion":"01\/01\/2026","novedad":"1","paginas":"360","subtitulo":"","orden":"0","portada":"0","idioma":"spa","booktrailer":"","resenas":"","editorial":[{"ID":6361,"post_author":"3","post_date":"2022-07-28 17:50:32","post_date_gmt":"2022-07-28 15:50:32","post_content":"","post_title":"SEIX BARRAL, EDICIONES","post_excerpt":"","post_status":"publish","comment_status":"closed","ping_status":"closed","post_password":"","post_name":"seix-barral-ediciones","to_ping":"","pinged":"","post_modified":"2022-07-28 17:50:32","post_modified_gmt":"2022-07-28 15:50:32","post_content_filtered":"","post_parent":0,"guid":"http:\/\/dev.claret.cat\/editorial\/seix-barral-ediciones\/","menu_order":0,"post_type":"editorial","post_mime_type":"","comment_count":"0","filter":"raw"}]},"aioseo_notices":[],"_links":{"self":[{"href":"https:\/\/www.claret.cat\/es\/wp-json\/wp\/v2\/product\/1074726","targetHints":{"allow":["GET"]}}],"collection":[{"href":"https:\/\/www.claret.cat\/es\/wp-json\/wp\/v2\/product"}],"about":[{"href":"https:\/\/www.claret.cat\/es\/wp-json\/wp\/v2\/types\/product"}],"wp:featuredmedia":[{"embeddable":true,"href":"https:\/\/www.claret.cat\/es\/wp-json\/wp\/v2\/media\/1075078"}],"wp:attachment":[{"href":"https:\/\/www.claret.cat\/es\/wp-json\/wp\/v2\/media?parent=1074726"}],"wp:term":[{"taxonomy":"product_brand","embeddable":true,"href":"https:\/\/www.claret.cat\/es\/wp-json\/wp\/v2\/product_brand?post=1074726"},{"taxonomy":"product_cat","embeddable":true,"href":"https:\/\/www.claret.cat\/es\/wp-json\/wp\/v2\/product_cat?post=1074726"},{"taxonomy":"product_tag","embeddable":true,"href":"https:\/\/www.claret.cat\/es\/wp-json\/wp\/v2\/product_tag?post=1074726"}],"curies":[{"name":"wp","href":"https:\/\/api.w.org\/{rel}","templated":true}]}}