{"id":107485,"date":"2022-10-12T09:32:31","date_gmt":"2022-10-12T07:32:31","guid":{"rendered":"http:\/\/dev.claret.cat\/producte\/la-interpretacion-de-los-suenos\/"},"modified":"2024-05-23T23:30:18","modified_gmt":"2024-05-23T21:30:18","slug":"la-interpretacion-de-los-suenos-9788446037361","status":"publish","type":"product","link":"https:\/\/www.claret.cat\/es\/libro\/la-interpretacion-de-los-suenos-9788446037361\/","title":{"rendered":"LA INTERPRETACI\u00d3N DE LOS SUE\u00d1OS"},"content":{"rendered":"<p>En 1899 Freud publicaba por primera vez la obra que ser\u00eda considerada como la m\u00e1s importante, representativa e influyente de su toda su producci\u00f3n: La interpretaci\u00f3n de los sue\u00f1os. Con ella daba inicio a una nueva disciplina, el psicoan\u00e1lisis, que propon\u00eda el modo a trav\u00e9s del cual acceder al inconsciente tomando elementos de las experiencias vividas. Por primera vez se introdujo el concepto del Yo y los sue\u00f1os fueron objeto de un estudio cient\u00edfico. Gracias al m\u00e9todo propuesto por Freud, pudieron interpretarse los contenidos de aquellos, generalmente como la representaci\u00f3n de deseos latentes.<br \/> La interpretaci\u00f3n de los sue\u00f1os es un libro fundamental para quienes quieran conocer o profundizar en las teor\u00edas del padre de psicoan\u00e1lisis.<\/p>\n","protected":false},"excerpt":{"rendered":"<p>FREUD, SIGMUND<\/p>\n","protected":false},"featured_media":348076,"template":"","meta":{"_acf_changed":false,"om_disable_all_campaigns":false,"rs_blank_template":"","rs_page_bg_color":"","slide_template_v7":"","inline_featured_image":false,"_monsterinsights_skip_tracking":false,"_monsterinsights_sitenote_active":false,"_monsterinsights_sitenote_note":"","_monsterinsights_sitenote_category":0},"product_brand":[],"product_cat":[376,178],"product_tag":[],"class_list":{"0":"post-107485","1":"product","2":"type-product","3":"status-publish","4":"has-post-thumbnail","6":"product_cat-autores-psicologia-2_humanidades","7":"product_cat-autors-psicologia","9":"first","10":"instock","11":"taxable","12":"shipping-taxable","13":"purchasable","14":"product-type-simple"},"acf":{"editorial":[{"ID":6115,"post_author":"3","post_date":"2022-07-28 17:45:13","post_date_gmt":"2022-07-28 15:45:13","post_content":"","post_title":"AKAL, EDICIONES S.A.","post_excerpt":"","post_status":"publish","comment_status":"closed","ping_status":"closed","post_password":"","post_name":"akal-ediciones-s-a","to_ping":"","pinged":"","post_modified":"2022-07-28 17:45:13","post_modified_gmt":"2022-07-28 15:45:13","post_content_filtered":"","post_parent":0,"guid":"http:\/\/dev.claret.cat\/editorial\/akal-ediciones-s-a\/","menu_order":0,"post_type":"editorial","post_mime_type":"","comment_count":"0","filter":"raw"}],"autor":"FREUD, SIGMUND","codart":"844603736","libros-coleccion":"B\u00e1sica de bolsillo","ediciones":"1","encuadernacion":"R\u00fastica","fecha_de_publicacion":"21\/07\/2020","novedad":"1","paginas":"656","subtitulo":"","orden":"0","portada":"0","idioma":"spa","autores-libros":[{"ID":169458,"post_author":"3","post_date":"2022-10-14 22:27:23","post_date_gmt":"2022-10-14 20:27:23","post_content":"","post_title":"SIGMUND FREUD","post_excerpt":"","post_status":"publish","comment_status":"closed","ping_status":"closed","post_password":"","post_name":"sigmund-freud","to_ping":"","pinged":"","post_modified":"2022-10-14 22:27:23","post_modified_gmt":"2022-10-14 20:27:23","post_content_filtered":"","post_parent":0,"guid":"http:\/\/dev.claret.cat\/autor\/sigmund-freud\/","menu_order":0,"post_type":"autor","post_mime_type":"","comment_count":"0","filter":"raw"}]},"aioseo_notices":[],"_links":{"self":[{"href":"https:\/\/www.claret.cat\/es\/wp-json\/wp\/v2\/product\/107485","targetHints":{"allow":["GET"]}}],"collection":[{"href":"https:\/\/www.claret.cat\/es\/wp-json\/wp\/v2\/product"}],"about":[{"href":"https:\/\/www.claret.cat\/es\/wp-json\/wp\/v2\/types\/product"}],"wp:featuredmedia":[{"embeddable":true,"href":"https:\/\/www.claret.cat\/es\/wp-json\/wp\/v2\/media\/348076"}],"wp:attachment":[{"href":"https:\/\/www.claret.cat\/es\/wp-json\/wp\/v2\/media?parent=107485"}],"wp:term":[{"taxonomy":"product_brand","embeddable":true,"href":"https:\/\/www.claret.cat\/es\/wp-json\/wp\/v2\/product_brand?post=107485"},{"taxonomy":"product_cat","embeddable":true,"href":"https:\/\/www.claret.cat\/es\/wp-json\/wp\/v2\/product_cat?post=107485"},{"taxonomy":"product_tag","embeddable":true,"href":"https:\/\/www.claret.cat\/es\/wp-json\/wp\/v2\/product_tag?post=107485"}],"curies":[{"name":"wp","href":"https:\/\/api.w.org\/{rel}","templated":true}]}}