{"id":1074913,"date":"2026-01-20T14:16:20","date_gmt":"2026-01-20T13:16:20","guid":{"rendered":"https:\/\/www.claret.cat\/llibre\/pequeno-sherlock-el-caso-del-cuadro-misterioso-9788414359792\/"},"modified":"2026-03-03T16:35:47","modified_gmt":"2026-03-03T15:35:47","slug":"pequeno-sherlock-el-caso-del-cuadro-misterioso-9788414359792","status":"publish","type":"product","link":"https:\/\/www.claret.cat\/es\/libro\/pequeno-sherlock-el-caso-del-cuadro-misterioso-9788414359792\/","title":{"rendered":"PEQUE\u00d1O SHERLOCK: EL CASO DEL CUADRO MISTERIOSO"},"content":{"rendered":"<p>Resuelve los enigmas con la ayuda de Peque\u00f1o Sherlock y su pandilla.Un libro interactivo para peque\u00f1os detectives.Con un mont\u00f3n de misterios por resolver.F\u00edjate bien y encuentra las soluciones mientras lees.Sherlock y sus amigos visitan el Musel del Louvre y quedan hipnotizados por La Gioconda. Pero lo m\u00e1s inquietante es que \u00a1se quedan encerrados en las galer\u00edas toooda la noche! \u00bfLes han tendido una trampa?, pero \u00bfqui\u00e9n? Va a ser una investigaci\u00f3n de lo m\u00e1s emocionante.<\/p>\n","protected":false},"excerpt":{"rendered":"<p>PASCAL PR\u00c9VOT<\/p>\n","protected":false},"featured_media":1075052,"template":"","meta":{"_acf_changed":false,"om_disable_all_campaigns":false,"rs_blank_template":"","rs_page_bg_color":"","slide_template_v7":"","inline_featured_image":false,"_monsterinsights_skip_tracking":false,"_monsterinsights_sitenote_active":false,"_monsterinsights_sitenote_note":"","_monsterinsights_sitenote_category":0},"product_brand":[],"product_cat":[131,361],"product_tag":[],"class_list":{"0":"post-1074913","1":"product","2":"type-product","3":"status-publish","4":"has-post-thumbnail","6":"product_cat-contes-per-infants-0-6-anys","7":"product_cat-cuentos-para-ninos-0-6-anos","9":"first","10":"instock","11":"taxable","12":"shipping-taxable","13":"purchasable","14":"product-type-simple"},"acf":{"autor":"PASCAL PR\u00c9VOT","codart":"841435979","libros-coleccion":"FORA DE COL.LECCI\u00d3","ediciones":"1","encuadernacion":"Carton\u00e9","fecha_de_publicacion":"01\/01\/2026","novedad":"1","paginas":"44","subtitulo":"TU PRIMER LIBRO DE ENIGMAS","orden":"0","portada":"0","idioma":"spa","booktrailer":"","resenas":"","editorial":[{"ID":147433,"post_author":"3","post_date":"2022-10-14 11:50:32","post_date_gmt":"2022-10-14 09:50:32","post_content":"","post_title":"ANAYA INFANTIL Y JUVENIL","post_excerpt":"","post_status":"publish","comment_status":"closed","ping_status":"closed","post_password":"","post_name":"anaya-infantil-y-juvenil","to_ping":"","pinged":"","post_modified":"2022-10-14 11:50:32","post_modified_gmt":"2022-10-14 09:50:32","post_content_filtered":"","post_parent":0,"guid":"http:\/\/dev.claret.cat\/editorial\/anaya-infantil-y-juvenil\/","menu_order":0,"post_type":"editorial","post_mime_type":"","comment_count":"0","filter":"raw"}]},"aioseo_notices":[],"_links":{"self":[{"href":"https:\/\/www.claret.cat\/es\/wp-json\/wp\/v2\/product\/1074913","targetHints":{"allow":["GET"]}}],"collection":[{"href":"https:\/\/www.claret.cat\/es\/wp-json\/wp\/v2\/product"}],"about":[{"href":"https:\/\/www.claret.cat\/es\/wp-json\/wp\/v2\/types\/product"}],"wp:featuredmedia":[{"embeddable":true,"href":"https:\/\/www.claret.cat\/es\/wp-json\/wp\/v2\/media\/1075052"}],"wp:attachment":[{"href":"https:\/\/www.claret.cat\/es\/wp-json\/wp\/v2\/media?parent=1074913"}],"wp:term":[{"taxonomy":"product_brand","embeddable":true,"href":"https:\/\/www.claret.cat\/es\/wp-json\/wp\/v2\/product_brand?post=1074913"},{"taxonomy":"product_cat","embeddable":true,"href":"https:\/\/www.claret.cat\/es\/wp-json\/wp\/v2\/product_cat?post=1074913"},{"taxonomy":"product_tag","embeddable":true,"href":"https:\/\/www.claret.cat\/es\/wp-json\/wp\/v2\/product_tag?post=1074913"}],"curies":[{"name":"wp","href":"https:\/\/api.w.org\/{rel}","templated":true}]}}