{"id":1074927,"date":"2026-01-20T14:18:44","date_gmt":"2026-01-20T13:18:44","guid":{"rendered":"https:\/\/www.claret.cat\/llibre\/aprender-a-vivir-9791370091200\/"},"modified":"2026-01-20T14:21:00","modified_gmt":"2026-01-20T13:21:00","slug":"aprender-a-vivir-9791370091200","status":"publish","type":"product","link":"https:\/\/www.claret.cat\/es\/libro\/aprender-a-vivir-9791370091200\/","title":{"rendered":"APRENDER A VIVIR"},"content":{"rendered":"<p>Una gu\u00eda filos\u00f3fica para afrontar nuestras horas m\u00e1s fr\u00e1giles, del autor de La imbecilidad es cosa seria. <br \/>A veces, la vida nos asalta con incidentes que nos obligan a parar y replantearnos si realmente hemos aprendido a vivirla. Desde ese lugar, y en la red conceptual del vivir (sobrevivir, previvir y convivir), el fil\u00f3sofo Maurizio Ferraris reflexiona sobre la existencia humana, marcada por experiencias, memorias y aprendizajes tanto personales como culturales. El momento de pausa revela una red de sentimientos y recuerdos que nos conecta con lo vivido, lo le\u00eddo y lo compartido. Ferraris entrelaza filosof\u00eda y literatura, invitando a compa\u00f1eros de viaje como Montaigne, Heidegger, Nietzsche, Derrida, Proust, Yourcenar, Fitzgerald o Hemingway. El resultado es una obra profunda y conmovedora que invita a reconsiderar la vida desde sus quiebres, mostrando que incluso en la fragilidad hay espacio para volver a intentarlo.______<br \/>Maurizio Ferraris es catedr\u00e1tico de Filosof\u00eda Te\u00f3rica en la Universidad de Tur\u00edn, presidente del Labont (Centro de Ontolog\u00eda) y de Scienza Nuova, el instituto de estudios avanzados que re\u00fane a la Universidad y al Polit\u00e9cnico de Tur\u00edn en el dise\u00f1o de un futuro sostenible. Es columnista del Corriere della Sera y autor de programas de televisi\u00f3n y de libros traducidos en todo el mundo. Entre sus publicaciones destacan: Aprender a vivir (2026), Documanidad. Filosof\u00eda del nuevo mundo (2023), Posverdad y otros enigmas (2019) y La imbecilidad es cosa seria (2018).<\/p>\n","protected":false},"excerpt":{"rendered":"<p>MAURIZIO FERRARIS<\/p>\n","protected":false},"featured_media":1074928,"template":"","meta":{"_acf_changed":false,"om_disable_all_campaigns":false,"rs_blank_template":"","rs_page_bg_color":"","slide_template_v7":"","inline_featured_image":false,"_monsterinsights_skip_tracking":false,"_monsterinsights_sitenote_active":false,"_monsterinsights_sitenote_note":"","_monsterinsights_sitenote_category":0},"product_brand":[],"product_cat":[373,166,445,175],"product_tag":[],"class_list":{"0":"post-1074927","1":"product","2":"type-product","3":"status-publish","4":"has-post-thumbnail","6":"product_cat-autores","7":"product_cat-autors-filosofia","8":"product_cat-etica-filosofia-2_humanidades","9":"product_cat-etica","11":"first","12":"instock","13":"taxable","14":"shipping-taxable","15":"purchasable","16":"product-type-simple"},"acf":{"autor":"MAURIZIO FERRARIS","codart":"137009120","libros-coleccion":"FORA DE COL.LECCI\u00d3","ediciones":"1","encuadernacion":"R\u00fastica","fecha_de_publicacion":"01\/01\/2026","novedad":"1","paginas":"200","subtitulo":"","orden":"0","portada":"0","idioma":"spa","booktrailer":"","resenas":"","editorial":[{"ID":6119,"post_author":"3","post_date":"2022-07-28 17:45:18","post_date_gmt":"2022-07-28 15:45:18","post_content":"","post_title":"Alianza Editorial","post_excerpt":"","post_status":"publish","comment_status":"closed","ping_status":"closed","post_password":"","post_name":"alianza-editorial","to_ping":"","pinged":"","post_modified":"2022-07-28 17:45:18","post_modified_gmt":"2022-07-28 15:45:18","post_content_filtered":"","post_parent":0,"guid":"http:\/\/dev.claret.cat\/editorial\/alianza-editorial\/","menu_order":0,"post_type":"editorial","post_mime_type":"","comment_count":"0","filter":"raw"}]},"aioseo_notices":[],"_links":{"self":[{"href":"https:\/\/www.claret.cat\/es\/wp-json\/wp\/v2\/product\/1074927","targetHints":{"allow":["GET"]}}],"collection":[{"href":"https:\/\/www.claret.cat\/es\/wp-json\/wp\/v2\/product"}],"about":[{"href":"https:\/\/www.claret.cat\/es\/wp-json\/wp\/v2\/types\/product"}],"wp:featuredmedia":[{"embeddable":true,"href":"https:\/\/www.claret.cat\/es\/wp-json\/wp\/v2\/media\/1074928"}],"wp:attachment":[{"href":"https:\/\/www.claret.cat\/es\/wp-json\/wp\/v2\/media?parent=1074927"}],"wp:term":[{"taxonomy":"product_brand","embeddable":true,"href":"https:\/\/www.claret.cat\/es\/wp-json\/wp\/v2\/product_brand?post=1074927"},{"taxonomy":"product_cat","embeddable":true,"href":"https:\/\/www.claret.cat\/es\/wp-json\/wp\/v2\/product_cat?post=1074927"},{"taxonomy":"product_tag","embeddable":true,"href":"https:\/\/www.claret.cat\/es\/wp-json\/wp\/v2\/product_tag?post=1074927"}],"curies":[{"name":"wp","href":"https:\/\/api.w.org\/{rel}","templated":true}]}}