{"id":1075408,"date":"2026-01-21T10:20:25","date_gmt":"2026-01-21T09:20:25","guid":{"rendered":"https:\/\/www.claret.cat\/llibre\/ejercicios-espirituales-y-conversion-ecologica-9788427151093\/"},"modified":"2026-03-31T18:07:00","modified_gmt":"2026-03-31T16:07:00","slug":"ejercicios-espirituales-y-conversion-ecologica-9788427151093","status":"publish","type":"product","link":"https:\/\/www.claret.cat\/es\/libro\/ejercicios-espirituales-y-conversion-ecologica-9788427151093\/","title":{"rendered":"EJERCICIOS ESPIRITUALES Y CONVERSI\u00d3N ECOL\u00d3GICA"},"content":{"rendered":"<p><strong>Un itinerario ignaciano para una ecolog\u00eda integral<\/strong> plantea una pregunta clave de nuestro tiempo: <strong>\u00bfpuede la espiritualidad ignaciana responder al grito de la Tierra?<\/strong><\/p>\n<p>Vivimos una <strong>crisis socioambiental<\/strong> sin precedentes que no es solo un <strong>problema t\u00e9cnico o ecol\u00f3gico<\/strong>, sino una profunda <strong>crisis espiritual<\/strong>. Esta situaci\u00f3n exige una <strong>transformaci\u00f3n interior radical<\/strong>, una aut\u00e9ntica <strong>conversi\u00f3n ecol\u00f3gica<\/strong> que renueve nuestra manera de relacionarnos con Dios, con los dem\u00e1s y con la <strong>Creaci\u00f3n<\/strong>.<\/p>\n<p>Este <strong>libro de espiritualidad y ecolog\u00eda integral<\/strong> propone un camino <strong>vivencial y pr\u00e1ctico<\/strong> inspirado en la <strong>espiritualidad ignaciana<\/strong>. Siguiendo la estructura de las <strong>cuatro semanas de los Ejercicios Espirituales de san Ignacio de Loyola<\/strong>, invita a recorrer un <strong>itinerario transformador<\/strong> que conduce del <strong>paradigma de la depredaci\u00f3n<\/strong> al <strong>paradigma del cuidado<\/strong>, la <strong>reverencia por la Casa Com\u00fan<\/strong> y la <strong>responsabilidad ecol\u00f3gica<\/strong>.<\/p>\n<p>Una obra que invita a <strong>habitar el mundo con una nueva mirada<\/strong>, integrando <strong>fe, justicia social y ecolog\u00eda<\/strong>, y que se presenta como una <strong>lectura urgente<\/strong> para quienes desean <strong>reconectar con Dios<\/strong>, fortalecer los <strong>v\u00ednculos comunitarios<\/strong> y renovar su relaci\u00f3n con la <strong>Tierra<\/strong> desde una <strong>ecolog\u00eda integral<\/strong>.<\/p>\n","protected":false},"excerpt":{"rendered":"<p>MELLONI, JAVIER <\/p>\n","protected":false},"featured_media":1075466,"template":"","meta":{"_acf_changed":false,"om_disable_all_campaigns":false,"rs_blank_template":"","rs_page_bg_color":"","slide_template_v7":"","inline_featured_image":false,"_monsterinsights_skip_tracking":false,"_monsterinsights_sitenote_active":false,"_monsterinsights_sitenote_note":"","_monsterinsights_sitenote_category":0},"product_brand":[],"product_cat":[245,495,494,244],"product_tag":[],"class_list":{"0":"post-1075408","1":"product","2":"type-product","3":"status-publish","4":"has-post-thumbnail","6":"product_cat-diversa","7":"product_cat-diversa-espiritualidad-1_espiritualidad","8":"product_cat-ignaciana-espiritualidad-1_espiritualidad","9":"product_cat-ignaciana","11":"first","12":"instock","13":"taxable","14":"shipping-taxable","15":"purchasable","16":"product-type-simple"},"acf":{"autor":"MELLONI, JAVIER ","codart":"842715109","libros-coleccion":"Espiritualidad","ediciones":"1","encuadernacion":"R\u00fastica","fecha_de_publicacion":"12\/01\/2026","novedad":"1","paginas":"232","subtitulo":"","orden":"0","portada":"1","idioma":"spa","booktrailer":"","resenas":"","editorial":[{"ID":8258,"post_author":"3","post_date":"2022-09-30 09:21:32","post_date_gmt":"2022-09-30 07:21:32","post_content":"","post_title":"MENSAJERO","post_excerpt":"","post_status":"publish","comment_status":"closed","ping_status":"closed","post_password":"","post_name":"mensajero","to_ping":"","pinged":"","post_modified":"2022-09-30 09:21:32","post_modified_gmt":"2022-09-30 07:21:32","post_content_filtered":"","post_parent":0,"guid":"http:\/\/dev.claret.cat\/editorial\/mensajero\/","menu_order":0,"post_type":"editorial","post_mime_type":"","comment_count":"0","filter":"raw"}]},"aioseo_notices":[],"_links":{"self":[{"href":"https:\/\/www.claret.cat\/es\/wp-json\/wp\/v2\/product\/1075408","targetHints":{"allow":["GET"]}}],"collection":[{"href":"https:\/\/www.claret.cat\/es\/wp-json\/wp\/v2\/product"}],"about":[{"href":"https:\/\/www.claret.cat\/es\/wp-json\/wp\/v2\/types\/product"}],"wp:featuredmedia":[{"embeddable":true,"href":"https:\/\/www.claret.cat\/es\/wp-json\/wp\/v2\/media\/1075466"}],"wp:attachment":[{"href":"https:\/\/www.claret.cat\/es\/wp-json\/wp\/v2\/media?parent=1075408"}],"wp:term":[{"taxonomy":"product_brand","embeddable":true,"href":"https:\/\/www.claret.cat\/es\/wp-json\/wp\/v2\/product_brand?post=1075408"},{"taxonomy":"product_cat","embeddable":true,"href":"https:\/\/www.claret.cat\/es\/wp-json\/wp\/v2\/product_cat?post=1075408"},{"taxonomy":"product_tag","embeddable":true,"href":"https:\/\/www.claret.cat\/es\/wp-json\/wp\/v2\/product_tag?post=1075408"}],"curies":[{"name":"wp","href":"https:\/\/api.w.org\/{rel}","templated":true}]}}