{"id":1075417,"date":"2026-01-21T10:35:02","date_gmt":"2026-01-21T09:35:02","guid":{"rendered":"https:\/\/www.claret.cat\/llibre\/bernardus-peeters-la-sabiduria-de-un-abad-9788429332728\/"},"modified":"2026-01-21T12:30:42","modified_gmt":"2026-01-21T11:30:42","slug":"bernardus-peeters-la-sabiduria-de-un-abad-9788429332728","status":"publish","type":"product","link":"https:\/\/www.claret.cat\/es\/libro\/bernardus-peeters-la-sabiduria-de-un-abad-9788429332728\/","title":{"rendered":"BERNARDUS PEETERS. LA SABIDUR\u00cdA DE UN ABAD"},"content":{"rendered":"<p><strong>Sabidur\u00eda mon\u00e1stica para articular vida comunitaria, renovaci\u00f3n y tradici\u00f3n<\/strong>.<\/p>\n<p> Muchas veces, pensamos que la paz es un estado que \u00fanicamente se puede encontrar en espacios al margen, por ejemplo, en un monasterio. Pero, \u00bfy si \u201cel mundo\u201d no fuera algo de lo que escapar, sino una realidad que transformar y abrazar? <strong>Hugo Vanheeswijck <\/strong>nos abre las puertas del coraz\u00f3n de <strong>Bernardus Peeters, el Abad General de la Orden Cisterciense de la Estricta Observancia<\/strong>. A trav\u00e9s de su propia historia \u2014desde sus dudas juveniles hasta su liderazgo global\u2014, Bernardus nos invita a entrar en <strong>la \u201cescuela del amor\u201d cisterciense<\/strong>. Toda una invitaci\u00f3n a descubrir por qu\u00e9 la vida contemplativa no significa dar la espalda al mundo, sino <strong>aprender a lidiar con nuestro ruido interior<\/strong>.<\/p>\n<p>&nbsp;<\/p>\n","protected":false},"excerpt":{"rendered":"<p>VANHEESWIJCK, HUGO<\/p>\n","protected":false},"featured_media":1075468,"template":"","meta":{"_acf_changed":false,"om_disable_all_campaigns":false,"rs_blank_template":"","rs_page_bg_color":"","slide_template_v7":"","inline_featured_image":false,"_monsterinsights_skip_tracking":false,"_monsterinsights_sitenote_active":false,"_monsterinsights_sitenote_note":"","_monsterinsights_sitenote_category":0},"product_brand":[],"product_cat":[485,232,239,490],"product_tag":[],"class_list":{"0":"post-1075417","1":"product","2":"type-product","3":"status-publish","4":"has-post-thumbnail","6":"product_cat-autores-espiritualidad-1_espiritualidad","7":"product_cat-autors-espiritualitat","8":"product_cat-monastica","9":"product_cat-monastica-espiritualidad-1_espiritualidad","11":"first","12":"instock","13":"taxable","14":"shipping-taxable","15":"purchasable","16":"product-type-simple"},"acf":{"autor":"VANHEESWIJCK, HUGO","codart":"842933272","libros-coleccion":"SAL TERRAE- SERVIDORES Y TESTIGOS","ediciones":"1","encuadernacion":"R\u00fastica","fecha_de_publicacion":"12\/01\/2026","novedad":"1","paginas":"136","subtitulo":"","orden":"0","portada":"1","idioma":"spa","booktrailer":"","resenas":"","editorial":[{"ID":6351,"post_author":"3","post_date":"2022-07-28 17:50:19","post_date_gmt":"2022-07-28 15:50:19","post_content":"","post_title":"Sal Terrae","post_excerpt":"","post_status":"publish","comment_status":"closed","ping_status":"closed","post_password":"","post_name":"sal-terrae","to_ping":"","pinged":"","post_modified":"2022-07-28 17:50:19","post_modified_gmt":"2022-07-28 15:50:19","post_content_filtered":"","post_parent":0,"guid":"http:\/\/dev.claret.cat\/editorial\/sal-terrae\/","menu_order":0,"post_type":"editorial","post_mime_type":"","comment_count":"0","filter":"raw"}]},"aioseo_notices":[],"_links":{"self":[{"href":"https:\/\/www.claret.cat\/es\/wp-json\/wp\/v2\/product\/1075417","targetHints":{"allow":["GET"]}}],"collection":[{"href":"https:\/\/www.claret.cat\/es\/wp-json\/wp\/v2\/product"}],"about":[{"href":"https:\/\/www.claret.cat\/es\/wp-json\/wp\/v2\/types\/product"}],"wp:featuredmedia":[{"embeddable":true,"href":"https:\/\/www.claret.cat\/es\/wp-json\/wp\/v2\/media\/1075468"}],"wp:attachment":[{"href":"https:\/\/www.claret.cat\/es\/wp-json\/wp\/v2\/media?parent=1075417"}],"wp:term":[{"taxonomy":"product_brand","embeddable":true,"href":"https:\/\/www.claret.cat\/es\/wp-json\/wp\/v2\/product_brand?post=1075417"},{"taxonomy":"product_cat","embeddable":true,"href":"https:\/\/www.claret.cat\/es\/wp-json\/wp\/v2\/product_cat?post=1075417"},{"taxonomy":"product_tag","embeddable":true,"href":"https:\/\/www.claret.cat\/es\/wp-json\/wp\/v2\/product_tag?post=1075417"}],"curies":[{"name":"wp","href":"https:\/\/api.w.org\/{rel}","templated":true}]}}