{"id":1075541,"date":"2026-01-21T14:26:10","date_gmt":"2026-01-21T13:26:10","guid":{"rendered":"https:\/\/www.claret.cat\/llibre\/el-color-en-la-naturaleza-9788410469884\/"},"modified":"2026-01-21T14:31:12","modified_gmt":"2026-01-21T13:31:12","slug":"el-color-en-la-naturaleza-9788410469884","status":"publish","type":"product","link":"https:\/\/www.claret.cat\/es\/libro\/el-color-en-la-naturaleza-9788410469884\/","title":{"rendered":"EL COLOR EN LA NATURALEZA"},"content":{"rendered":"<p>* A trav\u00e9s de preciosas im\u00e1genes, este libro revela el sentido del color en la naturaleza, muestra c\u00f3mo lo perciben los distintos seres vivos y aclara hasta qu\u00e9 punto el color contribuye en el comportamiento animal, ya sea en la reproducci\u00f3n y comunicaci\u00f3n e incluso en el ataque y la defensa.  Asimismo, contextualiza la percepci\u00f3n del color, junto con los usos que le damos a aquellos que nos rodean, tanto en la naturaleza como los que creamos para nuestro uso y disfrute.  Presenta un an\u00e1lisis extenso sobre un tema fascinante y cautivador, que le har\u00e1 descubrir nuevas formas de percibir el mundo que le rodea.  Durante los \u00faltimos a\u00f1os, se han producido avances extraordinarios en el estudio de la visi\u00f3n, la ecolog\u00eda visual y nuestra percepci\u00f3n multidimensional y compleja del color en la vida y el planeta. Estos avances han sido posibles gracias a hallazgos ins\u00f3litos en neurociencia y biolog\u00eda evolutiva, as\u00ed como en psicolog\u00eda y dise\u00f1o. Incluye un gran n\u00famero de asombrosas ilustraciones en color; explica qu\u00e9 es el color y c\u00f3mo se origina; aborda la f\u00edsica, gen\u00e9tica, qu\u00edmica, fisiolog\u00eda y psicolog\u00eda de la percepci\u00f3n animal del color; analiza los colores que los humanos no ven o apenas utilizan, como los ultravioleta, los infrarrojos y los bioluminiscentes; revela la evoluci\u00f3n de los colores en el apareamiento, la caza, la supervivencia, las artima\u00f1as y el camuflaje, y proporciona informaci\u00f3n sobre el daltonismo, los colores bioinspirados y nuestra apreciaci\u00f3n del color en el arte y el dise\u00f1o.<\/p>\n","protected":false},"excerpt":{"rendered":"<p>DAVID MAITLAND<\/p>\n","protected":false},"featured_media":1075542,"template":"","meta":{"_acf_changed":false,"om_disable_all_campaigns":false,"rs_blank_template":"","rs_page_bg_color":"","slide_template_v7":"","inline_featured_image":false,"_monsterinsights_skip_tracking":false,"_monsterinsights_sitenote_active":false,"_monsterinsights_sitenote_note":"","_monsterinsights_sitenote_category":0},"product_brand":[],"product_cat":[104,554,105,555],"product_tag":[],"class_list":{"0":"post-1075541","1":"product","2":"type-product","3":"status-publish","4":"has-post-thumbnail","6":"product_cat-ciencia","7":"product_cat-ciencia-5_otras-spa","8":"product_cat-regal","9":"product_cat-regalo","11":"first","12":"instock","13":"taxable","14":"shipping-taxable","15":"purchasable","16":"product-type-simple"},"acf":{"autor":"DAVID MAITLAND","codart":"841046988","libros-coleccion":"","ediciones":"1","encuadernacion":"Carton\u00e9","fecha_de_publicacion":"01\/01\/2026","novedad":"1","paginas":"288","subtitulo":"","orden":"0","portada":"0","idioma":"spa","booktrailer":"","resenas":"","editorial":[{"ID":147554,"post_author":"3","post_date":"2022-10-14 11:51:27","post_date_gmt":"2022-10-14 09:51:27","post_content":"","post_title":"BLUME (Naturart)","post_excerpt":"","post_status":"publish","comment_status":"closed","ping_status":"closed","post_password":"","post_name":"blume-naturart","to_ping":"","pinged":"","post_modified":"2022-10-14 11:51:27","post_modified_gmt":"2022-10-14 09:51:27","post_content_filtered":"","post_parent":0,"guid":"http:\/\/dev.claret.cat\/editorial\/blume-naturart\/","menu_order":0,"post_type":"editorial","post_mime_type":"","comment_count":"0","filter":"raw"}]},"aioseo_notices":[],"_links":{"self":[{"href":"https:\/\/www.claret.cat\/es\/wp-json\/wp\/v2\/product\/1075541","targetHints":{"allow":["GET"]}}],"collection":[{"href":"https:\/\/www.claret.cat\/es\/wp-json\/wp\/v2\/product"}],"about":[{"href":"https:\/\/www.claret.cat\/es\/wp-json\/wp\/v2\/types\/product"}],"wp:featuredmedia":[{"embeddable":true,"href":"https:\/\/www.claret.cat\/es\/wp-json\/wp\/v2\/media\/1075542"}],"wp:attachment":[{"href":"https:\/\/www.claret.cat\/es\/wp-json\/wp\/v2\/media?parent=1075541"}],"wp:term":[{"taxonomy":"product_brand","embeddable":true,"href":"https:\/\/www.claret.cat\/es\/wp-json\/wp\/v2\/product_brand?post=1075541"},{"taxonomy":"product_cat","embeddable":true,"href":"https:\/\/www.claret.cat\/es\/wp-json\/wp\/v2\/product_cat?post=1075541"},{"taxonomy":"product_tag","embeddable":true,"href":"https:\/\/www.claret.cat\/es\/wp-json\/wp\/v2\/product_tag?post=1075541"}],"curies":[{"name":"wp","href":"https:\/\/api.w.org\/{rel}","templated":true}]}}