{"id":1075621,"date":"2026-01-21T17:30:18","date_gmt":"2026-01-21T16:30:18","guid":{"rendered":"https:\/\/www.claret.cat\/llibre\/canastones-4-el-sendero-del-guerrero-9788419898906\/"},"modified":"2026-04-02T18:11:06","modified_gmt":"2026-04-02T16:11:06","slug":"canastones-4-el-sendero-del-guerrero-9788419898906","status":"publish","type":"product","link":"https:\/\/www.claret.cat\/es\/libro\/canastones-4-el-sendero-del-guerrero-9788419898906\/","title":{"rendered":"CANASTONES 4 &#8211; EL SENDERO DEL GUERRERO"},"content":{"rendered":"<p>\u00a1Nunca el baloncesto hab\u00eda sido tan divertido! Conoce a los Canastones, el equipo de b\u00e1squet m\u00e1s ins\u00f3lito que puedas imaginar: aunque los Canastones est\u00e1n muy lejos de ser el mejor equipo, su amistad y humor inunda sus novelas.<br \/> \u00a0<br \/> En\u00a0El Sendero del Guerrero, los Canastones viajan a la jungla para resolver un conflicto entre dos escuelas de karate. Ganar un partido contra unos karatecas que apenas han jugado a baloncesto en su vida parece f\u00e1cil, pero \u00bfqu\u00e9 pinta en todo esto la antigua leyenda del sendero del guerrero? \u00bfY d\u00f3nde se ha metido Duna?<br \/> \u00a0<br \/> Canastones es una colecci\u00f3n sobre baloncesto con mucho humor, protagonizada por un grupo de chicos y chicas de nueve a\u00f1os que van al mismo colegio. \u00a1No hace falta ser un experto en baloncesto para disfrutar con las disparatadas aventuras de Joel y sus amigos!<br \/> Todas las p\u00e1ginas tienen ilustraciones en color y se incluyen di\u00e1logos en bocadillos de c\u00f3mic. El ritmo de la lectura es trepidante y lleno de humor. Se recomienda para ni\u00f1os y ni\u00f1as de 8 a 11 a\u00f1os.<br \/> \u00a0<br \/> Los t\u00edtulos de la colecci\u00f3n:<\/p>\n<p> El torneo de b\u00e1squet so\u00f1ado<br \/> El misterio de los J\u00f3venes de Oro<br \/> La profec\u00eda del escorpi\u00f3n<br \/> El sendero del guerrero<\/p>\n<p> \u00a0<br \/> Otras colecciones de humor y aventuras de Editorial el Pirata:<\/p>\n<p> Golazos (+8 a\u00f1os)<br \/> Los L\u00edos de Judith y Johan (+8 a\u00f1os)<br \/> Los Exploradores del Tiempo (+10 a\u00f1os)<\/p>\n","protected":false},"excerpt":{"rendered":"<p>ALBERTO CASAMAYOR<\/p>\n","protected":false},"featured_media":1075622,"template":"","meta":{"_acf_changed":false,"om_disable_all_campaigns":false,"rs_blank_template":"","rs_page_bg_color":"","slide_template_v7":"","inline_featured_image":false,"_monsterinsights_skip_tracking":false,"_monsterinsights_sitenote_active":false,"_monsterinsights_sitenote_note":"","_monsterinsights_sitenote_category":0},"product_brand":[],"product_cat":[132,362],"product_tag":[],"class_list":{"0":"post-1075621","1":"product","2":"type-product","3":"status-publish","4":"has-post-thumbnail","6":"product_cat-lectures-per-preadolescents-6-12-anys","7":"product_cat-libros-preadolescentes-6-12-anos","9":"first","10":"instock","11":"taxable","12":"shipping-taxable","13":"purchasable","14":"product-type-simple"},"acf":{"autor":"ALBERTO CASAMAYOR","codart":"841989890","libros-coleccion":"FORA DE COL.LECCI\u00d3","ediciones":"1","encuadernacion":"R\u00fastica","fecha_de_publicacion":"01\/10\/2025","novedad":"1","paginas":"140","subtitulo":"\u00a1NUNCA EL BALONCESTO HAB\u00cdA SIDO TAN DIVERTIDO! UN EQUIPO DE BASKET INS\u00d3LITO, AMI","orden":"0","portada":"0","idioma":"spa","booktrailer":"","resenas":"","editorial":[{"ID":147970,"post_author":"3","post_date":"2022-10-14 11:54:38","post_date_gmt":"2022-10-14 09:54:38","post_content":"","post_title":"Editorial el Pirata","post_excerpt":"","post_status":"publish","comment_status":"closed","ping_status":"closed","post_password":"","post_name":"editorial-el-pirata","to_ping":"","pinged":"","post_modified":"2022-10-14 11:54:38","post_modified_gmt":"2022-10-14 09:54:38","post_content_filtered":"","post_parent":0,"guid":"http:\/\/dev.claret.cat\/editorial\/editorial-el-pirata\/","menu_order":0,"post_type":"editorial","post_mime_type":"","comment_count":"0","filter":"raw"}]},"aioseo_notices":[],"_links":{"self":[{"href":"https:\/\/www.claret.cat\/es\/wp-json\/wp\/v2\/product\/1075621","targetHints":{"allow":["GET"]}}],"collection":[{"href":"https:\/\/www.claret.cat\/es\/wp-json\/wp\/v2\/product"}],"about":[{"href":"https:\/\/www.claret.cat\/es\/wp-json\/wp\/v2\/types\/product"}],"wp:featuredmedia":[{"embeddable":true,"href":"https:\/\/www.claret.cat\/es\/wp-json\/wp\/v2\/media\/1075622"}],"wp:attachment":[{"href":"https:\/\/www.claret.cat\/es\/wp-json\/wp\/v2\/media?parent=1075621"}],"wp:term":[{"taxonomy":"product_brand","embeddable":true,"href":"https:\/\/www.claret.cat\/es\/wp-json\/wp\/v2\/product_brand?post=1075621"},{"taxonomy":"product_cat","embeddable":true,"href":"https:\/\/www.claret.cat\/es\/wp-json\/wp\/v2\/product_cat?post=1075621"},{"taxonomy":"product_tag","embeddable":true,"href":"https:\/\/www.claret.cat\/es\/wp-json\/wp\/v2\/product_tag?post=1075621"}],"curies":[{"name":"wp","href":"https:\/\/api.w.org\/{rel}","templated":true}]}}