{"id":1075950,"date":"2026-01-22T12:56:30","date_gmt":"2026-01-22T11:56:30","guid":{"rendered":"https:\/\/www.claret.cat\/llibre\/el-koala-9788410848221\/"},"modified":"2026-02-28T11:50:11","modified_gmt":"2026-02-28T10:50:11","slug":"el-koala-9788410848221","status":"publish","type":"product","link":"https:\/\/www.claret.cat\/es\/libro\/el-koala-9788410848221\/","title":{"rendered":"EL KOALA"},"content":{"rendered":"<p>\u00bfQui\u00e9n es este bonito animal? Le gusta mucho comer hojas de eucalipto&#8230; \u00a1Exacto, el koala! \u00bfSabes qu\u00e9 m\u00e1s le gusta? \u00a1Tendr\u00e1s que leer el libro para averiguarlo!Un original libro de cart\u00f3n troquelado con la forma del koala, ojos y nariz de pl\u00e1stico.<\/p>\n","protected":false},"excerpt":{"rendered":"<p>SUSAETA EDICIONES<\/p>\n","protected":false},"featured_media":1075951,"template":"","meta":{"_acf_changed":false,"om_disable_all_campaigns":false,"rs_blank_template":"","rs_page_bg_color":"","slide_template_v7":"","inline_featured_image":false,"_monsterinsights_skip_tracking":false,"_monsterinsights_sitenote_active":false,"_monsterinsights_sitenote_note":"","_monsterinsights_sitenote_category":0},"product_brand":[],"product_cat":[131,361],"product_tag":[],"class_list":{"0":"post-1075950","1":"product","2":"type-product","3":"status-publish","4":"has-post-thumbnail","6":"product_cat-contes-per-infants-0-6-anys","7":"product_cat-cuentos-para-ninos-0-6-anos","9":"first","10":"instock","11":"taxable","12":"shipping-taxable","13":"purchasable","14":"product-type-simple"},"acf":{"autor":"SUSAETA EDICIONES","codart":"841084822","libros-coleccion":"","ediciones":"1","encuadernacion":"Carpeta","fecha_de_publicacion":"01\/01\/2026","novedad":"1","paginas":"12","subtitulo":"","orden":"0","portada":"0","idioma":"spa","booktrailer":"","resenas":"","editorial":[{"ID":148846,"post_author":"3","post_date":"2022-10-14 12:01:27","post_date_gmt":"2022-10-14 10:01:27","post_content":"","post_title":"SUSAETA EDICIONES","post_excerpt":"","post_status":"publish","comment_status":"closed","ping_status":"closed","post_password":"","post_name":"susaeta-ediciones","to_ping":"","pinged":"","post_modified":"2022-10-14 12:01:27","post_modified_gmt":"2022-10-14 10:01:27","post_content_filtered":"","post_parent":0,"guid":"http:\/\/dev.claret.cat\/editorial\/susaeta-ediciones\/","menu_order":0,"post_type":"editorial","post_mime_type":"","comment_count":"0","filter":"raw"}]},"aioseo_notices":[],"_links":{"self":[{"href":"https:\/\/www.claret.cat\/es\/wp-json\/wp\/v2\/product\/1075950","targetHints":{"allow":["GET"]}}],"collection":[{"href":"https:\/\/www.claret.cat\/es\/wp-json\/wp\/v2\/product"}],"about":[{"href":"https:\/\/www.claret.cat\/es\/wp-json\/wp\/v2\/types\/product"}],"wp:featuredmedia":[{"embeddable":true,"href":"https:\/\/www.claret.cat\/es\/wp-json\/wp\/v2\/media\/1075951"}],"wp:attachment":[{"href":"https:\/\/www.claret.cat\/es\/wp-json\/wp\/v2\/media?parent=1075950"}],"wp:term":[{"taxonomy":"product_brand","embeddable":true,"href":"https:\/\/www.claret.cat\/es\/wp-json\/wp\/v2\/product_brand?post=1075950"},{"taxonomy":"product_cat","embeddable":true,"href":"https:\/\/www.claret.cat\/es\/wp-json\/wp\/v2\/product_cat?post=1075950"},{"taxonomy":"product_tag","embeddable":true,"href":"https:\/\/www.claret.cat\/es\/wp-json\/wp\/v2\/product_tag?post=1075950"}],"curies":[{"name":"wp","href":"https:\/\/api.w.org\/{rel}","templated":true}]}}