{"id":1075956,"date":"2026-01-22T13:00:47","date_gmt":"2026-01-22T12:00:47","guid":{"rendered":"https:\/\/www.claret.cat\/llibre\/per-que-preguntes-i-respostes-sobre-dinosaures-9788410848269\/"},"modified":"2026-02-26T18:15:13","modified_gmt":"2026-02-26T17:15:13","slug":"per-que-preguntes-i-respostes-sobre-dinosaures-9788410848269","status":"publish","type":"product","link":"https:\/\/www.claret.cat\/es\/libro\/per-que-preguntes-i-respostes-sobre-dinosaures-9788410848269\/","title":{"rendered":"PER QU\u00c8? PREGUNTES I RESPOSTES SOBRE DINOSAURES"},"content":{"rendered":"<p>No \u00e9s f\u00e0cil imaginar-se un m\u00f3n tan diferent del nostre on no existien la majoria d?esp\u00e8cies d?animals i de plantes que coneixem. En l?espai que ocupa la teva casa, la teva escola o la teva ciutat, en altres temps hi vivien animals que podien arribar a ser de la grand\u00e0ria dels autobusos.En aquest llibre hi ha representats centenars de dinosaures, reprodu\u00efts com els paleont\u00f2legs creuen que eren a partir dels f\u00f2ssils conservats.Mitjan\u00e7ant els diferents cap\u00edtols descobrir\u00e0s la hist\u00f2ria de la Terra, coneixer\u00e0s tot el que sabem dels dinosaures gr\u00e0cies a les investigacions dels paleont\u00f2legs i gaudir\u00e0s d?una presentaci\u00f3 detallada de les diferents esp\u00e8cies de dinosaures que van viure en cadascun dels grans per\u00edodes en qu\u00e8 van habitar la Terra juntament amb altres animals que hi van conviure.<\/p>\n","protected":false},"excerpt":{"rendered":"<p>EQUIPO SUSAETA<\/p>\n","protected":false},"featured_media":1075957,"template":"","meta":{"_acf_changed":false,"om_disable_all_campaigns":false,"rs_blank_template":"","rs_page_bg_color":"","slide_template_v7":"","inline_featured_image":false,"_monsterinsights_skip_tracking":false,"_monsterinsights_sitenote_active":false,"_monsterinsights_sitenote_note":"","_monsterinsights_sitenote_category":0},"product_brand":[],"product_cat":[132,362],"product_tag":[],"class_list":{"0":"post-1075956","1":"product","2":"type-product","3":"status-publish","4":"has-post-thumbnail","6":"product_cat-lectures-per-preadolescents-6-12-anys","7":"product_cat-libros-preadolescentes-6-12-anos","9":"first","10":"instock","11":"taxable","12":"shipping-taxable","13":"purchasable","14":"product-type-simple"},"acf":{"autor":"EQUIPO SUSAETA","codart":"841084826","libros-coleccion":"","ediciones":"1","encuadernacion":"R\u00fastica","fecha_de_publicacion":"01\/01\/2026","novedad":"1","paginas":"461","subtitulo":"","orden":"0","portada":"0","idioma":"spa","booktrailer":"","resenas":"","editorial":[{"ID":148846,"post_author":"3","post_date":"2022-10-14 12:01:27","post_date_gmt":"2022-10-14 10:01:27","post_content":"","post_title":"SUSAETA EDICIONES","post_excerpt":"","post_status":"publish","comment_status":"closed","ping_status":"closed","post_password":"","post_name":"susaeta-ediciones","to_ping":"","pinged":"","post_modified":"2022-10-14 12:01:27","post_modified_gmt":"2022-10-14 10:01:27","post_content_filtered":"","post_parent":0,"guid":"http:\/\/dev.claret.cat\/editorial\/susaeta-ediciones\/","menu_order":0,"post_type":"editorial","post_mime_type":"","comment_count":"0","filter":"raw"}]},"aioseo_notices":[],"_links":{"self":[{"href":"https:\/\/www.claret.cat\/es\/wp-json\/wp\/v2\/product\/1075956","targetHints":{"allow":["GET"]}}],"collection":[{"href":"https:\/\/www.claret.cat\/es\/wp-json\/wp\/v2\/product"}],"about":[{"href":"https:\/\/www.claret.cat\/es\/wp-json\/wp\/v2\/types\/product"}],"wp:featuredmedia":[{"embeddable":true,"href":"https:\/\/www.claret.cat\/es\/wp-json\/wp\/v2\/media\/1075957"}],"wp:attachment":[{"href":"https:\/\/www.claret.cat\/es\/wp-json\/wp\/v2\/media?parent=1075956"}],"wp:term":[{"taxonomy":"product_brand","embeddable":true,"href":"https:\/\/www.claret.cat\/es\/wp-json\/wp\/v2\/product_brand?post=1075956"},{"taxonomy":"product_cat","embeddable":true,"href":"https:\/\/www.claret.cat\/es\/wp-json\/wp\/v2\/product_cat?post=1075956"},{"taxonomy":"product_tag","embeddable":true,"href":"https:\/\/www.claret.cat\/es\/wp-json\/wp\/v2\/product_tag?post=1075956"}],"curies":[{"name":"wp","href":"https:\/\/api.w.org\/{rel}","templated":true}]}}