{"id":107599,"date":"2022-10-12T09:34:08","date_gmt":"2022-10-12T07:34:08","guid":{"rendered":"http:\/\/dev.claret.cat\/producte\/i-circulos-de-encuentro-marisa-moresco-acompanar-en-las-periferias\/"},"modified":"2023-01-28T14:58:13","modified_gmt":"2023-01-28T13:58:13","slug":"i-circulos-de-encuentro-marisa-moresco-acompanar-en-las-periferias-9788427727205","status":"publish","type":"product","link":"https:\/\/www.claret.cat\/es\/libro\/i-circulos-de-encuentro-marisa-moresco-acompanar-en-las-periferias-9788427727205\/","title":{"rendered":"I C\u00cdRCULOS DE ENCUENTRO MARISA MORESCO. ACOMPA\u00d1AR EN LAS PERIFERIAS"},"content":{"rendered":"<p>Los C\u00edrculos de encuentro llevan el nombre de Marisa Moresco como reconocimiento a su aportaci\u00f3n como acompa\u00f1ante y testigo, que se plasm\u00f3 en su decisi\u00f3n determinada y sostenida en el tiempo de generar vida, desde la confianza incondicional en Aquel que es la Vida y con la mediaci\u00f3n del acompa\u00f1amiento. Los C\u00edrculos tienen vocaci\u00f3n de encuentro entre distintas personas y colectivos vinculados por el acompa\u00f1amiento espiritual. Lo nuestro es crear espacios de intersecci\u00f3n, construir puentes que vinculen, tejer la diversidad, transitar por lugares conocidos recre\u00e1ndolos y por territorios nuevos que invitan a habitarlos. Estos primeros C\u00edrculos de encuentro se preguntan c\u00f3mo acompa\u00f1ar la vida en las periferias existenciales, creando espacios seguros en los que la Vida se acoge, se comparte y se despliega a favor de todos, especialmente de los m\u00e1s vulnerables. Quieren ser, tambi\u00e9n un homenaje a la persona de Marisa Moresco. Con este volumen se inicia la publicaci\u00f3n de las contribuciones de los C\u00edrculos de encuentro Marisa Moresco, impulsados por el equipo Ruaj.<\/p>\n","protected":false},"excerpt":{"rendered":"<p>ARRIETA OLMEDO, LOLA \/ EST\u00c9VEZ L\u00d3PEZ, ELISA<\/p>\n","protected":false},"featured_media":107600,"template":"","meta":{"_acf_changed":false,"om_disable_all_campaigns":false,"rs_blank_template":"","rs_page_bg_color":"","slide_template_v7":"","inline_featured_image":false,"_monsterinsights_skip_tracking":false,"_monsterinsights_sitenote_active":false,"_monsterinsights_sitenote_note":"","_monsterinsights_sitenote_category":0},"product_brand":[],"product_cat":[16],"product_tag":[],"class_list":{"0":"post-107599","1":"product","2":"type-product","3":"status-publish","4":"has-post-thumbnail","6":"product_cat-sense-categoria","8":"first","9":"instock","10":"taxable","11":"shipping-taxable","12":"purchasable","13":"product-type-simple"},"acf":{"editorial":[{"ID":6312,"post_author":"3","post_date":"2022-07-28 17:49:29","post_date_gmt":"2022-07-28 15:49:29","post_content":"","post_title":"NARCEA DE EDICIONES","post_excerpt":"","post_status":"publish","comment_status":"closed","ping_status":"closed","post_password":"","post_name":"narcea-de-ediciones","to_ping":"","pinged":"","post_modified":"2022-07-28 17:49:29","post_modified_gmt":"2022-07-28 15:49:29","post_content_filtered":"","post_parent":0,"guid":"http:\/\/dev.claret.cat\/editorial\/narcea-de-ediciones\/","menu_order":0,"post_type":"editorial","post_mime_type":"","comment_count":"0","filter":"raw"}],"autor":"ARRIETA OLMEDO, LOLA \/ EST\u00c9VEZ L\u00d3PEZ, ELISA","codart":"842772720","libros-coleccion":"FORA DE COL.LECCI\u00d3","ediciones":"1","encuadernacion":"R\u00fastica","fecha_de_publicacion":"01\/04\/2020","novedad":"1","paginas":"204","subtitulo":"ACOMPA\u00d1AR EN LAS PERIFERIAS EXISTENCIALES","orden":"0","portada":"0","idioma":"spa","autores-libros":[{"ID":162413,"post_author":"3","post_date":"2022-10-14 17:30:49","post_date_gmt":"2022-10-14 15:30:49","post_content":"","post_title":"LOLA ARRIETA OLMEDO","post_excerpt":"","post_status":"publish","comment_status":"closed","ping_status":"closed","post_password":"","post_name":"lola-arrieta-olmedo","to_ping":"","pinged":"","post_modified":"2022-10-14 17:30:49","post_modified_gmt":"2022-10-14 15:30:49","post_content_filtered":"","post_parent":0,"guid":"http:\/\/dev.claret.cat\/autor\/lola-arrieta-olmedo\/","menu_order":0,"post_type":"autor","post_mime_type":"","comment_count":"0","filter":"raw"},{"ID":154793,"post_author":"3","post_date":"2022-10-14 15:07:41","post_date_gmt":"2022-10-14 13:07:41","post_content":"","post_title":"ELISA EST\u00c9VEZ L\u00d3PEZ","post_excerpt":"","post_status":"publish","comment_status":"closed","ping_status":"closed","post_password":"","post_name":"elisa-estevez-lopez","to_ping":"","pinged":"","post_modified":"2022-10-14 15:07:41","post_modified_gmt":"2022-10-14 13:07:41","post_content_filtered":"","post_parent":0,"guid":"http:\/\/dev.claret.cat\/autor\/elisa-estevez-lopez\/","menu_order":0,"post_type":"autor","post_mime_type":"","comment_count":"0","filter":"raw"}]},"aioseo_notices":[],"_links":{"self":[{"href":"https:\/\/www.claret.cat\/es\/wp-json\/wp\/v2\/product\/107599","targetHints":{"allow":["GET"]}}],"collection":[{"href":"https:\/\/www.claret.cat\/es\/wp-json\/wp\/v2\/product"}],"about":[{"href":"https:\/\/www.claret.cat\/es\/wp-json\/wp\/v2\/types\/product"}],"wp:featuredmedia":[{"embeddable":true,"href":"https:\/\/www.claret.cat\/es\/wp-json\/wp\/v2\/media\/107600"}],"wp:attachment":[{"href":"https:\/\/www.claret.cat\/es\/wp-json\/wp\/v2\/media?parent=107599"}],"wp:term":[{"taxonomy":"product_brand","embeddable":true,"href":"https:\/\/www.claret.cat\/es\/wp-json\/wp\/v2\/product_brand?post=107599"},{"taxonomy":"product_cat","embeddable":true,"href":"https:\/\/www.claret.cat\/es\/wp-json\/wp\/v2\/product_cat?post=107599"},{"taxonomy":"product_tag","embeddable":true,"href":"https:\/\/www.claret.cat\/es\/wp-json\/wp\/v2\/product_tag?post=107599"}],"curies":[{"name":"wp","href":"https:\/\/api.w.org\/{rel}","templated":true}]}}