{"id":1076102,"date":"2026-01-22T13:41:42","date_gmt":"2026-01-22T12:41:42","guid":{"rendered":"https:\/\/www.claret.cat\/llibre\/animales-marinos-de-record-con-pegatinas-9788410846159\/"},"modified":"2026-02-28T11:50:16","modified_gmt":"2026-02-28T10:50:16","slug":"animales-marinos-de-record-con-pegatinas-9788410846159","status":"publish","type":"product","link":"https:\/\/www.claret.cat\/es\/libro\/animales-marinos-de-record-con-pegatinas-9788410846159\/","title":{"rendered":"ANIMALES MARINOS DE R\u00c9CORD CON PEGATINAS"},"content":{"rendered":"<p>\u00a1Sum\u00e9rgete en el incre\u00edble mundo de los r\u00e9cords de los animales marinos! Descubre los fascinantes secretos de las criaturas m\u00e1s asombrosas del oc\u00e9ano. Con este libro conocer\u00e1s a los gigantes del mar, a los nadadores m\u00e1s veloces y a los maestros del camuflaje. Aprende datos sorprendentes y usa las pegatinas para crear tus propias escenas submarinas. \u00a1Explora, juega y aprende en esta emocionante aventura bajo el mar!<\/p>\n","protected":false},"excerpt":{"rendered":"<p>YOMIKOKO<\/p>\n","protected":false},"featured_media":1076103,"template":"","meta":{"_acf_changed":false,"om_disable_all_campaigns":false,"rs_blank_template":"","rs_page_bg_color":"","slide_template_v7":"","inline_featured_image":false,"_monsterinsights_skip_tracking":false,"_monsterinsights_sitenote_active":false,"_monsterinsights_sitenote_note":"","_monsterinsights_sitenote_category":0},"product_brand":[],"product_cat":[131,361],"product_tag":[],"class_list":{"0":"post-1076102","1":"product","2":"type-product","3":"status-publish","4":"has-post-thumbnail","6":"product_cat-contes-per-infants-0-6-anys","7":"product_cat-cuentos-para-ninos-0-6-anos","9":"first","10":"instock","11":"taxable","12":"shipping-taxable","13":"purchasable","14":"product-type-simple"},"acf":{"autor":"YOMIKOKO","codart":"841084615","libros-coleccion":"","ediciones":"1","encuadernacion":"R\u00fastica","fecha_de_publicacion":"01\/01\/2026","novedad":"1","paginas":"20","subtitulo":"","orden":"0","portada":"0","idioma":"spa","booktrailer":"","resenas":"","editorial":[{"ID":148846,"post_author":"3","post_date":"2022-10-14 12:01:27","post_date_gmt":"2022-10-14 10:01:27","post_content":"","post_title":"SUSAETA EDICIONES","post_excerpt":"","post_status":"publish","comment_status":"closed","ping_status":"closed","post_password":"","post_name":"susaeta-ediciones","to_ping":"","pinged":"","post_modified":"2022-10-14 12:01:27","post_modified_gmt":"2022-10-14 10:01:27","post_content_filtered":"","post_parent":0,"guid":"http:\/\/dev.claret.cat\/editorial\/susaeta-ediciones\/","menu_order":0,"post_type":"editorial","post_mime_type":"","comment_count":"0","filter":"raw"}]},"aioseo_notices":[],"_links":{"self":[{"href":"https:\/\/www.claret.cat\/es\/wp-json\/wp\/v2\/product\/1076102","targetHints":{"allow":["GET"]}}],"collection":[{"href":"https:\/\/www.claret.cat\/es\/wp-json\/wp\/v2\/product"}],"about":[{"href":"https:\/\/www.claret.cat\/es\/wp-json\/wp\/v2\/types\/product"}],"wp:featuredmedia":[{"embeddable":true,"href":"https:\/\/www.claret.cat\/es\/wp-json\/wp\/v2\/media\/1076103"}],"wp:attachment":[{"href":"https:\/\/www.claret.cat\/es\/wp-json\/wp\/v2\/media?parent=1076102"}],"wp:term":[{"taxonomy":"product_brand","embeddable":true,"href":"https:\/\/www.claret.cat\/es\/wp-json\/wp\/v2\/product_brand?post=1076102"},{"taxonomy":"product_cat","embeddable":true,"href":"https:\/\/www.claret.cat\/es\/wp-json\/wp\/v2\/product_cat?post=1076102"},{"taxonomy":"product_tag","embeddable":true,"href":"https:\/\/www.claret.cat\/es\/wp-json\/wp\/v2\/product_tag?post=1076102"}],"curies":[{"name":"wp","href":"https:\/\/api.w.org\/{rel}","templated":true}]}}